{"id":948,"date":"2017-02-10T14:56:25","date_gmt":"2017-02-10T19:56:25","guid":{"rendered":"http:\/\/207.253.81.77\/?page_id=948"},"modified":"2022-11-15T11:44:32","modified_gmt":"2022-11-15T16:44:32","slug":"profil-de-votre-formateur","status":"publish","type":"page","link":"https:\/\/lagrandeecoledesaffaires.com\/index.php\/profil-de-votre-formateur\/","title":{"rendered":"Profil de votre formateur"},"content":{"rendered":"<p><img loading=\"lazy\" decoding=\"async\" class=\"size-full wp-image-990 alignright\" src=\"https:\/\/lagrandeecoledesaffaires.com\/wp-content\/uploads\/2017\/02\/GuyPare09-3001.jpg\" alt=\"\" width=\"300\" height=\"641\" srcset=\"https:\/\/lagrandeecoledesaffaires.com\/wp-content\/uploads\/2017\/02\/GuyPare09-3001.jpg 300w, https:\/\/lagrandeecoledesaffaires.com\/wp-content\/uploads\/2017\/02\/GuyPare09-3001-140x300.jpg 140w\" sizes=\"auto, (max-width: 300px) 100vw, 300px\" \/><\/p>\n<p>Capacit\u00e9 d&rsquo;\u00e9coute et d&rsquo;adaptation. Ayant form\u00e9 des milliers personnes en n\u00e9gociation &amp; n\u00e9goci\u00e9s plusieurs centaines de dossiers, conflits entre partenaires ou clients et fournisseurs majeurs. Ententes avec les instances gouvernementales, le tout m&rsquo;a donn\u00e9 une expertise des plus vastes et pointue.<br \/>\nN\u00e9gociation strat\u00e9gique, Courage manag\u00e9rial, Casser les silos pour gestion coop\u00e9rative, Leadership, Attitude sont dans mes expertises.<br \/>\nPlus de 30,000 abonn\u00e9s Linkedin et 40,000 La Grande \u00c9cole des Affaires.<br \/>\nConsid\u00e9rer l&rsquo;humain avant tout dans son cheminement.<br \/>\nFormation \u00e0 distance, Formation d&rsquo;une \u00e9quipe avec un objectif commun<br \/>\nVisiter www.lagrandeecoledesaffaires.com<br \/>\nMembre fondateur Fondation Paul Henri Levesque, Facult\u00e9 de psychologie Universit\u00e9 Laval.<br \/>\nCertification Attitude Client, Fondateur de CORPIQ (Corporation propri\u00e9taires immobiliers du Qu\u00e9bec), consultant de Florida First,\u00a0ex membre de: Association qu\u00e9b\u00e9coise de planification fiscale et successorale, International Real Estate Institute, Institut International de n\u00e9gociation, National Association of Home Builder of US. Comit\u00e9 consultatif statut des a\u00een\u00e9es Gouvernement Canadien.<br \/>\nImplantation Attitude Patient H\u00f4pital Hawkesbury qui s&rsquo;est vu d\u00e9cerner le titre de 2e meilleur h\u00f4pital<br \/>\nau Canada pour les soins de sant\u00e9 par Maclean, Journal, Le Droit, 27 ao\u00fbt 2019.<br \/>\nConseil du tr\u00e9sor. N\u00e9gociation et cassation de silos, Agence Spatiale canadienne Cassation de silos,<br \/>\nLKQ, MRC Abitibi Ouest, Villes La Sarre, Beloeil, Kuujjuaq,<br \/>\nAttitude Citoyen, Villes de Beaconsfield, Beloeil, La Sarre, Ch\u00e2teauguay ++<br \/>\nAccr\u00e9dit\u00e9 par la majorit\u00e9 des Ordres professionnels.<br \/>\nQuelques clients, MTQ, SNC, ETS, KCI M\u00e9dical, Jefo, Bayer, Aecon, G\u00e9nivar, Bombardier, Beauce Atlas, Proco, RioTinto, BRP, TetraTech, D\u00e9fense Canada, Desjardins, BN, Maibec, Pomerleau, Abbott, Couche-Tard, CISSS et Fujifilm soins de sant\u00e9.<br \/>\nAyant form\u00e9 25,000 personnes, dont 30% d&rsquo;ing\u00e9nieurs, charg\u00e9s de projet et pr\u00e9sidents d&rsquo;entreprises en N\u00e9gociation strat\u00e9gique, Gestion du changement, Courage manag\u00e9rial, etc.<br \/>\nMes activit\u00e9s personnelles sont la natation, le v\u00e9lo, le karat\u00e9, la course \u00e0 pied, le golf, le ski, l&rsquo;escalade, la lecture, la m\u00e9ditation. Membre au Mus\u00e9e national des beaux-arts du Qu\u00e9bec.<br \/>\nVoir entrevue Radio Canada, Attitude Client, un investissement qui vous permettra d&rsquo;augmenter vos r\u00e9sultats. Appelez-moi pour un conseil judicieux en toute confidentialit\u00e9<br \/>\nRaymond Guy, votre partenaire de croissance! 514 212-5763<\/p>\n<p><span style=\"color: #008080;\"><em><strong>Les comp\u00e9tences humaines pr\u00e9vaudront sur les comp\u00e9tences purement techniques. Cr\u00e9ez un \u00e9tat d&rsquo;esprit qui vous permet de transformer vos d\u00e9fis en opportunit\u00e9s. L&rsquo;avenir est pour les esprits agiles.<\/strong><\/em><\/span><\/p>\n","protected":false},"excerpt":{"rendered":"<p>Capacit\u00e9 d&rsquo;\u00e9coute et d&rsquo;adaptation. Ayant form\u00e9 des milliers personnes en n\u00e9gociation &amp; n\u00e9goci\u00e9s plusieurs centaines de dossiers, conflits entre partenaires ou clients et fournisseurs majeurs. Ententes avec les instances gouvernementales, le tout m&rsquo;a donn\u00e9 une expertise des plus vastes et pointue. N\u00e9gociation strat\u00e9gique, Courage manag\u00e9rial, Casser les silos pour gestion coop\u00e9rative, Leadership, Attitude sont dans&hellip;&nbsp;<\/p>\n","protected":false},"author":1,"featured_media":0,"parent":0,"menu_order":0,"comment_status":"closed","ping_status":"closed","template":"","meta":{"neve_meta_sidebar":"","neve_meta_container":"","neve_meta_enable_content_width":"","neve_meta_content_width":0,"neve_meta_title_alignment":"","neve_meta_author_avatar":"","neve_post_elements_order":"","neve_meta_disable_header":"","neve_meta_disable_footer":"","neve_meta_disable_title":"","footnotes":""},"class_list":["post-948","page","type-page","status-publish","hentry"],"_links":{"self":[{"href":"https:\/\/lagrandeecoledesaffaires.com\/index.php\/wp-json\/wp\/v2\/pages\/948","targetHints":{"allow":["GET"]}}],"collection":[{"href":"https:\/\/lagrandeecoledesaffaires.com\/index.php\/wp-json\/wp\/v2\/pages"}],"about":[{"href":"https:\/\/lagrandeecoledesaffaires.com\/index.php\/wp-json\/wp\/v2\/types\/page"}],"author":[{"embeddable":true,"href":"https:\/\/lagrandeecoledesaffaires.com\/index.php\/wp-json\/wp\/v2\/users\/1"}],"replies":[{"embeddable":true,"href":"https:\/\/lagrandeecoledesaffaires.com\/index.php\/wp-json\/wp\/v2\/comments?post=948"}],"version-history":[{"count":29,"href":"https:\/\/lagrandeecoledesaffaires.com\/index.php\/wp-json\/wp\/v2\/pages\/948\/revisions"}],"predecessor-version":[{"id":6581,"href":"https:\/\/lagrandeecoledesaffaires.com\/index.php\/wp-json\/wp\/v2\/pages\/948\/revisions\/6581"}],"wp:attachment":[{"href":"https:\/\/lagrandeecoledesaffaires.com\/index.php\/wp-json\/wp\/v2\/media?parent=948"}],"curies":[{"name":"wp","href":"https:\/\/api.w.org\/{rel}","templated":true}]}}