{"id":761,"date":"2017-02-02T10:48:01","date_gmt":"2017-02-02T15:48:01","guid":{"rendered":"http:\/\/207.253.81.77\/?page_id=761"},"modified":"2025-11-19T15:04:21","modified_gmt":"2025-11-19T20:04:21","slug":"formation-adjointe-de-direction","status":"publish","type":"page","link":"https:\/\/lagrandeecoledesaffaires.com\/index.php\/formation-adjointe-de-direction\/","title":{"rendered":"Formation Adjoint\/Adjointe Administrative &#038; direction"},"content":{"rendered":"<div id=\"pl-761\"  class=\"panel-layout\" ><div id=\"pg-761-0\"  class=\"panel-grid panel-no-style\" ><div id=\"pgc-761-0-0\"  class=\"panel-grid-cell\" ><div id=\"panel-761-0-0-0\" class=\"so-panel widget widget_sow-editor panel-first-child\" data-index=\"0\" ><div\n\t\t\t\n\t\t\tclass=\"so-widget-sow-editor so-widget-sow-editor-base\"\n\t\t\t\n\t\t>\n<div class=\"siteorigin-widget-tinymce textwidget\">\n\t<h2><b>L'Adjoint(e) : Votre Partenaire Strat\u00e9gique et D\u00e9cisionnel(le)<\/b><\/h2>\n<p data-path-to-node=\"4\"><span class=\"txtImportant\">Cette formation intensive est sp\u00e9cifiquement con\u00e7ue pour transformer les adjoint(e)s administratif(ves) et de direction en collaborateur(rice)s d\u00e9cisionnel(le)s indispensables. La journ\u00e9e de formation vise \u00e0 transmettre des principes de gestion avanc\u00e9s, permettant aux participant(e)s de seconder efficacement le processus d\u00e9cisionnel et de devenir le bras droit et gauche strat\u00e9gique de leur sup\u00e9rieur(e). <b>Investir dans cette formation, c'est investir directement dans la performance et la carri\u00e8re de la direction.<\/b><\/span><\/p>\n<h2><b>D\u00e9velopper l'Expertise au C\u0153ur du Succ\u00e8s Organisationnel<\/b><\/h2>\n<p data-path-to-node=\"6\">Dans un environnement professionnel en constante \u00e9volution, le <b>savoir-\u00eatre et le savoir-faire<\/b> font toute la diff\u00e9rence. La comp\u00e9titivit\u00e9 et l'expertise d'une organisation reposent intrins\u00e8quement sur les comp\u00e9tences de ses collaborateur(rice)s. Notre programme, enrichissant et adapt\u00e9 au contexte actuel, met l'accent sur le d\u00e9veloppement d'habilet\u00e9s cl\u00e9s : <b>cr\u00e9ativit\u00e9, initiative, confiance, adaptation et fluidit\u00e9 dans l'ex\u00e9cution des t\u00e2ches.<\/b> Cette expertise permet aux adjoint(e)s de ma\u00eetriser la communication, l'organisation et la gestion pour un soutien optimis\u00e9 de la direction. Savoir collaborer en \u00e9quipe avec son adjoint(e) pour s'adapter aux diff\u00e9rents d\u00e9fis est d\u00e9sormais un atout majeur.<\/p>\n<\/div>\n<\/div><\/div><div id=\"panel-761-0-0-1\" class=\"so-panel widget widget_sow-editor\" data-index=\"1\" ><div class=\"so-rounded panel-widget-style panel-widget-style-for-761-0-0-1\" ><div\n\t\t\t\n\t\t\tclass=\"so-widget-sow-editor so-widget-sow-editor-base\"\n\t\t\t\n\t\t>\n<div class=\"siteorigin-widget-tinymce textwidget\">\n\t<h2>Avantages Cl\u00e9s de la Formation<\/h2>\n<ul data-path-to-node=\"15\">\n<li>\n<p data-path-to-node=\"15,0,0\"><b>Devenir un(e) Partenaire D\u00e9cisionnel(le) :<\/b> Renforcer son r\u00f4le dans la prise de d\u00e9cision strat\u00e9gique.<\/p>\n<\/li>\n<li>\n<p data-path-to-node=\"15,1,0\"><b>Optimiser l'Efficacit\u00e9 de la Direction :<\/b> Soutenir plus efficacement le\/la gestionnaire en devenant son v\u00e9ritable bras droit et gauche.<\/p>\n<\/li>\n<li>\n<p data-path-to-node=\"15,2,0\"><b>Acqu\u00e9rir des Comp\u00e9tences de Gestion Avanc\u00e9es :<\/b> Ma\u00eetriser l'organisation, la planification, la gestion des priorit\u00e9s et l'organisation d'\u00e9v\u00e9nements.<\/p>\n<\/li>\n<li>\n<p data-path-to-node=\"15,3,0\"><b>Am\u00e9liorer la Communication et la Collaboration :<\/b> Devenir une excellente communicatrice et d\u00e9velopper des habilet\u00e9s pour g\u00e9rer les personnalit\u00e9s difficiles et susciter la persuasion.<\/p>\n<\/li>\n<li>\n<p data-path-to-node=\"15,4,0\"><b>D\u00e9veloppement Professionnel Reconnu :<\/b> Obtention d'une attestation d'\u00e9tudes reconnue par Emploi Qu\u00e9bec et par la majorit\u00e9 des Ordres professionnels (Unit\u00e9s de Formation Continue - UFC).<\/p>\n<\/li>\n<li>\n<p data-path-to-node=\"15,5,0\"><b>Renforcer l'Esprit d'\u00c9quipe :<\/b> Cr\u00e9er un renforcement de l'esprit d'\u00e9quipe et de collaboration durable entre l'adjoint(e) et la direction.<\/p>\n<\/li>\n<\/ul>\n<\/div>\n<\/div><\/div><\/div><div id=\"panel-761-0-0-2\" class=\"so-panel widget widget_sow-editor panel-last-child\" data-index=\"2\" ><div\n\t\t\t\n\t\t\tclass=\"so-widget-sow-editor so-widget-sow-editor-base\"\n\t\t\t\n\t\t>\n<div class=\"siteorigin-widget-tinymce textwidget\">\n\t<h2>R\u00e9sum\u00e9 de la Formation<\/h2>\n<h3><b>Le R\u00f4le Strat\u00e9gique et l'Objectif Principal<\/b><\/h3>\n<p data-path-to-node=\"10\">Cette formation pour Adjoint(e) Administratif(ve) et de Direction a pour objectif fondamental de propulser les participant(e)s du r\u00f4le de soutien administratif \u00e0 celui de <b>partenaire strat\u00e9gique et d\u00e9cisionnel(le)<\/b>. En transmettant des principes de gestion avanc\u00e9s et des outils pratiques, le programme permet \u00e0 l'adjoint(e) de renforcer son influence dans le processus d\u00e9cisionnel et de devenir une ressource indispensable pour son\/sa gestionnaire. Le contenu est centr\u00e9 sur des comp\u00e9tences essentielles telles que l'initiative, l'adaptation et l'am\u00e9lioration de la fluidit\u00e9 op\u00e9rationnelle, reconnaissant ainsi que la performance de l'organisation est directement li\u00e9e \u00e0 l'expertise de ses adjoint(e)s.<\/p>\n<h3><b>Les Comp\u00e9tences et les Modalit\u00e9s<\/b><\/h3>\n<p data-path-to-node=\"12\">Le programme est structur\u00e9 autour de l'acquisition de savoir-faire et de savoir-\u00eatre cruciaux, couvrant des domaines allant de l'organisation et la planification des activit\u00e9s administratives \u00e0 la gestion des priorit\u00e9s, des personnalit\u00e9s difficiles, et des \u00e9motions. Il enseigne \u00e9galement comment adopter des comportements qui suscitent la collaboration et la persuasion. Disponible en <b>vid\u00e9oconf\u00e9rence<\/b> ou en <b>pr\u00e9sentiel<\/b> adapt\u00e9 \u00e0 l'entreprise, la formation est reconnue par Emploi Qu\u00e9bec et plusieurs ordres professionnels, offrant une attestation d'\u00e9tudes valoris\u00e9e. Il est m\u00eame sugg\u00e9r\u00e9 aux adjoint(e)s de venir avec leur sup\u00e9rieur(e) pour maximiser les b\u00e9n\u00e9fices et renforcer l'esprit d'\u00e9quipe.<\/p>\n<\/div>\n<\/div><\/div><\/div><div id=\"pgc-761-0-1\"  class=\"panel-grid-cell\" ><div id=\"panel-761-0-1-0\" class=\"so-panel widget widget_sow-editor panel-first-child\" data-index=\"3\" ><div\n\t\t\t\n\t\t\tclass=\"so-widget-sow-editor so-widget-sow-editor-base\"\n\t\t\t\n\t\t>\n<div class=\"siteorigin-widget-tinymce textwidget\">\n\t<p><img loading=\"lazy\" decoding=\"async\" class=\"alignleft size-full wp-image-10171\" src=\"https:\/\/lagrandeecoledesaffaires.com\/wp-content\/uploads\/2025\/11\/adjointe-admin-rection.png\" alt=\"\" width=\"1024\" height=\"748\" srcset=\"https:\/\/lagrandeecoledesaffaires.com\/wp-content\/uploads\/2025\/11\/adjointe-admin-rection.png 1024w, https:\/\/lagrandeecoledesaffaires.com\/wp-content\/uploads\/2025\/11\/adjointe-admin-rection-300x219.png 300w, https:\/\/lagrandeecoledesaffaires.com\/wp-content\/uploads\/2025\/11\/adjointe-admin-rection-768x561.png 768w\" sizes=\"auto, (max-width: 1024px) 100vw, 1024px\" \/><\/p>\n<\/div>\n<\/div><\/div><div id=\"panel-761-0-1-1\" class=\"so-panel widget widget_sow-editor\" data-index=\"4\" ><div\n\t\t\t\n\t\t\tclass=\"so-widget-sow-editor so-widget-sow-editor-base\"\n\t\t\t\n\t\t>\n<div class=\"siteorigin-widget-tinymce textwidget\">\n\t<div id='event_wrapper'><div id='event_search_code' style='display:none;' data='category_identifier=adjointe-dadministration-1486057158&css_class=&event_category_id=&staff_id=&allow_override=0&show_expired=false&show_secondary=false&show_deleted=false&show_recurrence=true&limit=0&order_by=NULL&sort=&events_per_page=50&num_page_links_to_display=10&exclude_closed_events=false'><\/div><div id='event_container_pagination' ><div id='event_content' class='event_content'><div id=\"event_data-593\" class=\"event_data  adjointe-dadministration-1486057158 event-data-display event-list-display event-display-boxes ui-widget\">\n\t<h3 id=\"event_title-593\" class=\"event_title ui-widget-header ui-corner-top\"><a title=\"\u00c0 DISTANCE - Formation Adjointe d'administration & direction\" class=\"a_event_title\" id=\"a_event_title-593\" href=\"https:\/\/lagrandeecoledesaffaires.com\/index.php\/calendrier\/?ee=593\">\u00c0 DISTANCE - Formation Adjointe d'administration & direction<\/a>\n\t\t\t\t\t\t\t\t\t\t\t\t\t\t\t\t\t\t\t<\/h3>\n<div class=\"event-data-display ui-widget-content ui-corner-bottom\">\n\t\t\t\t\t\t\t\t\t\t\t<div class=\"event-desc\">\n\t\t\n\t\t\t<p>1 jour de 9 h \u00e0 11 h 30 et de 13 h \u00e0 15 h 30<\/p>\n\t\t<\/div>\n\t\t\t<div class=\"event-meta clearfix\">\n\t\t<p id=\"p_event_price-593\" class=\"event_price\"><span class=\"section-title\">Prix : <\/span> C$399.00<\/p>\t\t<p id=\"event_date-593\"><span class=\"section-title\">Date : <\/span>  27 avril 2026 \n\t\t\t<a  href=\"https:\/\/lagrandeecoledesaffaires.com?iCal=true&amp;current_year=2026&amp;current_month=04&amp;current_day=20&amp;current_time=120945&amp;event_id=593&amp;ee_reg_id=53876963246dedb320f96f02c9b8520c-69e64fc915f5e0.50510258&amp;contact_email=info@lagrandeecoledesaffaires.com&amp;start_year=2026&amp;start_month=04&amp;start_day=27&amp;start_time=105100&amp;end_year=2026&amp;end_month=04&amp;end_day=27&amp;end_time=105100&amp;event_summary=\u00c0 DISTANCE - Formation Adjointe d'administration &amp; direction&amp;ee_reg_url=https:\/\/lagrandeecoledesaffaires.com\/index.php\/calendrier\/?ee=593&amp;site_url=https:\/\/lagrandeecoledesaffaires.com&amp;organization=La Grande \u00c9cole des affaires&amp;location\" id=\"espresso_ical_593\" class=\"espresso_ical_link\" title=\"Import au format iCal\"><img decoding=\"async\" src=\"https:\/\/lagrandeecoledesaffaires.com\/wp-content\/plugins\/event-espresso\/images\/icons\/calendar_link.png\"><\/a>\t\t<\/p>\n\t<\/div>\n\n\t <p id=\"available_spaces-593\" class=\"spaces-available\"><span class=\"section-title\">Places disponibles pour cet \u00e9v\u00e9nement :<\/span> 18<\/p>\n\t\t\t\t\t\t\t<p id=\"register_link-593\" class=\"register-link-footer\">\n\t\t\t\t\t<a class=\"a_register_link ui-button ui-button-big ui-priority-primary ui-state-default ui-state-hover ui-state-focus ui-corner-all\" id=\"a_register_link-593\" href=\"https:\/\/lagrandeecoledesaffaires.com\/index.php\/calendrier\/?ee=593\" title=\"\u00c0 DISTANCE - Formation Adjointe d'administration & direction\">R\u00e9server en ligne<\/a>\n\t\t\t\t\t\t\t\t\t<\/p>\n\t\t\n<\/div><!-- \/ .event-data-display -->\n<\/div><!-- \/ .event-display-boxes -->\n<div id=\"event_data-597\" class=\"event_data  adjointe-dadministration-1486057158 event-data-display event-list-display event-display-boxes ui-widget\">\n\t<h3 id=\"event_title-597\" class=\"event_title ui-widget-header ui-corner-top\"><a title=\"\u00c0 DISTANCE - Formation Adjointe d'administration & direction\" class=\"a_event_title\" id=\"a_event_title-597\" href=\"https:\/\/lagrandeecoledesaffaires.com\/index.php\/calendrier\/?ee=597\">\u00c0 DISTANCE - Formation Adjointe d'administration & direction<\/a>\n\t\t\t\t\t\t\t\t\t\t\t\t\t\t\t\t\t\t\t<\/h3>\n<div class=\"event-data-display ui-widget-content ui-corner-bottom\">\n\t\t\t\t\t\t\t\t\t\t\t<div class=\"event-desc\">\n\t\t\n\t\t\t<p>1 jour de 9 h \u00e0 11 h 30 et de 13 h \u00e0 15 h 30<\/p>\n\t\t<\/div>\n\t\t\t<div class=\"event-meta clearfix\">\n\t\t<p id=\"p_event_price-597\" class=\"event_price\"><span class=\"section-title\">Prix : <\/span> C$399.00<\/p>\t\t<p id=\"event_date-597\"><span class=\"section-title\">Date : <\/span>  27 mai 2026 \n\t\t\t<a  href=\"https:\/\/lagrandeecoledesaffaires.com?iCal=true&amp;current_year=2026&amp;current_month=04&amp;current_day=20&amp;current_time=120945&amp;event_id=597&amp;ee_reg_id=53876963246dedb320f96f02c9b8520c-69e64fc915f5e0.50510258&amp;contact_email=info@lagrandeecoledesaffaires.com&amp;start_year=2026&amp;start_month=05&amp;start_day=27&amp;start_time=120000&amp;end_year=2026&amp;end_month=05&amp;end_day=27&amp;end_time=210000&amp;event_summary=\u00c0 DISTANCE - Formation Adjointe d'administration &amp; direction&amp;ee_reg_url=https:\/\/lagrandeecoledesaffaires.com\/index.php\/calendrier\/?ee=597&amp;site_url=https:\/\/lagrandeecoledesaffaires.com&amp;organization=La Grande \u00c9cole des affaires&amp;location\" id=\"espresso_ical_597\" class=\"espresso_ical_link\" title=\"Import au format iCal\"><img decoding=\"async\" src=\"https:\/\/lagrandeecoledesaffaires.com\/wp-content\/plugins\/event-espresso\/images\/icons\/calendar_link.png\"><\/a>\t\t<\/p>\n\t<\/div>\n\n\t <p id=\"available_spaces-597\" class=\"spaces-available\"><span class=\"section-title\">Places disponibles pour cet \u00e9v\u00e9nement :<\/span> 17<\/p>\n\t\t\t\t\t\t\t<p id=\"register_link-597\" class=\"register-link-footer\">\n\t\t\t\t\t<a class=\"a_register_link ui-button ui-button-big ui-priority-primary ui-state-default ui-state-hover ui-state-focus ui-corner-all\" id=\"a_register_link-597\" href=\"https:\/\/lagrandeecoledesaffaires.com\/index.php\/calendrier\/?ee=597\" title=\"\u00c0 DISTANCE - Formation Adjointe d'administration & direction\">R\u00e9server en ligne<\/a>\n\t\t\t\t\t\t\t\t\t<\/p>\n\t\t\n<\/div><!-- \/ .event-data-display -->\n<\/div><!-- \/ .event-display-boxes -->\n<div id=\"event_data-598\" class=\"event_data  adjointe-dadministration-1486057158 event-data-display event-list-display event-display-boxes ui-widget\">\n\t<h3 id=\"event_title-598\" class=\"event_title ui-widget-header ui-corner-top\"><a title=\"\u00c0 DISTANCE - Formation Adjointe d'administration & direction\" class=\"a_event_title\" id=\"a_event_title-598\" href=\"https:\/\/lagrandeecoledesaffaires.com\/index.php\/calendrier\/?ee=598\">\u00c0 DISTANCE - Formation Adjointe d'administration & direction<\/a>\n\t\t\t\t\t\t\t\t\t\t\t\t\t\t\t\t\t\t\t<\/h3>\n<div class=\"event-data-display ui-widget-content ui-corner-bottom\">\n\t\t\t\t\t\t\t\t\t\t\t<div class=\"event-desc\">\n\t\t\n\t\t\t<p>1 jour de 9 h \u00e0 11 h 30 et de 13 h \u00e0 15 h 30<\/p>\n\t\t<\/div>\n\t\t\t<div class=\"event-meta clearfix\">\n\t\t<p id=\"p_event_price-598\" class=\"event_price\"><span class=\"section-title\">Prix : <\/span> C$399.00<\/p>\t\t<p id=\"event_date-598\"><span class=\"section-title\">Date : <\/span>  29 juin 2026 \n\t\t\t<a  href=\"https:\/\/lagrandeecoledesaffaires.com?iCal=true&amp;current_year=2026&amp;current_month=04&amp;current_day=20&amp;current_time=120945&amp;event_id=598&amp;ee_reg_id=53876963246dedb320f96f02c9b8520c-69e64fc915f5e0.50510258&amp;contact_email=info@lagrandeecoledesaffaires.com&amp;start_year=2026&amp;start_month=06&amp;start_day=29&amp;start_time=120000&amp;end_year=2026&amp;end_month=06&amp;end_day=29&amp;end_time=210000&amp;event_summary=\u00c0 DISTANCE - Formation Adjointe d'administration &amp; direction&amp;ee_reg_url=https:\/\/lagrandeecoledesaffaires.com\/index.php\/calendrier\/?ee=598&amp;site_url=https:\/\/lagrandeecoledesaffaires.com&amp;organization=La Grande \u00c9cole des affaires&amp;location\" id=\"espresso_ical_598\" class=\"espresso_ical_link\" title=\"Import au format iCal\"><img decoding=\"async\" src=\"https:\/\/lagrandeecoledesaffaires.com\/wp-content\/plugins\/event-espresso\/images\/icons\/calendar_link.png\"><\/a>\t\t<\/p>\n\t<\/div>\n\n\t <p id=\"available_spaces-598\" class=\"spaces-available\"><span class=\"section-title\">Places disponibles pour cet \u00e9v\u00e9nement :<\/span> 18<\/p>\n\t\t\t\t\t\t\t<p id=\"register_link-598\" class=\"register-link-footer\">\n\t\t\t\t\t<a class=\"a_register_link ui-button ui-button-big ui-priority-primary ui-state-default ui-state-hover ui-state-focus ui-corner-all\" id=\"a_register_link-598\" href=\"https:\/\/lagrandeecoledesaffaires.com\/index.php\/calendrier\/?ee=598\" title=\"\u00c0 DISTANCE - Formation Adjointe d'administration & direction\">R\u00e9server en ligne<\/a>\n\t\t\t\t\t\t\t\t\t<\/p>\n\t\t\n<\/div><!-- \/ .event-data-display -->\n<\/div><!-- \/ .event-display-boxes -->\n<\/div><\/div><\/div>\n<p>&nbsp;<\/p>\n<p><a class=\"button\" href=\"https:\/\/lagrandeecoledesaffaires.com\/index.php\/en-entreprise\/\">Formation en entreprise disponible<\/a><\/p>\n<\/div>\n<\/div><\/div><div id=\"panel-761-0-1-2\" class=\"so-panel widget widget_sow-editor\" data-index=\"5\" ><div\n\t\t\t\n\t\t\tclass=\"so-widget-sow-editor so-widget-sow-editor-base\"\n\t\t\t\n\t\t>\n<div class=\"siteorigin-widget-tinymce textwidget\">\n\t<h2><\/h2>\n<h2>Cette formation vous int\u00e9resse ?<br \/>\nContactez-nous<\/h2>\n<\/div>\n<\/div><\/div><div id=\"panel-761-0-1-3\" class=\"so-panel widget widget_sow-contact-form panel-last-child\" data-index=\"6\" ><div\n\t\t\t\n\t\t\tclass=\"so-widget-sow-contact-form so-widget-sow-contact-form-default-27da056a8e04-761\"\n\t\t\t\n\t\t>\t<form\n\t\taction=\"\/index.php\/wp-json\/wp\/v2\/pages\/761\"\n\t\tmethod=\"POST\"\n\t\tclass=\"sow-contact-form\"\n\t\tid=\"contact-form-83a5\"\n\t>\n\n\t\t\n\t\t            <p><em>Les champs marqu\u00e9s d\u2019un * sont obligatoires<\/em><\/p>\n\t\t\t\t\t\t<div class=\"sow-form-field sow-form-field-name\">\n\t\t\t\t\t\t\t\t<div class=\"sow-field-container\">\n\t\t\t\t\t\t\t<input\n\t\t\ttype=\"text\"\n\t\t\tname=\"votre-nom-1\"\n\t\t\tid=\"sow-contact-form-field-votre-nom-1\"\n\t\t\tvalue=\"\"\n\t\t\tclass=\"sow-text-field\"\n\t\t\tplaceholder=\"Votre nom*\"\t\t\t\t\t\/>\n\t\t\t\t\t\t<\/div>\n\t\t\t\t\t\t\t<\/div>\n\t\t\t\t\t\t<div class=\"sow-form-field sow-form-field-email\">\n\t\t\t\t\t\t\t\t<div class=\"sow-field-container\">\n\t\t\t\t\t\t\t<input\n\t\t\ttype=\"email\"\n\t\t\tname=\"votre-adresse-de-messagerie-1\"\n\t\t\tid=\"sow-contact-form-field-votre-adresse-de-messagerie-1\"\n\t\t\tvalue=\"\"\n\t\t\tclass=\"sow-text-field\"placeholder=\"Votre adresse de messagerie*\"\t\t\t\t\t\t\t\t\/>\n\t\t\t\t\t\t<\/div>\n\t\t\t\t\t\t\t<\/div>\n\t\t\t\t\t\t<div class=\"sow-form-field sow-form-field-textarea\">\n\t\t\t\t\t\t\t\t<div class=\"sow-field-container\">\n\t\t\t\t\t\t\t<textarea\n\t\t\tname=\"message-1\"\n\t\t\tid=\"sow-contact-form-field-message-1\"\n\t\t\trows=\"10\"\n\t\t\tplaceholder=\"Message*\"\t\t\t\t\t><\/textarea>\n\t\t\t\t\t\t<\/div>\n\t\t\t\t\t\t\t<\/div>\n\t\t\t\n\t\t\n\t\t<div class=\"sow-submit-wrapper \n\t\tsow-submit-styled\t\t\">\n\n\t\t\t<button\n\t\t\t\ttype=\"submit\"\n\t\t\t\tclass=\"sow-submit\n\t\t\t\t\t\t\t\t\"\n\t\t\t\t\t\t\t>\n\t\t\t\tContactez-nous\t\t\t<\/button>\n\t\t<\/div>\n\t\t\t\t<input\n\t\t\ttype=\"hidden\"\n\t\t\tname=\"instance_hash-1\"\n\t\t\tvalue=\"83a55366\"\n\t\t\/>\n\n\t\t<input type=\"hidden\" id=\"_wpnonce\" name=\"_wpnonce\" value=\"2ffb9885ef\" \/><input type=\"hidden\" name=\"_wp_http_referer\" value=\"\/index.php\/wp-json\/wp\/v2\/pages\/761\" \/>\t<\/form>\n\t<\/div><\/div><\/div><\/div><\/div>","protected":false},"excerpt":{"rendered":"<p>L&rsquo;Adjoint(e) : Votre Partenaire Strat\u00e9gique et D\u00e9cisionnel(le) Cette formation intensive est sp\u00e9cifiquement con\u00e7ue pour transformer les adjoint(e)s administratif(ves) et de direction en collaborateur(rice)s d\u00e9cisionnel(le)s indispensables. La journ\u00e9e de formation vise \u00e0 transmettre des principes de gestion avanc\u00e9s, permettant aux participant(e)s de seconder efficacement le processus d\u00e9cisionnel et de devenir le bras droit et gauche strat\u00e9gique&hellip;&nbsp;<\/p>\n","protected":false},"author":1,"featured_media":10171,"parent":0,"menu_order":0,"comment_status":"closed","ping_status":"closed","template":"","meta":{"neve_meta_sidebar":"","neve_meta_container":"","neve_meta_enable_content_width":"off","neve_meta_content_width":100,"neve_meta_title_alignment":"","neve_meta_author_avatar":"","neve_post_elements_order":"","neve_meta_disable_header":"","neve_meta_disable_footer":"","neve_meta_disable_title":"","footnotes":""},"class_list":["post-761","page","type-page","status-publish","has-post-thumbnail","hentry"],"_links":{"self":[{"href":"https:\/\/lagrandeecoledesaffaires.com\/index.php\/wp-json\/wp\/v2\/pages\/761","targetHints":{"allow":["GET"]}}],"collection":[{"href":"https:\/\/lagrandeecoledesaffaires.com\/index.php\/wp-json\/wp\/v2\/pages"}],"about":[{"href":"https:\/\/lagrandeecoledesaffaires.com\/index.php\/wp-json\/wp\/v2\/types\/page"}],"author":[{"embeddable":true,"href":"https:\/\/lagrandeecoledesaffaires.com\/index.php\/wp-json\/wp\/v2\/users\/1"}],"replies":[{"embeddable":true,"href":"https:\/\/lagrandeecoledesaffaires.com\/index.php\/wp-json\/wp\/v2\/comments?post=761"}],"version-history":[{"count":83,"href":"https:\/\/lagrandeecoledesaffaires.com\/index.php\/wp-json\/wp\/v2\/pages\/761\/revisions"}],"predecessor-version":[{"id":10173,"href":"https:\/\/lagrandeecoledesaffaires.com\/index.php\/wp-json\/wp\/v2\/pages\/761\/revisions\/10173"}],"wp:featuredmedia":[{"embeddable":true,"href":"https:\/\/lagrandeecoledesaffaires.com\/index.php\/wp-json\/wp\/v2\/media\/10171"}],"wp:attachment":[{"href":"https:\/\/lagrandeecoledesaffaires.com\/index.php\/wp-json\/wp\/v2\/media?parent=761"}],"curies":[{"name":"wp","href":"https:\/\/api.w.org\/{rel}","templated":true}]}}