{"id":756,"date":"2017-02-02T10:36:35","date_gmt":"2017-02-02T15:36:35","guid":{"rendered":"http:\/\/207.253.81.77\/?page_id=756"},"modified":"2025-12-16T11:02:28","modified_gmt":"2025-12-16T16:02:28","slug":"formation-j-ai-l-attitude-patient-collegue","status":"publish","type":"page","link":"https:\/\/lagrandeecoledesaffaires.com\/index.php\/formation-j-ai-l-attitude-patient-collegue\/","title":{"rendered":"Formation Attitude patient\/coll\u00e8gue"},"content":{"rendered":"<div id=\"pl-756\"  class=\"panel-layout\" ><div id=\"pg-756-0\"  class=\"panel-grid panel-no-style\" ><div id=\"pgc-756-0-0\"  class=\"panel-grid-cell\" ><div id=\"panel-756-0-0-0\" class=\"so-panel widget widget_sow-editor panel-first-child\" data-index=\"0\" ><div\n\t\t\t\n\t\t\tclass=\"so-widget-sow-editor so-widget-sow-editor-base\"\n\t\t\t\n\t\t>\n<div class=\"siteorigin-widget-tinymce textwidget\">\n\t<h2 data-path-to-node=\"2\">Le Virage Humain de l'Excellence en Soins<\/h2>\n<p data-path-to-node=\"3\"><span class=\"txtImportant\">Donnez \u00e0 votre \u00e9tablissement les fondations d'une culture d'excellence o\u00f9 <b>bienveillance et performance<\/b> vont de pair. La formation \u00ab Attitude Patient &amp; Coll\u00e8gue \u00bb est le catalyseur d'une transformation strat\u00e9gique visant \u00e0 optimiser l'exp\u00e9rience de soin et l'environnement de travail.<\/span><\/p>\n<p data-path-to-node=\"4\">L'<b>attitude<\/b>, d\u00e9finie comme notre disposition d'esprit et \u00e9motionnelle, influence chaque interaction. Dans le milieu de la sant\u00e9, elle d\u00e9termine la fa\u00e7on dont nous r\u00e9agissons et interagissons avec les patients, les soignants, les m\u00e9decins, les gestionnaires et tous les partenaires. Adopter une <b>attitude ouverte et positive<\/b> est essentiel pour insuffler la <b>confiance, l'empathie et la collaboration<\/b> au c\u0153ur de votre organisation.<\/p>\n<\/div>\n<\/div><\/div><div id=\"panel-756-0-0-1\" class=\"so-panel widget widget_sow-editor\" data-index=\"1\" ><div class=\"so-rounded panel-widget-style panel-widget-style-for-756-0-0-1\" ><div\n\t\t\t\n\t\t\tclass=\"so-widget-sow-editor so-widget-sow-editor-base\"\n\t\t\t\n\t\t>\n<div class=\"siteorigin-widget-tinymce textwidget\">\n\t<h3 data-path-to-node=\"5\">L\u2019Impact Strat\u00e9gique de l\u2019Attitude<\/h3>\n<p data-path-to-node=\"6\">Le patient qui se pr\u00e9sente dans votre \u00e9tablissement est souvent fragilis\u00e9. L'attitude de l'\u00e9quipe influence directement son ressenti et conditionne sa capacit\u00e9 \u00e0 <b>coop\u00e9rer activement<\/b> \u00e0 son traitement. Les patients attendent principalement :<\/p>\n<ul data-path-to-node=\"7\">\n<li>\n<p data-path-to-node=\"7,0,0\"><b>Compassion et Empathie<\/b><\/p>\n<\/li>\n<li>\n<p data-path-to-node=\"7,1,0\"><b>Professionnalisme et Connaissance<\/b><\/p>\n<\/li>\n<li>\n<p data-path-to-node=\"7,2,0\"><b>Langage corporel et Parole appropri\u00e9e<\/b><\/p>\n<\/li>\n<\/ul>\n<p data-path-to-node=\"8\">Favoriser cette perception est la cl\u00e9 pour passer du mod\u00e8le paternaliste au <b>mod\u00e8le partenarial<\/b>, essentiel pour une <b>gestion hospitali\u00e8re saine et efficace<\/b>.<\/p>\n<h3 data-path-to-node=\"9\">Nos Objectifs de Transformation<\/h3>\n<p data-path-to-node=\"10\">La formation \u00ab Attitude Patient &amp; Coll\u00e8gue \u00bb vise \u00e0 mobiliser l\u2019ensemble du personnel \u2013 soignants, gestionnaires et d\u00e9cideurs \u2013 pour :<\/p>\n<ul data-path-to-node=\"11\">\n<li>\n<p data-path-to-node=\"11,0,0\"><b>Inspirer un Virage Strat\u00e9gique<\/b> centr\u00e9 sur la satisfaction de chaque patient.<\/p>\n<\/li>\n<li>\n<p data-path-to-node=\"11,1,0\"><b>Renforcer la Collaboration<\/b> avec les patients, les impliquant activement dans leur traitement.<\/p>\n<\/li>\n<li>\n<p data-path-to-node=\"11,2,0\"><b>Optimiser l\u2019Efficacit\u00e9 des Soins<\/b> et r\u00e9duire les co\u00fbts d'op\u00e9ration.<\/p>\n<\/li>\n<li>\n<p data-path-to-node=\"11,3,0\"><b>Cultiver un Personnel Motiv\u00e9 et Valoris\u00e9<\/b>, am\u00e9liorant ainsi la r\u00e9tention.<\/p>\n<\/li>\n<li>\n<p data-path-to-node=\"11,4,0\"><b>D\u00e9velopper un Leadership Solide et un Courage Manag\u00e9rial<\/b> pour cr\u00e9er une culture partenariale durable.<\/p>\n<\/li>\n<\/ul>\n<h3 data-path-to-node=\"12\">Une Formation Immersive et Concr\u00e8te<\/h3>\n<p data-path-to-node=\"13\">Nous vous offrons une m\u00e9thodologie \u00e9prouv\u00e9e et engageante, bas\u00e9e sur l'exp\u00e9rience terrain :<\/p>\n<ul data-path-to-node=\"14\">\n<li>\n<p data-path-to-node=\"14,0,0\"><b>Contenu de Qualit\u00e9<\/b> adapt\u00e9 au contexte de la sant\u00e9.<\/p>\n<\/li>\n<li>\n<p data-path-to-node=\"14,1,0\"><b>Vid\u00e9os R\u00e9alistes et Mises en Situation<\/b> (immersive, PowerPoint HD bilingue) pour une application imm\u00e9diate des apprentissages.<\/p>\n<\/li>\n<li>\n<p data-path-to-node=\"14,2,0\"><b>\u00c9changes Pratiques<\/b> sur les m\u00e9thodes gagnantes, pour apprendre rapidement ce que la vie enseigne en plusieurs ann\u00e9es.<\/p>\n<\/li>\n<li>\n<p data-path-to-node=\"14,3,0\"><b>Mat\u00e9riel Didactique<\/b> personnalisable (fran\u00e7ais et anglais).<\/p>\n<\/li>\n<li>\n<p data-path-to-node=\"14,4,0\"><b>Attestation de Formation<\/b> et <b>Unit\u00e9s de Formation Continue (UFC)<\/b> reconnues par la majorit\u00e9 des ordres professionnels (m\u00e9decins, infirmi\u00e8res, pharmaciens, etc.).<\/p>\n<\/li>\n<\/ul>\n<\/div>\n<\/div><\/div><\/div><div id=\"panel-756-0-0-2\" class=\"so-panel widget widget_sow-editor\" data-index=\"2\" ><div\n\t\t\t\n\t\t\tclass=\"so-widget-sow-editor so-widget-sow-editor-base\"\n\t\t\t\n\t\t>\n<div class=\"siteorigin-widget-tinymce textwidget\">\n\t<p data-path-to-node=\"15\"><b>Dur\u00e9e :<\/b> 1, 1\u00bd, 2 ou 3 jours selon vos besoins. <b>Destinataires :<\/b> Tout le personnel impliqu\u00e9 dans la relation patient.<\/p>\n<blockquote data-path-to-node=\"16\">\n<p data-path-to-node=\"16,0\">Forte de <b>plus de 32 ans d\u2019exp\u00e9rience<\/b> et de cas de succ\u00e8s \u00e9prouv\u00e9s (dont l\u2019H\u00f4pital de Hawkesbury, class\u00e9 parmi les meilleurs au Canada), La Grande \u00c9cole des Affaires vous offre une <b>recette humaine, performante et durable<\/b> pour que l\u2019excellence devienne une habitude dans votre \u00e9tablissement.<\/p>\n<\/blockquote>\n<p data-path-to-node=\"19\">La formation \u00ab J'ai l'Attitude Patient &amp; Coll\u00e8gue \u00bb est con\u00e7ue pour initier un <b>virage strat\u00e9gique et culturel<\/b> au sein des \u00e9tablissements de sant\u00e9, pla\u00e7ant l'attitude humaine positive et l'empathie au centre de toutes les interactions. Elle d\u00e9finit l'attitude comme l'\u00e9l\u00e9ment cl\u00e9 qui influence la perception du patient, transformant un moment de vuln\u00e9rabilit\u00e9 en une <b>exp\u00e9rience de coop\u00e9ration et de confiance<\/b>. En s'adressant \u00e0 l'ensemble du personnel, y compris les d\u00e9cideurs, le programme vise \u00e0 standardiser les <b>attitudes gagnantes<\/b> qui favorisent non seulement la satisfaction du patient, mais aussi l'efficacit\u00e9 des soins et la qualit\u00e9 de vie au travail.<\/p>\n<p data-path-to-node=\"20\">Ax\u00e9e sur la pratique gr\u00e2ce \u00e0 des vid\u00e9os r\u00e9alistes et des mises en situation concr\u00e8tes, cette formation permet aux \u00e9quipes de ma\u00eetriser des comp\u00e9tences essentielles telles que l'art du questionnement, la communication non verbale et le pouvoir du silence. Elle a pour objectif de renforcer l'<b>esprit d'\u00e9quipe<\/b> et le <b>courage manag\u00e9rial<\/b> pour garantir une culture partenariale durable. En comprenant la pyramide des valeurs du patient et du coll\u00e8gue, les participants sont outill\u00e9s pour \u00e9tablir des crit\u00e8res de perception clairs de la valeur du service, ce qui se traduit directement par une <b>r\u00e9duction des temps d'attente, une optimisation des co\u00fbts et une r\u00e9tention accrue du personnel<\/b>.<\/p>\n<\/div>\n<\/div><\/div><div id=\"panel-756-0-0-3\" class=\"so-panel widget widget_sow-editor panel-last-child\" data-index=\"3\" ><div class=\"so-rounded panel-widget-style panel-widget-style-for-756-0-0-3\" ><div\n\t\t\t\n\t\t\tclass=\"so-widget-sow-editor so-widget-sow-editor-base\"\n\t\t\t\n\t\t>\n<div class=\"siteorigin-widget-tinymce textwidget\">\n\t<p data-path-to-node=\"23\"><strong>La mise en place de l'Attitude Patient &amp; Coll\u00e8gue g\u00e9n\u00e8re des r\u00e9sultats mesurables et durables :<\/strong><\/p>\n<ul data-path-to-node=\"24\">\n<li>\n<p data-path-to-node=\"24,0,0\"><b>Am\u00e9lioration de la Notori\u00e9t\u00e9 et de la R\u00e9putation :<\/b> Construction d'une r\u00e9putation enviable gr\u00e2ce \u00e0 des soins empreints de compassion et de professionnalisme.<\/p>\n<\/li>\n<li>\n<p data-path-to-node=\"24,1,0\"><b>Augmentation de l'Efficacit\u00e9 et R\u00e9duction des Co\u00fbts :<\/b> Optimisation des processus et de l'efficacit\u00e9 des soins, r\u00e9duisant ainsi les co\u00fbts d'op\u00e9ration.<\/p>\n<\/li>\n<li>\n<p data-path-to-node=\"24,2,0\"><b>Meilleure R\u00e9tention du Personnel :<\/b> Cr\u00e9ation d'un environnement de travail plus positif, motivant et valorisant, renfor\u00e7ant l'engagement des \u00e9quipes.<\/p>\n<\/li>\n<li>\n<p data-path-to-node=\"24,3,0\"><b>Culture Partenariale Durable :<\/b> Mise en place d'un mod\u00e8le de collaboration active entre patients, soignants et entre coll\u00e8gues.<\/p>\n<\/li>\n<li>\n<p data-path-to-node=\"24,4,0\"><b>D\u00e9veloppement du Leadership :<\/b> Renforcement du leadership \u00e0 tous les niveaux et d\u00e9veloppement du courage manag\u00e9rial.<\/p>\n<\/li>\n<li>\n<p data-path-to-node=\"24,5,0\"><b>Accroissement de la Satisfaction Patient :<\/b> Capacit\u00e9 accrue \u00e0 inspirer confiance et empathie, menant \u00e0 une collaboration essentielle pour une gestion saine.<\/p>\n<\/li>\n<li>\n<p data-path-to-node=\"24,6,0\"><b>Ma\u00eetrise de la Communication :<\/b> Perfectionnement du verbal, para-verbal et non verbal, incluant l\u2019art du questionnement.<\/p>\n<\/li>\n<\/ul>\n<\/div>\n<\/div><\/div><\/div><\/div><div id=\"pgc-756-0-1\"  class=\"panel-grid-cell\" ><div id=\"panel-756-0-1-0\" class=\"so-panel widget widget_sow-editor panel-first-child\" data-index=\"4\" ><div\n\t\t\t\n\t\t\tclass=\"so-widget-sow-editor so-widget-sow-editor-base\"\n\t\t\t\n\t\t>\n<div class=\"siteorigin-widget-tinymce textwidget\">\n\t<p><img loading=\"lazy\" decoding=\"async\" class=\"alignleft size-full wp-image-10342\" src=\"https:\/\/lagrandeecoledesaffaires.com\/wp-content\/uploads\/2025\/12\/attitude-patient.png\" alt=\"\" width=\"1024\" height=\"748\" srcset=\"https:\/\/lagrandeecoledesaffaires.com\/wp-content\/uploads\/2025\/12\/attitude-patient.png 1024w, https:\/\/lagrandeecoledesaffaires.com\/wp-content\/uploads\/2025\/12\/attitude-patient-300x219.png 300w, https:\/\/lagrandeecoledesaffaires.com\/wp-content\/uploads\/2025\/12\/attitude-patient-768x561.png 768w\" sizes=\"auto, (max-width: 1024px) 100vw, 1024px\" \/><\/p>\n<\/div>\n<\/div><\/div><div id=\"panel-756-0-1-1\" class=\"so-panel widget widget_sow-editor\" data-index=\"5\" ><div\n\t\t\t\n\t\t\tclass=\"so-widget-sow-editor so-widget-sow-editor-base\"\n\t\t\t\n\t\t>\n<div class=\"siteorigin-widget-tinymce textwidget\">\n\t<p><iframe loading=\"lazy\" title=\"YouTube video player\" src=\"https:\/\/www.youtube.com\/embed\/d84WkQ7aLU8\" width=\"800\" height=\"450\" frameborder=\"0\" allowfullscreen=\"allowfullscreen\"><\/iframe><br \/>\n<div id='event_wrapper'><div id='event_search_code' style='display:none;' data='category_identifier=j-ai-lattitude-patient-1486068959&css_class=&event_category_id=&staff_id=&allow_override=0&show_expired=false&show_secondary=false&show_deleted=false&show_recurrence=true&limit=0&order_by=NULL&sort=&events_per_page=50&num_page_links_to_display=10&exclude_closed_events=false'><\/div><div id='event_container_pagination' ><div id='event_content' class='event_content'>Aucun \u00e9v\u00e9nement n'est disponible...<\/div><\/div><\/div><\/p>\n<\/div>\n<\/div><\/div><div id=\"panel-756-0-1-2\" class=\"so-panel widget widget_sow-editor\" data-index=\"6\" ><div\n\t\t\t\n\t\t\tclass=\"so-widget-sow-editor so-widget-sow-editor-base\"\n\t\t\t\n\t\t>\n<div class=\"siteorigin-widget-tinymce textwidget\">\n\t<h2>Cette formation vous int\u00e9resse ?<br \/>\nContactez-nous<\/h2>\n<\/div>\n<\/div><\/div><div id=\"panel-756-0-1-3\" class=\"so-panel widget widget_sow-contact-form panel-last-child\" data-index=\"7\" ><div\n\t\t\t\n\t\t\tclass=\"so-widget-sow-contact-form so-widget-sow-contact-form-default-27da056a8e04-756\"\n\t\t\t\n\t\t>\t<form\n\t\taction=\"\/index.php\/wp-json\/wp\/v2\/pages\/756\"\n\t\tmethod=\"POST\"\n\t\tclass=\"sow-contact-form\"\n\t\tid=\"contact-form-fc2b\"\n\t>\n\n\t\t\n\t\t            <p><em>Les champs marqu\u00e9s d\u2019un * sont obligatoires<\/em><\/p>\n\t\t\t\t\t\t<div class=\"sow-form-field sow-form-field-name\">\n\t\t\t\t\t\t\t\t<div class=\"sow-field-container\">\n\t\t\t\t\t\t\t<input\n\t\t\ttype=\"text\"\n\t\t\tname=\"votre-nom-1\"\n\t\t\tid=\"sow-contact-form-field-votre-nom-1\"\n\t\t\tvalue=\"\"\n\t\t\tclass=\"sow-text-field\"\n\t\t\tplaceholder=\"Votre nom*\"\t\t\t\t\t\/>\n\t\t\t\t\t\t<\/div>\n\t\t\t\t\t\t\t<\/div>\n\t\t\t\t\t\t<div class=\"sow-form-field sow-form-field-email\">\n\t\t\t\t\t\t\t\t<div class=\"sow-field-container\">\n\t\t\t\t\t\t\t<input\n\t\t\ttype=\"email\"\n\t\t\tname=\"votre-adresse-de-messagerie-1\"\n\t\t\tid=\"sow-contact-form-field-votre-adresse-de-messagerie-1\"\n\t\t\tvalue=\"\"\n\t\t\tclass=\"sow-text-field\"placeholder=\"Votre adresse de messagerie*\"\t\t\t\t\t\t\t\t\/>\n\t\t\t\t\t\t<\/div>\n\t\t\t\t\t\t\t<\/div>\n\t\t\t\t\t\t<div class=\"sow-form-field sow-form-field-textarea\">\n\t\t\t\t\t\t\t\t<div class=\"sow-field-container\">\n\t\t\t\t\t\t\t<textarea\n\t\t\tname=\"message-1\"\n\t\t\tid=\"sow-contact-form-field-message-1\"\n\t\t\trows=\"10\"\n\t\t\tplaceholder=\"Message*\"\t\t\t\t\t><\/textarea>\n\t\t\t\t\t\t<\/div>\n\t\t\t\t\t\t\t<\/div>\n\t\t\t\n\t\t\n\t\t<div class=\"sow-submit-wrapper \n\t\tsow-submit-styled\t\t\">\n\n\t\t\t<button\n\t\t\t\ttype=\"submit\"\n\t\t\t\tclass=\"sow-submit\n\t\t\t\t\t\t\t\t\"\n\t\t\t\t\t\t\t>\n\t\t\t\tContactez-nous\t\t\t<\/button>\n\t\t<\/div>\n\t\t\t\t<input\n\t\t\ttype=\"hidden\"\n\t\t\tname=\"instance_hash-1\"\n\t\t\tvalue=\"fc2b08ee\"\n\t\t\/>\n\n\t\t<input type=\"hidden\" id=\"_wpnonce\" name=\"_wpnonce\" value=\"2ffb9885ef\" \/><input type=\"hidden\" name=\"_wp_http_referer\" value=\"\/index.php\/wp-json\/wp\/v2\/pages\/756\" \/>\t<\/form>\n\t<\/div><\/div><\/div><\/div><\/div>","protected":false},"excerpt":{"rendered":"<p>Le Virage Humain de l&rsquo;Excellence en Soins Donnez \u00e0 votre \u00e9tablissement les fondations d&rsquo;une culture d&rsquo;excellence o\u00f9 bienveillance et performance vont de pair. La formation \u00ab Attitude Patient &amp; Coll\u00e8gue \u00bb est le catalyseur d&rsquo;une transformation strat\u00e9gique visant \u00e0 optimiser l&rsquo;exp\u00e9rience de soin et l&rsquo;environnement de travail. L&rsquo;attitude, d\u00e9finie comme notre disposition d&rsquo;esprit et \u00e9motionnelle,&hellip;&nbsp;<\/p>\n","protected":false},"author":1,"featured_media":805,"parent":0,"menu_order":0,"comment_status":"closed","ping_status":"closed","template":"","meta":{"neve_meta_sidebar":"","neve_meta_container":"","neve_meta_enable_content_width":"off","neve_meta_content_width":100,"neve_meta_title_alignment":"","neve_meta_author_avatar":"","neve_post_elements_order":"","neve_meta_disable_header":"","neve_meta_disable_footer":"","neve_meta_disable_title":"","footnotes":""},"class_list":["post-756","page","type-page","status-publish","has-post-thumbnail","hentry"],"_links":{"self":[{"href":"https:\/\/lagrandeecoledesaffaires.com\/index.php\/wp-json\/wp\/v2\/pages\/756","targetHints":{"allow":["GET"]}}],"collection":[{"href":"https:\/\/lagrandeecoledesaffaires.com\/index.php\/wp-json\/wp\/v2\/pages"}],"about":[{"href":"https:\/\/lagrandeecoledesaffaires.com\/index.php\/wp-json\/wp\/v2\/types\/page"}],"author":[{"embeddable":true,"href":"https:\/\/lagrandeecoledesaffaires.com\/index.php\/wp-json\/wp\/v2\/users\/1"}],"replies":[{"embeddable":true,"href":"https:\/\/lagrandeecoledesaffaires.com\/index.php\/wp-json\/wp\/v2\/comments?post=756"}],"version-history":[{"count":75,"href":"https:\/\/lagrandeecoledesaffaires.com\/index.php\/wp-json\/wp\/v2\/pages\/756\/revisions"}],"predecessor-version":[{"id":10349,"href":"https:\/\/lagrandeecoledesaffaires.com\/index.php\/wp-json\/wp\/v2\/pages\/756\/revisions\/10349"}],"wp:featuredmedia":[{"embeddable":true,"href":"https:\/\/lagrandeecoledesaffaires.com\/index.php\/wp-json\/wp\/v2\/media\/805"}],"wp:attachment":[{"href":"https:\/\/lagrandeecoledesaffaires.com\/index.php\/wp-json\/wp\/v2\/media?parent=756"}],"curies":[{"name":"wp","href":"https:\/\/api.w.org\/{rel}","templated":true}]}}