{"id":744,"date":"2017-02-02T09:50:37","date_gmt":"2017-02-02T14:50:37","guid":{"rendered":"http:\/\/207.253.81.77\/?page_id=744"},"modified":"2026-01-27T10:48:01","modified_gmt":"2026-01-27T15:48:01","slug":"formation-j-ai-l-attitude-client-collegue","status":"publish","type":"page","link":"https:\/\/lagrandeecoledesaffaires.com\/index.php\/formation-j-ai-l-attitude-client-collegue\/","title":{"rendered":"Formation &#8211; J&rsquo;ai l&rsquo;Attitude Client\/Coll\u00e8gue!"},"content":{"rendered":"<div id=\"pl-744\"  class=\"panel-layout\" ><div id=\"pg-744-0\"  class=\"panel-grid panel-no-style\" ><div id=\"pgc-744-0-0\"  class=\"panel-grid-cell\" ><div id=\"panel-744-0-0-0\" class=\"so-panel widget widget_sow-editor panel-first-child\" data-index=\"0\" ><div\n\t\t\t\n\t\t\tclass=\"so-widget-sow-editor so-widget-sow-editor-base\"\n\t\t\t\n\t\t>\n<div class=\"siteorigin-widget-tinymce textwidget\">\n\t<h2 data-path-to-node=\"2\">L\u2019Humain au C\u0153ur de la Performance<\/h2>\n<p data-path-to-node=\"3\"><span class=\"txtImportant\">L\u2019<b>Attitude Client &amp; Coll\u00e8gues<\/b> est un catalyseur essentiel pour l'organisation moderne. Elle est le fondement sur lequel reposent le <b>travail d\u2019\u00e9quipe efficace<\/b>, la <b>confiance mutuelle<\/b>, la <b>transparence<\/b> et le <b>respect<\/b>. En cultivant cette attitude, nous favorisons la <b>lev\u00e9e des silos<\/b>, renfor\u00e7ons le <b>sentiment d\u2019appartenance<\/b> et lib\u00e9rons le potentiel de <b>cr\u00e9ativit\u00e9<\/b>. En bout de cha\u00eene, une attitude positive se traduit directement par une <b>notori\u00e9t\u00e9 accrue<\/b>, la <b>fid\u00e9lisation<\/b> et une <b>meilleure rentabilit\u00e9<\/b>. Le renforcement continu des liens humains est un objectif strat\u00e9gique majeur pour l'avenir.<\/span><\/p>\n<p data-path-to-node=\"4\">L\u2019<b>attitude<\/b> est la disposition d'esprit et \u00e9motionnelle qui dicte notre fa\u00e7on de r\u00e9agir et d\u2019interagir avec autrui : qu'il s'agisse de clients, de partenaires, de fournisseurs, de coll\u00e8gues, ou de toute autre personne. Une attitude ouverte et positive permet de mieux penser, cr\u00e9er, \u00e9changer et travailler, contribuant fondamentalement \u00e0 un <b>environnement plus heureux et productif<\/b>. Pour transformer l'exp\u00e9rience client, il est imp\u00e9ratif d'accorder la m\u00eame importance \u00e0 l\u2019<b>exp\u00e9rience employ\u00e9<\/b>, car les deux sont intimement li\u00e9es. L'\u00e9quipe est le miroir de l'entreprise.<\/p>\n<h3 data-path-to-node=\"5\">L\u2019Attitude : Votre Avantage Concurrentiel<\/h3>\n<p data-path-to-node=\"6\">Vos clients choisissent votre organisation non seulement pour votre produit ou service, mais aussi, et surtout, pour l\u2019<b>attitude humaine<\/b> manifest\u00e9e par l'ensemble du personnel. Le client se sent-il respect\u00e9 ? Quelle <b>valeur ajout\u00e9e<\/b> est r\u00e9ellement d\u00e9livr\u00e9e au-del\u00e0 de la transaction ? C\u2019est l\u2019exp\u00e9rience client positive v\u00e9cue gr\u00e2ce \u00e0 une attitude irr\u00e9prochable qui assure la <b>diff\u00e9renciation face \u00e0 la comp\u00e9tition<\/b>.<\/p>\n<p data-path-to-node=\"7\">Un leadership rassurant, authentique et transparent est indispensable pour <b>centrer nos actions sur l\u2019humain<\/b> et garantir que les messages internes sont align\u00e9s avec les <b>valeurs de l\u2019entreprise<\/b>. C\u2019est pourquoi, \u00e0 l'\u00e8re de l'agilit\u00e9, les <b>comp\u00e9tences humaines<\/b> priment sur les comp\u00e9tences purement techniques. Le potentiel humain est le v\u00e9ritable <b>vecteur de croissance<\/b>. Le leader dot\u00e9 de l'Attitude Client &amp; Coll\u00e8gue doit voir ses collaborateurs en termes de <b>potentiel futur<\/b> plut\u00f4t qu\u2019en performances pass\u00e9es, stimulant ainsi <b>la confiance en soi, la motivation et l'engagement<\/b>.<\/p>\n<\/div>\n<\/div><\/div><div id=\"panel-744-0-0-1\" class=\"so-panel widget widget_sow-editor\" data-index=\"1\" ><div class=\"so-rounded panel-widget-style panel-widget-style-for-744-0-0-1\" ><div\n\t\t\t\n\t\t\tclass=\"so-widget-sow-editor so-widget-sow-editor-base\"\n\t\t\t\n\t\t>\n<div class=\"siteorigin-widget-tinymce textwidget\">\n\t<p data-path-to-node=\"9\"><strong>Fid\u00e9liser les employ\u00e9s est aussi crucial que fid\u00e9liser les clients. Pour y parvenir, il est essentiel de :<\/strong><\/p>\n<ul data-path-to-node=\"10\">\n<li>\n<p data-path-to-node=\"10,0,0\">Adopter une attitude ouverte et r\u00e9ceptive.<\/p>\n<\/li>\n<li>\n<p data-path-to-node=\"10,1,0\">Mettre en valeur l'ensemble des avantages de la r\u00e9mun\u00e9ration globale.<\/p>\n<\/li>\n<li>\n<p data-path-to-node=\"10,2,0\">Am\u00e9liorer constamment l'exp\u00e9rience de travail.<\/p>\n<\/li>\n<li>\n<p data-path-to-node=\"10,3,0\">Positionner et communiquer une marque employeur forte.<\/p>\n<\/li>\n<li>\n<p data-path-to-node=\"10,4,0\">Avoir une mission d'entreprise claire et inspirante.<\/p>\n<\/li>\n<li>\n<p data-path-to-node=\"10,5,0\">S\u00e9lectionner des candidats en phase avec les valeurs de l'organisation.<\/p>\n<\/li>\n<li>\n<p data-path-to-node=\"10,6,0\">Cr\u00e9er un fort esprit de communaut\u00e9.<\/p>\n<\/li>\n<li>\n<p data-path-to-node=\"10,7,0\">Tirer des le\u00e7ons constructives des entrevues de d\u00e9part.<\/p>\n<\/li>\n<li>\n<p data-path-to-node=\"10,8,0\"><b>Former syst\u00e9matiquement vos employ\u00e9s \u00e0 l\u2019Attitude Client &amp; Coll\u00e8gues.<\/b><\/p>\n<\/li>\n<\/ul>\n<\/div>\n<\/div><\/div><\/div><div id=\"panel-744-0-0-2\" class=\"so-panel widget widget_sow-editor\" data-index=\"2\" ><div\n\t\t\t\n\t\t\tclass=\"so-widget-sow-editor so-widget-sow-editor-base\"\n\t\t\t\n\t\t>\n<div class=\"siteorigin-widget-tinymce textwidget\">\n\t<p data-path-to-node=\"13\">La formation \u00ab J\u2019ai l\u2019Attitude Client &amp; Coll\u00e8gues \u00bb pose l'attitude humaine comme la <b>pierre angulaire du succ\u00e8s organisationnel durable<\/b>. Elle d\u00e9finit l'attitude comme une disposition \u00e9motionnelle et comportementale qui influence toutes les interactions, qu'elles soient avec des clients externes ou des coll\u00e8gues internes. Le programme insiste sur le lien inextricable entre une <b>exp\u00e9rience employ\u00e9 positive<\/b> et une <b>exp\u00e9rience client exceptionnelle<\/b>, arguant que l'\u00e9quipe est le miroir de l'entreprise. L'objectif est de transformer la culture d'entreprise pour en faire un environnement de <b>confiance, de transparence et de cr\u00e9ativit\u00e9<\/b> qui g\u00e9n\u00e8re une valeur ajout\u00e9e humaine et tangible.<\/p>\n<p data-path-to-node=\"14\">Ce programme vise \u00e0 doter les participants des outils n\u00e9cessaires pour cultiver les <b>12 attitudes gagnantes<\/b>, am\u00e9liorer la collaboration entre services et traiter les clients internes comme des opportunit\u00e9s de cr\u00e9ation de valeur. Il s'attaque au d\u00e9veloppement de l'art du questionnement, la compr\u00e9hension de la pyramide des valeurs et l'ajustement aux diff\u00e9rentes personnalit\u00e9s. En d\u00e9finitive, cette formation pr\u00e9pare l'organisation \u00e0 un avenir o\u00f9 les <b>comp\u00e9tences humaines et l'agilit\u00e9 d'esprit<\/b> sont les principaux moteurs de la croissance, permettant de transformer les d\u00e9fis en opportunit\u00e9s et d'assurer une <b>diff\u00e9renciation concurrentielle<\/b> durable.<\/p>\n<\/div>\n<\/div><\/div><div id=\"panel-744-0-0-3\" class=\"so-panel widget widget_sow-editor\" data-index=\"3\" ><div class=\"so-rounded panel-widget-style panel-widget-style-for-744-0-0-3\" ><div\n\t\t\t\n\t\t\tclass=\"so-widget-sow-editor so-widget-sow-editor-base\"\n\t\t\t\n\t\t>\n<div class=\"siteorigin-widget-tinymce textwidget\">\n\t<h2 data-path-to-node=\"16\">Avantages Cl\u00e9s de la Formation<\/h2>\n<p data-path-to-node=\"17\">La formation \u00ab J\u2019ai l\u2019Attitude Client &amp; Coll\u00e8gues \u00bb est un investissement strat\u00e9gique offrant de multiples b\u00e9n\u00e9fices :<\/p>\n<ul data-path-to-node=\"18\">\n<li>\n<p data-path-to-node=\"18,0,0\"><b>Augmentation de la Rentabilit\u00e9 et des Ventes<\/b> : Une meilleure attitude se traduit directement par une exp\u00e9rience client sup\u00e9rieure.<\/p>\n<\/li>\n<li>\n<p data-path-to-node=\"18,1,0\"><b>Fid\u00e9lisation et R\u00e9tention de la Client\u00e8le<\/b> : Une exp\u00e9rience positive et constante est le meilleur moteur de loyaut\u00e9.<\/p>\n<\/li>\n<li>\n<p data-path-to-node=\"18,2,0\"><b>R\u00e9tention du Personnel<\/b> : L'am\u00e9lioration de l'exp\u00e9rience employ\u00e9 renforce le sentiment d'appartenance et diminue le roulement.<\/p>\n<\/li>\n<li>\n<p data-path-to-node=\"18,3,0\"><b>Diff\u00e9renciation Comp\u00e9titive<\/b> : L'attitude humaine devient une valeur ajout\u00e9e unique et difficile \u00e0 imiter.<\/p>\n<\/li>\n<li>\n<p data-path-to-node=\"18,4,0\"><b>Rehaussement de l'Exp\u00e9rience Client Globale<\/b> : Alignement de tout le personnel sur l'importance primordiale du client.<\/p>\n<\/li>\n<li>\n<p data-path-to-node=\"18,5,0\"><b>Am\u00e9lioration de la Collaboration Interne<\/b> : Cassation des silos et encouragement d\u2019une attitude de collaboration.<\/p>\n<\/li>\n<li>\n<p data-path-to-node=\"18,6,0\"><b>D\u00e9veloppement du Potentiel Humain<\/b> : Fournir des outils pour permettre aux talents de s\u2019exprimer pleinement.<\/p>\n<\/li>\n<li>\n<p data-path-to-node=\"18,7,0\"><b>Leadership Fort et Coh\u00e9rent<\/b> : Assurance d\u2019un leadership rassurant, authentique et transparent align\u00e9 sur les valeurs.<\/p>\n<\/li>\n<\/ul>\n<\/div>\n<\/div><\/div><\/div><div id=\"panel-744-0-0-4\" class=\"so-panel widget widget_sow-editor panel-last-child\" data-index=\"4\" ><div\n\t\t\t\n\t\t\tclass=\"so-widget-sow-editor so-widget-sow-editor-base\"\n\t\t\t\n\t\t>\n<div class=\"siteorigin-widget-tinymce textwidget\">\n\t<p>La Grande \u00c9cole des Affaires (qualifi\u00e9e pour les programmes gouvernementaux de formation de la main-d\u2019\u0153uvre et reconnue par la majorit\u00e9 des Ordres professionnels pour l\u2019obtention d\u2019unit\u00e9s de formation continue UFC) propose cette formation selon des modalit\u00e9s flexibles : <b>vid\u00e9oconf\u00e9rence, formation \u00e0 distance, web ou en pr\u00e9sentiel<\/b> dans votre organisation. Ce contenu est bas\u00e9 sur une <b>recette prouv\u00e9e, performante et durable<\/b>, reposant sur le principe fondamental que <b>l\u2019attitude est aussi importante que les aptitudes<\/b> pour la r\u00e9ussite d\u2019entreprise. L\u2019adoption de cette culture centr\u00e9e sur l\u2019humain est la cl\u00e9 pour que votre organisation devienne le gardien d\u2019une culture forte et performante, comme l'histoire l'a maintes fois d\u00e9montr\u00e9.<\/p>\n<\/div>\n<\/div><\/div><\/div><div id=\"pgc-744-0-1\"  class=\"panel-grid-cell\" ><div id=\"panel-744-0-1-0\" class=\"so-panel widget widget_sow-editor panel-first-child\" data-index=\"5\" ><div\n\t\t\t\n\t\t\tclass=\"so-widget-sow-editor so-widget-sow-editor-base\"\n\t\t\t\n\t\t>\n<div class=\"siteorigin-widget-tinymce textwidget\">\n\t<p><img loading=\"lazy\" decoding=\"async\" class=\"alignleft size-full wp-image-10341\" src=\"https:\/\/lagrandeecoledesaffaires.com\/wp-content\/uploads\/2025\/12\/attitude-client.png\" alt=\"\" width=\"1024\" height=\"748\" srcset=\"https:\/\/lagrandeecoledesaffaires.com\/wp-content\/uploads\/2025\/12\/attitude-client.png 1024w, https:\/\/lagrandeecoledesaffaires.com\/wp-content\/uploads\/2025\/12\/attitude-client-300x219.png 300w, https:\/\/lagrandeecoledesaffaires.com\/wp-content\/uploads\/2025\/12\/attitude-client-768x561.png 768w\" sizes=\"auto, (max-width: 1024px) 100vw, 1024px\" \/><\/p>\n<\/div>\n<\/div><\/div><div id=\"panel-744-0-1-1\" class=\"so-panel widget widget_sow-editor\" data-index=\"6\" ><div\n\t\t\t\n\t\t\tclass=\"so-widget-sow-editor so-widget-sow-editor-base\"\n\t\t\t\n\t\t>\n<div class=\"siteorigin-widget-tinymce textwidget\">\n\t<div style=\"text-align: center; border-radius: 50px 50px 0px 50px; background-color: #cb003a; padding: 35px 15px;\"><a style=\"color: #fff; font-size: 28px; display: block; text-decoration: none;\" href=\"https:\/\/lagrandeecoledesaffaires.com\/index.php\/formations-express\/\">Nouvelles formations EXPRESS !<br \/>\n<\/a><span style=\"color: #ffffff;\">Capsules de formations sont condens\u00e9es en 1h30 et adapt\u00e9es sp\u00e9cifiquement \u00e0 votre r\u00e9alit\u00e9 organisationnelle.<\/span><\/div>\n<\/div>\n<\/div><\/div><div id=\"panel-744-0-1-2\" class=\"so-panel widget widget_sow-editor\" data-index=\"7\" ><div\n\t\t\t\n\t\t\tclass=\"so-widget-sow-editor so-widget-sow-editor-base\"\n\t\t\t\n\t\t>\n<div class=\"siteorigin-widget-tinymce textwidget\">\n\t<p><iframe loading=\"lazy\" title=\"YouTube video player\" src=\"https:\/\/www.youtube.com\/embed\/uPlWDXoJt7g\" width=\"800\" height=\"450\" frameborder=\"0\" allowfullscreen=\"allowfullscreen\"><\/iframe><\/p>\n<p><span class=\"txtImportant\">Radio Canada<\/span><\/p>\n<!--[if lt IE 9]><script>document.createElement('audio');<\/script><![endif]-->\n<audio class=\"wp-audio-shortcode\" id=\"audio-744-1\" preload=\"none\" style=\"width: 100%;\" controls=\"controls\"><source type=\"audio\/mpeg\" src=\"https:\/\/lagrandeecoledesaffaires.com\/wp-content\/uploads\/2017\/01\/la-grande-ecole.mp3?_=1\" \/><a href=\"https:\/\/lagrandeecoledesaffaires.com\/wp-content\/uploads\/2017\/01\/la-grande-ecole.mp3\">https:\/\/lagrandeecoledesaffaires.com\/wp-content\/uploads\/2017\/01\/la-grande-ecole.mp3<\/a><\/audio>\n<div id='event_wrapper'><div id='event_search_code' style='display:none;' data='category_identifier=jai-lattitude-clientcollegue-1486057151&css_class=&event_category_id=&staff_id=&allow_override=0&show_expired=false&show_secondary=false&show_deleted=false&show_recurrence=true&limit=0&order_by=NULL&sort=&events_per_page=50&num_page_links_to_display=10&exclude_closed_events=false'><\/div><div id='event_container_pagination' ><div id='event_content' class='event_content'>Aucun \u00e9v\u00e9nement n'est disponible...<\/div><\/div><\/div>\n<p>&nbsp;<\/p>\n<p><a class=\"button\" href=\"https:\/\/lagrandeecoledesaffaires.com\/index.php\/en-entreprise\/\">Formation en entreprise disponible<\/a><\/p>\n<\/div>\n<\/div><\/div><div id=\"panel-744-0-1-3\" class=\"so-panel widget widget_sow-editor\" data-index=\"8\" ><div\n\t\t\t\n\t\t\tclass=\"so-widget-sow-editor so-widget-sow-editor-base\"\n\t\t\t\n\t\t>\n<div class=\"siteorigin-widget-tinymce textwidget\">\n\t<h2><\/h2>\n<h2>Cette formation vous int\u00e9resse ?<br \/>\nContactez-nous<\/h2>\n<\/div>\n<\/div><\/div><div id=\"panel-744-0-1-4\" class=\"so-panel widget widget_sow-contact-form panel-last-child\" data-index=\"9\" ><div\n\t\t\t\n\t\t\tclass=\"so-widget-sow-contact-form so-widget-sow-contact-form-default-27da056a8e04-744\"\n\t\t\t\n\t\t>\t<form\n\t\taction=\"\/index.php\/wp-json\/wp\/v2\/pages\/744\"\n\t\tmethod=\"POST\"\n\t\tclass=\"sow-contact-form\"\n\t\tid=\"contact-form-cb19\"\n\t>\n\n\t\t\n\t\t            <p><em>Les champs marqu\u00e9s d\u2019un * sont obligatoires<\/em><\/p>\n\t\t\t\t\t\t<div class=\"sow-form-field sow-form-field-name\">\n\t\t\t\t\t\t\t\t<div class=\"sow-field-container\">\n\t\t\t\t\t\t\t<input\n\t\t\ttype=\"text\"\n\t\t\tname=\"votre-nom-1\"\n\t\t\tid=\"sow-contact-form-field-votre-nom-1\"\n\t\t\tvalue=\"\"\n\t\t\tclass=\"sow-text-field\"\n\t\t\tplaceholder=\"Votre nom*\"\t\t\t\t\t\/>\n\t\t\t\t\t\t<\/div>\n\t\t\t\t\t\t\t<\/div>\n\t\t\t\t\t\t<div class=\"sow-form-field sow-form-field-email\">\n\t\t\t\t\t\t\t\t<div class=\"sow-field-container\">\n\t\t\t\t\t\t\t<input\n\t\t\ttype=\"email\"\n\t\t\tname=\"votre-adresse-de-messagerie-1\"\n\t\t\tid=\"sow-contact-form-field-votre-adresse-de-messagerie-1\"\n\t\t\tvalue=\"\"\n\t\t\tclass=\"sow-text-field\"placeholder=\"Votre adresse de messagerie*\"\t\t\t\t\t\t\t\t\/>\n\t\t\t\t\t\t<\/div>\n\t\t\t\t\t\t\t<\/div>\n\t\t\t\t\t\t<div class=\"sow-form-field sow-form-field-textarea\">\n\t\t\t\t\t\t\t\t<div class=\"sow-field-container\">\n\t\t\t\t\t\t\t<textarea\n\t\t\tname=\"message-1\"\n\t\t\tid=\"sow-contact-form-field-message-1\"\n\t\t\trows=\"10\"\n\t\t\tplaceholder=\"Message*\"\t\t\t\t\t><\/textarea>\n\t\t\t\t\t\t<\/div>\n\t\t\t\t\t\t\t<\/div>\n\t\t\t\n\t\t\n\t\t<div class=\"sow-submit-wrapper \n\t\tsow-submit-styled\t\t\">\n\n\t\t\t<button\n\t\t\t\ttype=\"submit\"\n\t\t\t\tclass=\"sow-submit\n\t\t\t\t\t\t\t\t\"\n\t\t\t\t\t\t\t>\n\t\t\t\tContactez-nous\t\t\t<\/button>\n\t\t<\/div>\n\t\t\t\t<input\n\t\t\ttype=\"hidden\"\n\t\t\tname=\"instance_hash-1\"\n\t\t\tvalue=\"cb19ff28\"\n\t\t\/>\n\n\t\t<input type=\"hidden\" id=\"_wpnonce\" name=\"_wpnonce\" value=\"2ffb9885ef\" \/><input type=\"hidden\" name=\"_wp_http_referer\" value=\"\/index.php\/wp-json\/wp\/v2\/pages\/744\" \/>\t<\/form>\n\t<\/div><\/div><\/div><\/div><\/div>","protected":false},"excerpt":{"rendered":"<p>L\u2019Humain au C\u0153ur de la Performance L\u2019Attitude Client &amp; Coll\u00e8gues est un catalyseur essentiel pour l&rsquo;organisation moderne. Elle est le fondement sur lequel reposent le travail d\u2019\u00e9quipe efficace, la confiance mutuelle, la transparence et le respect. En cultivant cette attitude, nous favorisons la lev\u00e9e des silos, renfor\u00e7ons le sentiment d\u2019appartenance et lib\u00e9rons le potentiel de&hellip;&nbsp;<\/p>\n","protected":false},"author":1,"featured_media":10341,"parent":0,"menu_order":0,"comment_status":"closed","ping_status":"closed","template":"","meta":{"neve_meta_sidebar":"","neve_meta_container":"","neve_meta_enable_content_width":"off","neve_meta_content_width":100,"neve_meta_title_alignment":"","neve_meta_author_avatar":"","neve_post_elements_order":"","neve_meta_disable_header":"","neve_meta_disable_footer":"","neve_meta_disable_title":"","footnotes":""},"class_list":["post-744","page","type-page","status-publish","has-post-thumbnail","hentry"],"_links":{"self":[{"href":"https:\/\/lagrandeecoledesaffaires.com\/index.php\/wp-json\/wp\/v2\/pages\/744","targetHints":{"allow":["GET"]}}],"collection":[{"href":"https:\/\/lagrandeecoledesaffaires.com\/index.php\/wp-json\/wp\/v2\/pages"}],"about":[{"href":"https:\/\/lagrandeecoledesaffaires.com\/index.php\/wp-json\/wp\/v2\/types\/page"}],"author":[{"embeddable":true,"href":"https:\/\/lagrandeecoledesaffaires.com\/index.php\/wp-json\/wp\/v2\/users\/1"}],"replies":[{"embeddable":true,"href":"https:\/\/lagrandeecoledesaffaires.com\/index.php\/wp-json\/wp\/v2\/comments?post=744"}],"version-history":[{"count":112,"href":"https:\/\/lagrandeecoledesaffaires.com\/index.php\/wp-json\/wp\/v2\/pages\/744\/revisions"}],"predecessor-version":[{"id":10475,"href":"https:\/\/lagrandeecoledesaffaires.com\/index.php\/wp-json\/wp\/v2\/pages\/744\/revisions\/10475"}],"wp:featuredmedia":[{"embeddable":true,"href":"https:\/\/lagrandeecoledesaffaires.com\/index.php\/wp-json\/wp\/v2\/media\/10341"}],"wp:attachment":[{"href":"https:\/\/lagrandeecoledesaffaires.com\/index.php\/wp-json\/wp\/v2\/media?parent=744"}],"curies":[{"name":"wp","href":"https:\/\/api.w.org\/{rel}","templated":true}]}}