{"id":723,"date":"2017-02-01T13:58:35","date_gmt":"2017-02-01T18:58:35","guid":{"rendered":"http:\/\/207.253.81.77\/?page_id=723"},"modified":"2025-11-19T13:51:46","modified_gmt":"2025-11-19T18:51:46","slug":"formation-en-negociation-art-de-negocier-2","status":"publish","type":"page","link":"https:\/\/lagrandeecoledesaffaires.com\/index.php\/formation-en-negociation-art-de-negocier-2\/","title":{"rendered":"Formation: Art de N\u00e9gocier 2"},"content":{"rendered":"<div id=\"pl-723\"  class=\"panel-layout\" ><div id=\"pg-723-0\"  class=\"panel-grid panel-no-style\" ><div id=\"pgc-723-0-0\"  class=\"panel-grid-cell\" ><div id=\"panel-723-0-0-0\" class=\"so-panel widget widget_sow-editor panel-first-child\" data-index=\"0\" ><div\n\t\t\t\n\t\t\tclass=\"so-widget-sow-editor so-widget-sow-editor-base\"\n\t\t\t\n\t\t><h3 class=\"widget-title\">Cr\u00e9ation de valeur, communication, interg\u00e9n\u00e9ration &amp; multiculturel.<\/h3>\n<div class=\"siteorigin-widget-tinymce textwidget\">\n\t<p data-path-to-node=\"3\"><span class=\"txtImportant\"><b>Objectif :<\/b> Transformer votre approche de la n\u00e9gociation, passant de l\u2019instinct \u00e0 une m\u00e9thode strat\u00e9gique rigoureuse, pour maximiser l\u2019atteinte de vos objectifs financiers, professionnels et personnels.<\/span><\/p>\n<h2><b>R\u00e9sum\u00e9 de la Formation<\/b><\/h2>\n<p data-path-to-node=\"5\">La formation \u00ab Art de N\u00e9gocier 2 \u00bb est con\u00e7ue pour vous doter d'une ma\u00eetrise strat\u00e9gique des enjeux humains, processuels et probl\u00e9matiques de toute interaction. Elle s'articule autour du principe que le succ\u00e8s d'une n\u00e9gociation r\u00e9side dans la qualit\u00e9 d'une pr\u00e9paration sans faille, exigeant souvent dix heures de travail pour une heure de discussion. Vous apprendrez \u00e0 explorer en profondeur les trois dimensions cruciales de la n\u00e9gociation \u2014 qui n\u00e9gocie (les personnes), de quoi (les probl\u00e8mes) et comment (le processus) \u2014 tout en int\u00e9grant des dynamiques contemporaines comme la cohabitation des g\u00e9n\u00e9rations et les facteurs multiculturels. Ce s\u00e9minaire interactif vous permettra de rester en plein contr\u00f4le, d\u2019identifier les opportunit\u00e9s non visibles et d\u2019anticiper les arguments de l\u2019autre partie pour b\u00e2tir une argumentation solide.<\/p>\n<p data-path-to-node=\"6\">Cette approche avanc\u00e9e vise \u00e0 red\u00e9finir la n\u00e9gociation comme un exercice de collaboration et de cr\u00e9ation de valeur, plut\u00f4t qu'une simple confrontation pour diviser un gain pr\u00e9\u00e9tabli. L'objectif est de transformer nos interlocuteurs en partenaires, en se concentrant sur les int\u00e9r\u00eats sous-jacents plut\u00f4t que sur les positions initiales. Que vous soyez un jeune professionnel cherchant \u00e0 acc\u00e9l\u00e9rer votre carri\u00e8re, un gestionnaire souhaitant mettre \u00e0 niveau ses connaissances ou un dirigeant exp\u00e9riment\u00e9 pr\u00e9parant une prime de d\u00e9part ou la vente de son entreprise, vous y trouverez des strat\u00e9gies \u00e9prouv\u00e9es et durables. La formation couvre les subtilit\u00e9s du contr\u00f4le de soi, de l\u2019\u00e9coute active et des tactiques utilis\u00e9es par les n\u00e9gociateurs professionnels pour garantir des gains maximaux dans une perspective gagnant\/gagnant.<\/p>\n<\/div>\n<\/div><\/div><div id=\"panel-723-0-0-1\" class=\"so-panel widget widget_sow-editor\" data-index=\"1\" ><div class=\"so-rounded panel-widget-style panel-widget-style-for-723-0-0-1\" ><div\n\t\t\t\n\t\t\tclass=\"so-widget-sow-editor so-widget-sow-editor-base\"\n\t\t\t\n\t\t>\n<div class=\"siteorigin-widget-tinymce textwidget\">\n\t<h2><b>Avantages Cl\u00e9s de la Formation<\/b><\/h2>\n<ul data-path-to-node=\"8\">\n<li>\n<p data-path-to-node=\"8,0,0\"><b>Ma\u00eetrise Strat\u00e9gique :<\/b> Passer de la n\u00e9gociation instinctive \u00e0 une <b>m\u00e9thode strat\u00e9gique et structur\u00e9e<\/b> pour des r\u00e9sultats durables.<\/p>\n<\/li>\n<li>\n<p data-path-to-node=\"8,1,0\"><b>Cr\u00e9ation de Valeur :<\/b> Apprendre \u00e0 mieux identifier les diff\u00e9rences de pr\u00e9f\u00e9rences pour maximiser la <b>cr\u00e9ation et la r\u00e9partition de la valeur<\/b>.<\/p>\n<\/li>\n<li>\n<p data-path-to-node=\"8,2,0\"><b>Gestion \u00c9motionnelle :<\/b> Renforcer la <b>gestion des \u00e9motions<\/b> et le <b>contr\u00f4le de soi<\/b> pour rester serein dans des relations tendues et \u00e9viter d'\u00eatre votre propre ennemi en cas de conflit.<\/p>\n<\/li>\n<li>\n<p data-path-to-node=\"8,3,0\"><b>Collaboration Durable :<\/b> D\u00e9velopper l'agilit\u00e9 pour transformer les adversaires en <b>partenaires collaboratifs<\/b> (approche gagnant\/gagnant) pour l'avenir.<\/p>\n<\/li>\n<li>\n<p data-path-to-node=\"8,4,0\"><b>Pr\u00e9paration sans Faille :<\/b> Acqu\u00e9rir une m\u00e9thodologie de pr\u00e9paration rigoureuse, en connaissant les questions cl\u00e9s \u00e0 poser et en pr\u00e9voyant une porte de sortie si n\u00e9cessaire.<\/p>\n<\/li>\n<li>\n<p data-path-to-node=\"8,5,0\"><b>Communication Avanc\u00e9e :<\/b> Ma\u00eetriser le jeu de l\u2019<b>\u00e9coute active<\/b> et de la <b>parole active<\/b>, ainsi que l'analyse du <b>langage corporel<\/b> et du regard.<\/p>\n<\/li>\n<li>\n<p data-path-to-node=\"8,6,0\"><b>Enjeux Complexes :<\/b> Comprendre et appliquer les principes de la <b>n\u00e9gociation verticale, multilat\u00e9rale et multiculturelle<\/b> et g\u00e9rer la complexit\u00e9 des diff\u00e9rends interg\u00e9n\u00e9rationnels.<\/p>\n<\/li>\n<li>\n<p data-path-to-node=\"8,7,0\"><b>Reconnaissance Professionnelle :<\/b> Formation accr\u00e9dit\u00e9e par Emploi Qu\u00e9bec (10 UFC), reconnue par la majorit\u00e9 des Associations et Ordres professionnels, et admissible au r\u00e8glement formation continue de l'Ordre des ing\u00e9nieurs du Qu\u00e9bec (OIQ).<\/p>\n<\/li>\n<\/ul>\n<\/div>\n<\/div><\/div><\/div><div id=\"panel-723-0-0-2\" class=\"so-panel widget widget_sow-editor panel-last-child\" data-index=\"2\" ><div\n\t\t\t\n\t\t\tclass=\"so-widget-sow-editor so-widget-sow-editor-base\"\n\t\t\t\n\t\t>\n<div class=\"siteorigin-widget-tinymce textwidget\">\n\t<h2><b>Encadrement et Contexte d'Application<\/b><\/h2>\n<p data-path-to-node=\"10\">Les meilleures comp\u00e9tences de n\u00e9gociation ne sont pas un don; elles s'acqui\u00e8rent par une formation professionnelle de haute qualit\u00e9. Dans le paysage professionnel actuel, le r\u00f4le du leader est de plus en plus celui d\u2019un n\u00e9gociateur de projet structur\u00e9, capable de faire valider des initiatives novatrices, de r\u00e9soudre des conflits internes et d'optimiser les ressources de l'organisation. Ce s\u00e9minaire de deux jours mettra directement \u00e0 l'\u00e9preuve votre leadership et votre courage manag\u00e9rial, des qualit\u00e9s essentielles dans le \u00ab jeu \u00bb de la n\u00e9gociation.<\/p>\n<p data-path-to-node=\"11\">Dispensez en mode web interactif, les \u00e9changes dynamiques entre les participants cr\u00e9ent une impression d'\u00eatre en pr\u00e9sentiel. Forte de 32 ans d'exp\u00e9rience, la Grande \u00c9cole des affaires s'appuie sur des formateurs aguerris pour vous offrir une exp\u00e9rience d'apprentissage constructive et agr\u00e9able. En investissant deux journ\u00e9es compl\u00e8tes, vous vous assurez d'int\u00e9grer des techniques durables, \u00e9vitant l'erreur de se surestimer ou de sous-estimer l'autre. La ma\u00eetrise de soi et le respect de l'autre sont les fondations pour clore chaque n\u00e9gociation dans un climat serein, en pensant toujours au lendemain.<\/p>\n<\/div>\n<\/div><\/div><\/div><div id=\"pgc-723-0-1\"  class=\"panel-grid-cell\" ><div id=\"panel-723-0-1-0\" class=\"so-panel widget widget_sow-editor panel-first-child\" data-index=\"3\" ><div\n\t\t\t\n\t\t\tclass=\"so-widget-sow-editor so-widget-sow-editor-base\"\n\t\t\t\n\t\t>\n<div class=\"siteorigin-widget-tinymce textwidget\">\n\t<p><img loading=\"lazy\" decoding=\"async\" class=\"alignleft size-full wp-image-10092\" src=\"https:\/\/lagrandeecoledesaffaires.com\/wp-content\/uploads\/2025\/11\/art-negocier-2.png\" alt=\"\" width=\"1024\" height=\"748\" srcset=\"https:\/\/lagrandeecoledesaffaires.com\/wp-content\/uploads\/2025\/11\/art-negocier-2.png 1024w, https:\/\/lagrandeecoledesaffaires.com\/wp-content\/uploads\/2025\/11\/art-negocier-2-300x219.png 300w, https:\/\/lagrandeecoledesaffaires.com\/wp-content\/uploads\/2025\/11\/art-negocier-2-768x561.png 768w\" sizes=\"auto, (max-width: 1024px) 100vw, 1024px\" \/><\/p>\n<p><iframe loading=\"lazy\" title=\"YouTube video player\" src=\"https:\/\/www.youtube.com\/embed\/AnwtkJJa0zA\" width=\"800\" height=\"450\" frameborder=\"0\" allowfullscreen=\"allowfullscreen\" data-mce-fragment=\"1\"><\/iframe><\/p>\n<\/div>\n<\/div><\/div><div id=\"panel-723-0-1-1\" class=\"so-panel widget widget_sow-editor\" data-index=\"4\" ><div\n\t\t\t\n\t\t\tclass=\"so-widget-sow-editor so-widget-sow-editor-base\"\n\t\t\t\n\t\t>\n<div class=\"siteorigin-widget-tinymce textwidget\">\n\t<div id='event_wrapper'><div id='event_search_code' style='display:none;' data='category_identifier=lart-de-negocier-ii-1486057100&css_class=&event_category_id=&staff_id=&allow_override=0&show_expired=false&show_secondary=false&show_deleted=false&show_recurrence=true&limit=0&order_by=NULL&sort=&events_per_page=50&num_page_links_to_display=10&exclude_closed_events=false'><\/div><div id='event_container_pagination' ><div id='event_content' class='event_content'><div id=\"event_data-600\" class=\"event_data  lart-de-negocier-ii-1486057100 event-data-display event-list-display event-display-boxes ui-widget\">\n\t<h3 id=\"event_title-600\" class=\"event_title ui-widget-header ui-corner-top\"><a title=\"\u00c0 DISTANCE - Formation Art de n\u00e9gocier 2\" class=\"a_event_title\" id=\"a_event_title-600\" href=\"https:\/\/lagrandeecoledesaffaires.com\/index.php\/calendrier\/?ee=600\">\u00c0 DISTANCE - Formation Art de n\u00e9gocier 2<\/a>\n\t\t\t\t\t\t\t\t\t\t\t\t\t\t\t\t\t\t\t<\/h3>\n<div class=\"event-data-display ui-widget-content ui-corner-bottom\">\n\t\t\t\t\t\t\t\t\t\t\t<div class=\"event-desc\">\n\t\t\n\t\t\t<p>2 jours de 9 h \u00e0 11 h 30 et de 13 h \u00e0 15 h 30<\/p>\n\t\t<\/div>\n\t\t\t<div class=\"event-meta clearfix\">\n\t\t<p id=\"p_event_price-600\" class=\"event_price\"><span class=\"section-title\">Prix : <\/span> C$799.00<\/p>\t\t<p id=\"event_date-600\"><span class=\"section-title\">Date : <\/span>  16 juin 2026 \n\t\t\t<a  href=\"https:\/\/lagrandeecoledesaffaires.com?iCal=true&amp;current_year=2026&amp;current_month=04&amp;current_day=20&amp;current_time=122022&amp;event_id=600&amp;ee_reg_id=f0dbd8bcf70883af02b29e88ddeeb427-69e65245cee1b3.95828728&amp;contact_email=info@lagrandeecoledesaffaires.com&amp;start_year=2026&amp;start_month=06&amp;start_day=16&amp;start_time=120000&amp;end_year=2026&amp;end_month=06&amp;end_day=16&amp;end_time=210000&amp;event_summary=\u00c0 DISTANCE - Formation Art de n\u00e9gocier 2&amp;ee_reg_url=https:\/\/lagrandeecoledesaffaires.com\/index.php\/calendrier\/?ee=600&amp;site_url=https:\/\/lagrandeecoledesaffaires.com&amp;organization=La Grande \u00c9cole des affaires&amp;location\" id=\"espresso_ical_600\" class=\"espresso_ical_link\" title=\"Import au format iCal\"><img decoding=\"async\" src=\"https:\/\/lagrandeecoledesaffaires.com\/wp-content\/plugins\/event-espresso\/images\/icons\/calendar_link.png\"><\/a>\t\t<\/p>\n\t<\/div>\n\n\t <p id=\"available_spaces-600\" class=\"spaces-available\"><span class=\"section-title\">Places disponibles pour cet \u00e9v\u00e9nement :<\/span> 18<\/p>\n\t\t\t\t\t\t\t<p id=\"register_link-600\" class=\"register-link-footer\">\n\t\t\t\t\t<a class=\"a_register_link ui-button ui-button-big ui-priority-primary ui-state-default ui-state-hover ui-state-focus ui-corner-all\" id=\"a_register_link-600\" href=\"https:\/\/lagrandeecoledesaffaires.com\/index.php\/calendrier\/?ee=600\" title=\"\u00c0 DISTANCE - Formation Art de n\u00e9gocier 2\">R\u00e9server en ligne<\/a>\n\t\t\t\t\t\t\t\t\t<\/p>\n\t\t\n<\/div><!-- \/ .event-data-display -->\n<\/div><!-- \/ .event-display-boxes -->\n<\/div><\/div><\/div>\n<p>&nbsp;<\/p>\n<p><a class=\"button\" href=\"https:\/\/lagrandeecoledesaffaires.com\/index.php\/en-entreprise\/\">Formation en entreprise disponible<\/a><\/p>\n<\/div>\n<\/div><\/div><div id=\"panel-723-0-1-2\" class=\"so-panel widget widget_sow-editor\" data-index=\"5\" ><div\n\t\t\t\n\t\t\tclass=\"so-widget-sow-editor so-widget-sow-editor-base\"\n\t\t\t\n\t\t>\n<div class=\"siteorigin-widget-tinymce textwidget\">\n\t<h2><\/h2>\n<h2>Cette formation vous int\u00e9resse ?<br \/>\nContactez-nous<\/h2>\n<\/div>\n<\/div><\/div><div id=\"panel-723-0-1-3\" class=\"so-panel widget widget_sow-contact-form panel-last-child\" data-index=\"6\" ><div\n\t\t\t\n\t\t\tclass=\"so-widget-sow-contact-form so-widget-sow-contact-form-default-27da056a8e04-723\"\n\t\t\t\n\t\t>\t<form\n\t\taction=\"\/index.php\/wp-json\/wp\/v2\/pages\/723\"\n\t\tmethod=\"POST\"\n\t\tclass=\"sow-contact-form\"\n\t\tid=\"contact-form-da40\"\n\t>\n\n\t\t\n\t\t            <p><em>Les champs marqu\u00e9s d\u2019un * sont obligatoires<\/em><\/p>\n\t\t\t\t\t\t<div class=\"sow-form-field sow-form-field-name\">\n\t\t\t\t\t\t\t\t<div class=\"sow-field-container\">\n\t\t\t\t\t\t\t<input\n\t\t\ttype=\"text\"\n\t\t\tname=\"votre-nom-1\"\n\t\t\tid=\"sow-contact-form-field-votre-nom-1\"\n\t\t\tvalue=\"\"\n\t\t\tclass=\"sow-text-field\"\n\t\t\tplaceholder=\"Votre nom*\"\t\t\t\t\t\/>\n\t\t\t\t\t\t<\/div>\n\t\t\t\t\t\t\t<\/div>\n\t\t\t\t\t\t<div class=\"sow-form-field sow-form-field-email\">\n\t\t\t\t\t\t\t\t<div class=\"sow-field-container\">\n\t\t\t\t\t\t\t<input\n\t\t\ttype=\"email\"\n\t\t\tname=\"votre-adresse-de-messagerie-1\"\n\t\t\tid=\"sow-contact-form-field-votre-adresse-de-messagerie-1\"\n\t\t\tvalue=\"\"\n\t\t\tclass=\"sow-text-field\"placeholder=\"Votre adresse de messagerie*\"\t\t\t\t\t\t\t\t\/>\n\t\t\t\t\t\t<\/div>\n\t\t\t\t\t\t\t<\/div>\n\t\t\t\t\t\t<div class=\"sow-form-field sow-form-field-textarea\">\n\t\t\t\t\t\t\t\t<div class=\"sow-field-container\">\n\t\t\t\t\t\t\t<textarea\n\t\t\tname=\"message-1\"\n\t\t\tid=\"sow-contact-form-field-message-1\"\n\t\t\trows=\"10\"\n\t\t\tplaceholder=\"Message*\"\t\t\t\t\t><\/textarea>\n\t\t\t\t\t\t<\/div>\n\t\t\t\t\t\t\t<\/div>\n\t\t\t\n\t\t\n\t\t<div class=\"sow-submit-wrapper \n\t\tsow-submit-styled\t\t\">\n\n\t\t\t<button\n\t\t\t\ttype=\"submit\"\n\t\t\t\tclass=\"sow-submit\n\t\t\t\t\t\t\t\t\"\n\t\t\t\t\t\t\t>\n\t\t\t\tContactez-nous\t\t\t<\/button>\n\t\t<\/div>\n\t\t\t\t<input\n\t\t\ttype=\"hidden\"\n\t\t\tname=\"instance_hash-1\"\n\t\t\tvalue=\"da40f3bd\"\n\t\t\/>\n\n\t\t<input type=\"hidden\" id=\"_wpnonce\" name=\"_wpnonce\" value=\"2ffb9885ef\" \/><input type=\"hidden\" name=\"_wp_http_referer\" value=\"\/index.php\/wp-json\/wp\/v2\/pages\/723\" \/>\t<\/form>\n\t<\/div><\/div><\/div><\/div><\/div>","protected":false},"excerpt":{"rendered":"<p>Objectif : Transformer votre approche de la n\u00e9gociation, passant de l\u2019instinct \u00e0 une m\u00e9thode strat\u00e9gique rigoureuse, pour maximiser l\u2019atteinte de vos objectifs financiers, professionnels et personnels. R\u00e9sum\u00e9 de la Formation La formation \u00ab Art de N\u00e9gocier 2 \u00bb est con\u00e7ue pour vous doter d&rsquo;une ma\u00eetrise strat\u00e9gique des enjeux humains, processuels et probl\u00e9matiques de toute interaction.&hellip;&nbsp;<\/p>\n","protected":false},"author":1,"featured_media":8837,"parent":0,"menu_order":0,"comment_status":"closed","ping_status":"closed","template":"","meta":{"neve_meta_sidebar":"","neve_meta_container":"","neve_meta_enable_content_width":"off","neve_meta_content_width":100,"neve_meta_title_alignment":"","neve_meta_author_avatar":"","neve_post_elements_order":"","neve_meta_disable_header":"","neve_meta_disable_footer":"","neve_meta_disable_title":"","footnotes":""},"class_list":["post-723","page","type-page","status-publish","has-post-thumbnail","hentry"],"_links":{"self":[{"href":"https:\/\/lagrandeecoledesaffaires.com\/index.php\/wp-json\/wp\/v2\/pages\/723","targetHints":{"allow":["GET"]}}],"collection":[{"href":"https:\/\/lagrandeecoledesaffaires.com\/index.php\/wp-json\/wp\/v2\/pages"}],"about":[{"href":"https:\/\/lagrandeecoledesaffaires.com\/index.php\/wp-json\/wp\/v2\/types\/page"}],"author":[{"embeddable":true,"href":"https:\/\/lagrandeecoledesaffaires.com\/index.php\/wp-json\/wp\/v2\/users\/1"}],"replies":[{"embeddable":true,"href":"https:\/\/lagrandeecoledesaffaires.com\/index.php\/wp-json\/wp\/v2\/comments?post=723"}],"version-history":[{"count":96,"href":"https:\/\/lagrandeecoledesaffaires.com\/index.php\/wp-json\/wp\/v2\/pages\/723\/revisions"}],"predecessor-version":[{"id":10152,"href":"https:\/\/lagrandeecoledesaffaires.com\/index.php\/wp-json\/wp\/v2\/pages\/723\/revisions\/10152"}],"wp:featuredmedia":[{"embeddable":true,"href":"https:\/\/lagrandeecoledesaffaires.com\/index.php\/wp-json\/wp\/v2\/media\/8837"}],"wp:attachment":[{"href":"https:\/\/lagrandeecoledesaffaires.com\/index.php\/wp-json\/wp\/v2\/media?parent=723"}],"curies":[{"name":"wp","href":"https:\/\/api.w.org\/{rel}","templated":true}]}}