{"id":647,"date":"2017-01-30T22:32:44","date_gmt":"2017-01-30T21:32:44","guid":{"rendered":"http:\/\/207.253.81.77\/?page_id=647"},"modified":"2025-12-16T11:19:57","modified_gmt":"2025-12-16T16:19:57","slug":"services-de-consultation","status":"publish","type":"page","link":"https:\/\/lagrandeecoledesaffaires.com\/index.php\/services-de-consultation\/","title":{"rendered":"Services de consultation"},"content":{"rendered":"<div id=\"pl-647\"  class=\"panel-layout\" ><div id=\"pg-647-0\"  class=\"panel-grid panel-no-style\" ><div id=\"pgc-647-0-0\"  class=\"panel-grid-cell\" ><div id=\"panel-647-0-0-0\" class=\"so-panel widget widget_sow-editor panel-first-child\" data-index=\"0\" ><div\n\t\t\t\n\t\t\tclass=\"so-widget-sow-editor so-widget-sow-editor-base\"\n\t\t\t\n\t\t>\n<div class=\"siteorigin-widget-tinymce textwidget\">\n\t<h2 data-path-to-node=\"3\">Services de Consultation et d'Accompagnement : La Grande \u00c9cole des Affaires<\/h2>\n<h3 data-path-to-node=\"4\">Voir les choses autrement, obtenir des r\u00e9sultats concrets.<\/h3>\n<p data-path-to-node=\"5\">L'<b>am\u00e9lioration continue<\/b> est la marque des leaders. Dans un monde en perp\u00e9tuel mouvement, r\u00e9p\u00e9ter les m\u00eames strat\u00e9gies ne suffit plus. Que vous cherchiez \u00e0 optimiser vos processus, former votre personnel ou n\u00e9gocier des ententes cruciales, nos services de consultation et de coaching sont con\u00e7us pour transformer vos objectifs en <b>succ\u00e8s durables<\/b>.<\/p>\n<\/div>\n<\/div><\/div><div id=\"panel-647-0-0-1\" class=\"so-panel widget widget_sow-editor\" data-index=\"1\" ><div class=\"so-rounded panel-widget-style panel-widget-style-for-647-0-0-1\" ><div\n\t\t\t\n\t\t\tclass=\"so-widget-sow-editor so-widget-sow-editor-base\"\n\t\t\t\n\t\t>\n<div class=\"siteorigin-widget-tinymce textwidget\">\n\t<h3 data-path-to-node=\"7\">Pourquoi choisir La Grande \u00c9cole des Affaires?<\/h3>\n<h4 data-path-to-node=\"8\"><b>Des r\u00e9sultats qui parlent : Notre preuve d'impact<\/b><\/h4>\n<p data-path-to-node=\"9\">Nous ne faisons pas que former, nous cr\u00e9ons de la valeur mesurable dans votre entreprise.<\/p>\n<ul data-path-to-node=\"10\">\n<li>\n<p data-path-to-node=\"10,0,0\"><b>DIMINUTION<\/b> des co\u00fbts d\u2019achat et d\u2019approvisionnement : <b>jusqu'\u00e0 5%<\/b><\/p>\n<\/li>\n<li>\n<p data-path-to-node=\"10,1,0\"><b>DIMINUTION<\/b> de la perte de client\u00e8le (r\u00e9tention n\u00e9gative) : <b>jusqu'\u00e0 5%<\/b><\/p>\n<\/li>\n<li>\n<p data-path-to-node=\"10,2,0\"><b>AUGMENTATION<\/b> des ventes : <b>jusqu'\u00e0 5%<\/b><\/p>\n<\/li>\n<\/ul>\n<p data-path-to-node=\"11\"><b>NOS R\u00c9SULTATS SONT \u00c9TONNANTS. LAISSEZ-NOUS VOUS LE D\u00c9MONTRER.<\/b><\/p>\n<h4 data-path-to-node=\"12\"><b>Une expertise reconnue par l'\u00e9lite<\/b><\/h4>\n<p data-path-to-node=\"13\">Notre approche est \u00e9prouv\u00e9e, m\u00eame par les organisations les plus exigeantes :<\/p>\n<blockquote data-path-to-node=\"14\">\n<p data-path-to-node=\"14,0\"><b>L'H\u00f4pital de Hawkesbury, class\u00e9 2e meilleur h\u00f4pital au Canada<\/b> pour les soins de sant\u00e9 (Maclean\u2019s, Le Droit, 27 ao\u00fbt 2019), a fait confiance \u00e0 La Grande \u00c9cole des Affaires. Nous avons form\u00e9 l'ensemble de son personnel (m\u00e9decins, haute direction) en <b>Attitude Patient\/Coll\u00e8gues<\/b>, ainsi que ses gestionnaires en <b>N\u00e9gociation Strat\u00e9gique et Leadership de Gestion<\/b>.<\/p>\n<\/blockquote>\n<h4 data-path-to-node=\"15\"><b>30 ans d'exp\u00e9rience au service de votre succ\u00e8s<\/b><\/h4>\n<p data-path-to-node=\"16\">Avec La Grande \u00c9cole des Affaires, vous permettez \u00e0 votre \u00e9quipe d'<b>apprendre rapidement ce que la vie enseigne en plusieurs ann\u00e9es<\/b>. Nous offrons de la formation depuis 30 ans, et nos <b>cas de succ\u00e8s sont nombreux<\/b> chez nos clients.<\/p>\n<\/div>\n<\/div><\/div><\/div><div id=\"panel-647-0-0-2\" class=\"so-panel widget widget_sow-editor\" data-index=\"2\" ><div\n\t\t\t\n\t\t\tclass=\"so-widget-sow-editor so-widget-sow-editor-base\"\n\t\t\t\n\t\t>\n<div class=\"siteorigin-widget-tinymce textwidget\">\n\t<h3 data-path-to-node=\"18\">os Solutions de Formation<\/h3>\n<p data-path-to-node=\"19\">Nos formations sont con\u00e7ues pour \u00eatre flexibles, professionnelles et imm\u00e9diatement applicables :<\/p>\n<ul data-path-to-node=\"20\">\n<li>\n<p data-path-to-node=\"20,0,0\"><b>Format flexible :<\/b> Vid\u00e9oconf\u00e9rence et formation \u00e0 distance.<\/p>\n<\/li>\n<li>\n<p data-path-to-node=\"20,1,0\"><b>Structure pratique :<\/b> Chaque formation est offerte en 2 capsules de 2 heures chacune.<\/p>\n<\/li>\n<li>\n<p data-path-to-node=\"20,2,0\"><b>Cr\u00e9dits reconnus :<\/b> Vous obtenez une attestation d\u2019\u00e9tudes de <b>5 heures<\/b> par formation.<\/p>\n<\/li>\n<\/ul>\n<h4 data-path-to-node=\"21\"><b>Reconnaissances et Accr\u00e9ditations<\/b><\/h4>\n<ul data-path-to-node=\"22\">\n<li>\n<p data-path-to-node=\"22,0,0\"><b>Reconnu par Emploi-Qu\u00e9bec<\/b> depuis 30 ans.<\/p>\n<\/li>\n<li>\n<p data-path-to-node=\"22,1,0\"><b>Reconnu par la majorit\u00e9 des Ordres professionnels<\/b> pour l'obtention d\u2019<b>Unit\u00e9s de Formation Continue (UFC)<\/b>.<\/p>\n<blockquote data-path-to-node=\"22,1,1\">\n<p data-path-to-node=\"22,1,1,0\"><i>Besoin d'UFC? Jumelez l\u2019utile \u00e0 l\u2019agr\u00e9able avec nos formations enfin disponibles en ligne.<\/i><\/p>\n<\/blockquote>\n<\/li>\n<li>\n<p data-path-to-node=\"22,2,0\"><b>Admissible<\/b> \u00e0 tous les programmes gouvernementaux de formation de la main-d\u2019\u0153uvre depuis 30 ans.<\/p>\n<\/li>\n<\/ul>\n<p data-path-to-node=\"23\"><b>Inscrivez-vous en ligne :<\/b> Consultez le contenu des formations disponibles sur <a class=\"ng-star-inserted\" href=\"https:\/\/lagrandeecoledesaffaires.com\" target=\"_blank\" rel=\"noopener\" data-hveid=\"0\" data-ved=\"0CAAQ_4QMahgKEwitpteHtcKRAxUAAAAAHQAAAAAQjAM\">lagrandeecoledesaffaires.com<\/a>.<\/p>\n<\/div>\n<\/div><\/div><div id=\"panel-647-0-0-3\" class=\"so-panel widget widget_sow-editor\" data-index=\"3\" ><div class=\"so-rounded panel-widget-style panel-widget-style-for-647-0-0-3\" ><div\n\t\t\t\n\t\t\tclass=\"so-widget-sow-editor so-widget-sow-editor-base\"\n\t\t\t\n\t\t>\n<div class=\"siteorigin-widget-tinymce textwidget\">\n\t<h3 data-path-to-node=\"25\">Raymond Guy : L'Expert \u00e0 votre service<\/h3>\n<p data-path-to-node=\"26\">Raymond Guy est l'accompagnateur strat\u00e9gique derri\u00e8re nos plus grandes r\u00e9ussites. Son expertise couvre un spectre \u00e9tendu de situations complexes :<\/p>\n<table data-path-to-node=\"27\">\n<thead>\n<tr>\n<td><strong>Cat\u00e9gories d'intervention<\/strong><\/td>\n<td><strong>Exemples de situations<\/strong><\/td>\n<\/tr>\n<\/thead>\n<tbody>\n<tr>\n<td><span data-path-to-node=\"27,1,0,0\"><b>N\u00e9gociation Strat\u00e9gique<\/b><\/span><\/td>\n<td><span data-path-to-node=\"27,1,1,0\">Ententes\/conflits entre partenaires\/investisseurs, contrats tr\u00e8s diversifi\u00e9s, n\u00e9gociation avec fournisseurs essentiels, achat de nuit\u00e9es h\u00f4teli\u00e8res en grand volume.<\/span><\/td>\n<\/tr>\n<tr>\n<td><span data-path-to-node=\"27,2,0,0\"><b>Transactions &amp; Financement<\/b><\/span><\/td>\n<td><span data-path-to-node=\"27,2,1,0\">Achat, vente et financement d'entreprises, n\u00e9gociation financi\u00e8re (mezzanine, banques, <i>love money<\/i>), diminution du fardeau financier pour une reprise.<\/span><\/td>\n<\/tr>\n<tr>\n<td><span data-path-to-node=\"27,3,0,0\"><b>Gestion des Relations<\/b><\/span><\/td>\n<td><span data-path-to-node=\"27,3,1,0\">Relations employ\u00e9es\/cadres\/employeurs\/syndicats, contrats de travail et primes de s\u00e9paration, gestion de probl\u00e8mes avec un client majeur.<\/span><\/td>\n<\/tr>\n<tr>\n<td><span data-path-to-node=\"27,4,0,0\"><b>Patrimoine &amp; Immobilier<\/b><\/span><\/td>\n<td><span data-path-to-node=\"27,4,1,0\">Vente ou achat d'immeubles (h\u00f4tels, bureaux, r\u00e9sidentiel, etc.), divorces impliquant un patrimoine familial important, n\u00e9gociation d'extras au contrat original.<\/span><\/td>\n<\/tr>\n<tr>\n<td><span data-path-to-node=\"27,5,0,0\"><b>Achats Sp\u00e9cifiques<\/b><\/span><\/td>\n<td><span data-path-to-node=\"27,5,1,0\">Achat d\u2019\u00e9quipement lourd, machinerie industrielle, \u00e9quipement informatique, voitures exotiques, embarcations de prestige.<\/span><\/td>\n<\/tr>\n<\/tbody>\n<\/table>\n<p>&nbsp;<\/p>\n<p>Avec un regard objectif, Raymond Guy a contribu\u00e9 \u00e0 des <b>centaines de millions de dollars<\/b> de transactions. En vous accompagnant avec les meilleures techniques de n\u00e9gociation, il devient un <b>atout, une source de profit net et un positionnement favorable<\/b> dans votre cr\u00e9neau.<\/p>\n<\/div>\n<\/div><\/div><\/div><div id=\"panel-647-0-0-4\" class=\"so-panel widget widget_sow-editor panel-last-child\" data-index=\"4\" ><div\n\t\t\t\n\t\t\tclass=\"so-widget-sow-editor so-widget-sow-editor-base\"\n\t\t\t\n\t\t>\n<div class=\"siteorigin-widget-tinymce textwidget\">\n\t<h3 data-path-to-node=\"30\">T\u00e9moignages de Succ\u00e8s<\/h3>\n<ul data-path-to-node=\"31\">\n<li>\n<p data-path-to-node=\"31,0,0\"><b>Sylvain Lavall\u00e9e, Pr\u00e9sident BMC<\/b> : \u00ab J'ai rencontr\u00e9 Raymond Guy en 1993. Son service d'accompagnement m'a aid\u00e9 \u00e0 faire progresser mon entreprise <b>de 20 \u00e0 250 employ\u00e9s<\/b>, avec une croissance des ventes de 18% par ann\u00e9e tout en conservant nos marges. \u00bb<\/p>\n<\/li>\n<li>\n<p data-path-to-node=\"31,1,0\"><b>Christine Beaulieu et Ga\u00e9tan V\u00e9zina, Fondateurs de Chocolat Favori<\/b> : \u00ab Raymond Guy a travaill\u00e9 avec nous pendant plusieurs ann\u00e9es dans les ann\u00e9es 2000. Nous avons <b>grandement appr\u00e9ci\u00e9<\/b>. \u00bb<\/p>\n<\/li>\n<li>\n<p data-path-to-node=\"31,2,0\"><b>\u00c9ric et Sylvie Bernard, Carosserie de la Rive-Sud<\/b> : \u00ab Raymond Guy nous a \u00e9t\u00e9 un conseiller pratique, terre-\u00e0-terre, dynamique. Nous avons augment\u00e9 notre entreprise par <b>22 fois<\/b>. \u00bb<\/p>\n<\/li>\n<li>\n<p data-path-to-node=\"31,3,0\"><b>Roger Taillibert, Architecte<\/b> : \u00ab Mes rencontres et discussions avec toi m'ont permis d'analyser d'autres avenues... \u00c0 84 ans, mon entreprise est encore l'une des plus reconnues au monde. Rester jeune longtemps tout en n\u00e9gociant all\u00e9grement. Au plaisir. \u00bb<\/p>\n<\/li>\n<li>\n<p data-path-to-node=\"31,4,0\"><b>Bernard Thibault, Pr\u00e9sident TSMA<\/b> (ancien Vice-Pr\u00e9sident du Montr\u00e9al Trust) : \u00ab Raymond Guy, tu as \u00e9t\u00e9 notre <b>meilleur consultant<\/b> ! Ton travail en n\u00e9gociation, en mise en march\u00e9 et en attitude client sont exceptionnels. Toujours aussi dynamique et professionnel. \u00bb<\/p>\n<\/li>\n<\/ul>\n<hr data-path-to-node=\"32\" \/>\n<h3 data-path-to-node=\"33\">Contact et Inscription<\/h3>\n<p data-path-to-node=\"34\"><b>Rabais pour inscription de groupe :<\/b><\/p>\n<ul data-path-to-node=\"35\">\n<li>\n<p data-path-to-node=\"35,0,0\"><b>10%<\/b> sur 3 inscriptions<\/p>\n<\/li>\n<li>\n<p data-path-to-node=\"35,1,0\"><b>15%<\/b> sur 5 inscriptions<\/p>\n<\/li>\n<li>\n<p data-path-to-node=\"35,2,0\"><b>20%<\/b> sur 15 inscriptions ou plus<\/p>\n<\/li>\n<\/ul>\n<p data-path-to-node=\"36\"><b>Contactez-nous pour en savoir plus :<\/b><\/p>\n<ul data-path-to-node=\"37\">\n<li>\n<p data-path-to-node=\"37,0,0\"><b>Courriel :<\/b> Info@lagrandeecoledesaffaires.com<\/p>\n<\/li>\n<li>\n<p data-path-to-node=\"37,1,0\"><b>Web :<\/b> <a class=\"ng-star-inserted\" href=\"https:\/\/lagrandeecoledesaffaires.com\" target=\"_blank\" rel=\"noopener\" data-hveid=\"0\" data-ved=\"0CAAQ_4QMahgKEwitpteHtcKRAxUAAAAAHQAAAAAQkAM\">lagrandeecoledesaffaires.com<\/a><\/p>\n<\/li>\n<\/ul>\n<p data-path-to-node=\"38\"><b>Savoir se r\u00e9inventer, c'est savoir o\u00f9 chercher le bon partenaire.<\/b><\/p>\n<\/div>\n<\/div><\/div><\/div><div id=\"pgc-647-0-1\"  class=\"panel-grid-cell\" ><div id=\"panel-647-0-1-0\" class=\"so-panel widget widget_sow-editor panel-first-child\" data-index=\"5\" ><div\n\t\t\t\n\t\t\tclass=\"so-widget-sow-editor so-widget-sow-editor-base\"\n\t\t\t\n\t\t>\n<div class=\"siteorigin-widget-tinymce textwidget\">\n\t<p><img loading=\"lazy\" decoding=\"async\" class=\"alignleft size-full wp-image-10294\" src=\"https:\/\/lagrandeecoledesaffaires.com\/wp-content\/uploads\/2025\/12\/homme-femme-affaires-transparent-fonce.png\" alt=\"\" width=\"1024\" height=\"1024\" srcset=\"https:\/\/lagrandeecoledesaffaires.com\/wp-content\/uploads\/2025\/12\/homme-femme-affaires-transparent-fonce.png 1024w, https:\/\/lagrandeecoledesaffaires.com\/wp-content\/uploads\/2025\/12\/homme-femme-affaires-transparent-fonce-300x300.png 300w, https:\/\/lagrandeecoledesaffaires.com\/wp-content\/uploads\/2025\/12\/homme-femme-affaires-transparent-fonce-150x150.png 150w, https:\/\/lagrandeecoledesaffaires.com\/wp-content\/uploads\/2025\/12\/homme-femme-affaires-transparent-fonce-768x768.png 768w\" sizes=\"auto, (max-width: 1024px) 100vw, 1024px\" \/><\/p>\n<\/div>\n<\/div><\/div><div id=\"panel-647-0-1-1\" class=\"so-panel widget widget_sow-editor\" data-index=\"6\" ><div\n\t\t\t\n\t\t\tclass=\"so-widget-sow-editor so-widget-sow-editor-base\"\n\t\t\t\n\t\t>\n<div class=\"siteorigin-widget-tinymce textwidget\">\n\t<h2><\/h2>\n<h2>Contactez-nous<\/h2>\n<\/div>\n<\/div><\/div><div id=\"panel-647-0-1-2\" class=\"so-panel widget widget_sow-contact-form panel-last-child\" data-index=\"7\" ><div\n\t\t\t\n\t\t\tclass=\"so-widget-sow-contact-form so-widget-sow-contact-form-default-27da056a8e04-647\"\n\t\t\t\n\t\t>\t<form\n\t\taction=\"\/index.php\/wp-json\/wp\/v2\/pages\/647\"\n\t\tmethod=\"POST\"\n\t\tclass=\"sow-contact-form\"\n\t\tid=\"contact-form-ce45\"\n\t>\n\n\t\t\n\t\t            <p><em>Les champs marqu\u00e9s d\u2019un * sont obligatoires<\/em><\/p>\n\t\t\t\t\t\t<div class=\"sow-form-field sow-form-field-name\">\n\t\t\t\t\t\t\t\t<div class=\"sow-field-container\">\n\t\t\t\t\t\t\t<input\n\t\t\ttype=\"text\"\n\t\t\tname=\"votre-nom-1\"\n\t\t\tid=\"sow-contact-form-field-votre-nom-1\"\n\t\t\tvalue=\"\"\n\t\t\tclass=\"sow-text-field\"\n\t\t\tplaceholder=\"Votre nom*\"\t\t\t\t\t\/>\n\t\t\t\t\t\t<\/div>\n\t\t\t\t\t\t\t<\/div>\n\t\t\t\t\t\t<div class=\"sow-form-field sow-form-field-email\">\n\t\t\t\t\t\t\t\t<div class=\"sow-field-container\">\n\t\t\t\t\t\t\t<input\n\t\t\ttype=\"email\"\n\t\t\tname=\"votre-adresse-de-messagerie-1\"\n\t\t\tid=\"sow-contact-form-field-votre-adresse-de-messagerie-1\"\n\t\t\tvalue=\"\"\n\t\t\tclass=\"sow-text-field\"placeholder=\"Votre adresse de messagerie*\"\t\t\t\t\t\t\t\t\/>\n\t\t\t\t\t\t<\/div>\n\t\t\t\t\t\t\t<\/div>\n\t\t\t\t\t\t<div class=\"sow-form-field sow-form-field-textarea\">\n\t\t\t\t\t\t\t\t<div class=\"sow-field-container\">\n\t\t\t\t\t\t\t<textarea\n\t\t\tname=\"message-1\"\n\t\t\tid=\"sow-contact-form-field-message-1\"\n\t\t\trows=\"10\"\n\t\t\tplaceholder=\"Message*\"\t\t\t\t\t><\/textarea>\n\t\t\t\t\t\t<\/div>\n\t\t\t\t\t\t\t<\/div>\n\t\t\t\n\t\t\n\t\t<div class=\"sow-submit-wrapper \n\t\tsow-submit-styled\t\t\">\n\n\t\t\t<button\n\t\t\t\ttype=\"submit\"\n\t\t\t\tclass=\"sow-submit\n\t\t\t\t\t\t\t\t\"\n\t\t\t\t\t\t\t>\n\t\t\t\tContactez-nous\t\t\t<\/button>\n\t\t<\/div>\n\t\t\t\t<input\n\t\t\ttype=\"hidden\"\n\t\t\tname=\"instance_hash-1\"\n\t\t\tvalue=\"ce45adac\"\n\t\t\/>\n\n\t\t<input type=\"hidden\" id=\"_wpnonce\" name=\"_wpnonce\" value=\"2ffb9885ef\" \/><input type=\"hidden\" name=\"_wp_http_referer\" value=\"\/index.php\/wp-json\/wp\/v2\/pages\/647\" \/>\t<\/form>\n\t<\/div><\/div><\/div><\/div><\/div>","protected":false},"excerpt":{"rendered":"<p>Services de Consultation et d&rsquo;Accompagnement : La Grande \u00c9cole des Affaires Voir les choses autrement, obtenir des r\u00e9sultats concrets. L&rsquo;am\u00e9lioration continue est la marque des leaders. Dans un monde en perp\u00e9tuel mouvement, r\u00e9p\u00e9ter les m\u00eames strat\u00e9gies ne suffit plus. Que vous cherchiez \u00e0 optimiser vos processus, former votre personnel ou n\u00e9gocier des ententes cruciales, nos&hellip;&nbsp;<\/p>\n","protected":false},"author":1,"featured_media":0,"parent":0,"menu_order":0,"comment_status":"closed","ping_status":"closed","template":"","meta":{"neve_meta_sidebar":"","neve_meta_container":"","neve_meta_enable_content_width":"off","neve_meta_content_width":100,"neve_meta_title_alignment":"","neve_meta_author_avatar":"","neve_post_elements_order":"","neve_meta_disable_header":"","neve_meta_disable_footer":"","neve_meta_disable_title":"","footnotes":""},"class_list":["post-647","page","type-page","status-publish","hentry"],"_links":{"self":[{"href":"https:\/\/lagrandeecoledesaffaires.com\/index.php\/wp-json\/wp\/v2\/pages\/647","targetHints":{"allow":["GET"]}}],"collection":[{"href":"https:\/\/lagrandeecoledesaffaires.com\/index.php\/wp-json\/wp\/v2\/pages"}],"about":[{"href":"https:\/\/lagrandeecoledesaffaires.com\/index.php\/wp-json\/wp\/v2\/types\/page"}],"author":[{"embeddable":true,"href":"https:\/\/lagrandeecoledesaffaires.com\/index.php\/wp-json\/wp\/v2\/users\/1"}],"replies":[{"embeddable":true,"href":"https:\/\/lagrandeecoledesaffaires.com\/index.php\/wp-json\/wp\/v2\/comments?post=647"}],"version-history":[{"count":16,"href":"https:\/\/lagrandeecoledesaffaires.com\/index.php\/wp-json\/wp\/v2\/pages\/647\/revisions"}],"predecessor-version":[{"id":10354,"href":"https:\/\/lagrandeecoledesaffaires.com\/index.php\/wp-json\/wp\/v2\/pages\/647\/revisions\/10354"}],"wp:attachment":[{"href":"https:\/\/lagrandeecoledesaffaires.com\/index.php\/wp-json\/wp\/v2\/media?parent=647"}],"curies":[{"name":"wp","href":"https:\/\/api.w.org\/{rel}","templated":true}]}}