{"id":612,"date":"2017-01-27T21:20:20","date_gmt":"2017-01-27T20:20:20","guid":{"rendered":"http:\/\/207.253.81.77\/?page_id=612"},"modified":"2025-11-27T14:25:29","modified_gmt":"2025-11-27T19:25:29","slug":"formation-courage-managerial","status":"publish","type":"page","link":"https:\/\/lagrandeecoledesaffaires.com\/index.php\/formation-courage-managerial\/","title":{"rendered":"Formation &#8211; Courage manag\u00e9rial et leadership audacieux"},"content":{"rendered":"<div id=\"pl-612\"  class=\"panel-layout\" ><div id=\"pg-612-0\"  class=\"panel-grid panel-no-style\" ><div id=\"pgc-612-0-0\"  class=\"panel-grid-cell\" ><div id=\"panel-612-0-0-0\" class=\"so-panel widget widget_sow-editor panel-first-child\" data-index=\"0\" ><div\n\t\t\t\n\t\t\tclass=\"so-widget-sow-editor so-widget-sow-editor-base\"\n\t\t\t\n\t\t>\n<div class=\"siteorigin-widget-tinymce textwidget\">\n\t<p data-path-to-node=\"3\"><span class=\"txtImportant\">Dans un environnement professionnel en constante acc\u00e9l\u00e9ration et incertitude, le <b>courage manag\u00e9rial<\/b> n'est plus une simple option, mais la <b>comp\u00e9tence cl\u00e9<\/b> qui distingue les leaders capables de g\u00e9n\u00e9rer une croissance durable et de mobiliser leurs \u00e9quipes. Cette formation intensive de La Grande \u00c9cole des Affaires est con\u00e7ue pour transformer les responsables, managers et dirigeants en leaders strat\u00e9giques, fins et audacieux. Elle permet de concilier efficacement <b>savoir-\u00eatre et savoir-faire<\/b>, en vous dotant des outils n\u00e9cessaires pour prendre des d\u00e9cisions difficiles, g\u00e9rer la pression, et affirmer votre leadership avec la justesse et la diplomatie requises.<\/span><\/p>\n<p data-path-to-node=\"4\">En favorisant l'<b>\u00e9coute active<\/b> et la <b>confiance<\/b> au sein de vos \u00e9quipes, cette journ\u00e9e d'apprentissage pratique vous outillera concr\u00e8tement pour relever les d\u00e9fis du quotidien, r\u00e9soudre les probl\u00e9matiques interpersonnelles et assumer les r\u00e9sultats collectifs. Ax\u00e9e sur la <b>vision<\/b>, la <b>strat\u00e9gie<\/b> et l'<b>esprit d'\u00e9quipe<\/b>, la formation vous apprendra \u00e0 utiliser les <b>quatre leviers du courage<\/b> pour stimuler l'innovation et l'efficacit\u00e9. Que ce soit en apprenant \u00e0 <b>dire non avec assurance<\/b> pour pr\u00e9server l'\u00e9quilibre ou en <b>responsabilisant vos \u00e9quipes<\/b>, vous d\u00e9velopperez une culture du \u00ab JE \u00bb et du \u00ab NOUS+ \u00bb qui est le v\u00e9ritable moteur d\u2019une performance accrue, d\u2019une meilleure r\u00e9tention des talents et d\u2019un succ\u00e8s organisationnel durable.<\/p>\n<\/div>\n<\/div><\/div><div id=\"panel-612-0-0-1\" class=\"so-panel widget widget_sow-editor\" data-index=\"1\" ><div class=\"so-rounded panel-widget-style panel-widget-style-for-612-0-0-1\" ><div\n\t\t\t\n\t\t\tclass=\"so-widget-sow-editor so-widget-sow-editor-base\"\n\t\t\t\n\t\t>\n<div class=\"siteorigin-widget-tinymce textwidget\">\n\t<h3>Avantages Cl\u00e9s de la Formation<\/h3>\n<ul data-path-to-node=\"7\">\n<li>\n<p data-path-to-node=\"7,0,0\"><b>Renforcement du Leadership Personnel :<\/b> Affirmez votre position et utilisez les 4 leviers du courage pour booster votre leadership avec assurance et diplomatie.<\/p>\n<\/li>\n<li>\n<p data-path-to-node=\"7,1,0\"><b>Prise de D\u00e9cision Strat\u00e9gique :<\/b> D\u00e9veloppez votre capacit\u00e9 \u00e0 prendre des d\u00e9cisions audacieuses et \u00e0 les assumer pleinement, m\u00eame en p\u00e9riode d'incertitude, transformant ainsi les connaissances en actions concr\u00e8tes.<\/p>\n<\/li>\n<li>\n<p data-path-to-node=\"7,2,0\"><b>Am\u00e9lioration de la Coh\u00e9sion d'\u00c9quipe :<\/b> Cultivez l'esprit d\u2019\u00e9quipe et r\u00e9solvez efficacement les probl\u00e9matiques interpersonnelles, renfor\u00e7ant l\u2019efficacit\u00e9 collective et la coh\u00e9sion, particuli\u00e8rement en p\u00e9riode de crise.<\/p>\n<\/li>\n<li>\n<p data-path-to-node=\"7,3,0\"><b>Meilleure Gestion de la Pression :<\/b> Apprenez \u00e0 g\u00e9rer le stress et \u00e0 d\u00e9velopper une tol\u00e9rance accrue \u00e0 la pression pour maintenir votre \u00e9quilibre et celui de vos \u00e9quipes.<\/p>\n<\/li>\n<li>\n<p data-path-to-node=\"7,4,0\"><b>Culture d'Entreprise Innovante :<\/b> Contribuez \u00e0 l\u2019\u00e9tablissement d\u2019une culture d\u2019entreprise forte, innovante et plus humaine, qui devient un moteur d\u2019agilit\u00e9, de performance et de croissance durable.<\/p>\n<\/li>\n<li>\n<p data-path-to-node=\"7,5,0\"><b>Flexibilit\u00e9 des Modalit\u00e9s :<\/b> Profitez d\u2019une formation disponible en <b>webinaire interactif<\/b> (matin et apr\u00e8s-midi) ou en <b>pr\u00e9sentiel<\/b> au sein de votre organisation, et ce, m\u00eame les fins de semaine.<\/p>\n<\/li>\n<\/ul>\n<\/div>\n<\/div><\/div><\/div><div id=\"panel-612-0-0-2\" class=\"so-panel widget widget_sow-editor panel-last-child\" data-index=\"2\" ><div\n\t\t\t\n\t\t\tclass=\"so-widget-sow-editor so-widget-sow-editor-base\"\n\t\t\t\n\t\t>\n<div class=\"siteorigin-widget-tinymce textwidget\">\n\t<h3>Un Cadre de Formation Reconnue<\/h3>\n<p data-path-to-node=\"10\">La Grande \u00c9cole des Affaires est votre partenaire de confiance depuis <b>32 ans<\/b> dans le d\u00e9veloppement des comp\u00e9tences manag\u00e9riales. Notre expertise garantit une formation immersive et concr\u00e8te, reconnue par <b>Emploi Qu\u00e9bec<\/b> et les <b>Ordres professionnels<\/b> pour l'obtention d'unit\u00e9s de formation continue (UFC). En choisissant notre programme, vous investissez dans un savoir-faire certifi\u00e9 qui aura un impact direct et mesurable sur l'agilit\u00e9, la productivit\u00e9 et la r\u00e9tention des talents au sein de votre organisation.<\/p>\n<p data-path-to-node=\"11\"><b>Investissez dans le courage manag\u00e9rial<\/b> pour transformer votre organisation et relever vos d\u00e9fis avec audace et r\u00e9ussite.<\/p>\n<\/div>\n<\/div><\/div><\/div><div id=\"pgc-612-0-1\"  class=\"panel-grid-cell\" ><div id=\"panel-612-0-1-0\" class=\"so-panel widget widget_sow-editor panel-first-child\" data-index=\"3\" ><div\n\t\t\t\n\t\t\tclass=\"so-widget-sow-editor so-widget-sow-editor-base\"\n\t\t\t\n\t\t>\n<div class=\"siteorigin-widget-tinymce textwidget\">\n\t<p><img loading=\"lazy\" decoding=\"async\" class=\"alignleft size-full wp-image-10230\" src=\"https:\/\/lagrandeecoledesaffaires.com\/wp-content\/uploads\/2025\/11\/courage-manageriale.png\" alt=\"\" width=\"1024\" height=\"748\" srcset=\"https:\/\/lagrandeecoledesaffaires.com\/wp-content\/uploads\/2025\/11\/courage-manageriale.png 1024w, https:\/\/lagrandeecoledesaffaires.com\/wp-content\/uploads\/2025\/11\/courage-manageriale-300x219.png 300w, https:\/\/lagrandeecoledesaffaires.com\/wp-content\/uploads\/2025\/11\/courage-manageriale-768x561.png 768w\" sizes=\"auto, (max-width: 1024px) 100vw, 1024px\" \/><\/p>\n<\/div>\n<\/div><\/div><div id=\"panel-612-0-1-1\" class=\"so-panel widget widget_sow-editor\" data-index=\"4\" ><div\n\t\t\t\n\t\t\tclass=\"so-widget-sow-editor so-widget-sow-editor-base\"\n\t\t\t\n\t\t>\n<div class=\"siteorigin-widget-tinymce textwidget\">\n\t<div id='event_wrapper'><div id='event_search_code' style='display:none;' data='category_identifier=courage-managerial-1486057065&css_class=&event_category_id=&staff_id=&allow_override=0&show_expired=false&show_secondary=false&show_deleted=false&show_recurrence=true&limit=0&order_by=NULL&sort=&events_per_page=50&num_page_links_to_display=10&exclude_closed_events=false'><\/div><div id='event_container_pagination' ><div id='event_content' class='event_content'><div id=\"event_data-604\" class=\"event_data  courage-managerial-1486057065 event-data-display event-list-display event-display-boxes ui-widget\">\n\t<h3 id=\"event_title-604\" class=\"event_title ui-widget-header ui-corner-top\"><a title=\"\u00c0 DISTANCE - Formation Courage manag\u00e9rial\" class=\"a_event_title\" id=\"a_event_title-604\" href=\"https:\/\/lagrandeecoledesaffaires.com\/index.php\/calendrier\/?ee=604\">\u00c0 DISTANCE - Formation Courage manag\u00e9rial<\/a>\n\t\t\t\t\t\t\t\t\t\t\t\t\t\t\t\t\t\t\t<\/h3>\n<div class=\"event-data-display ui-widget-content ui-corner-bottom\">\n\t\t\t\t\t\t\t\t\t\t\t<div class=\"event-desc\">\n\t\t\n\t\t\t<p>1 jour de 9 h \u00e0 11 h 30 et de 13 h \u00e0 15 h 30<\/p>\n\t\t<\/div>\n\t\t\t<div class=\"event-meta clearfix\">\n\t\t<p id=\"p_event_price-604\" class=\"event_price\"><span class=\"section-title\">Prix : <\/span> C$399.00<\/p>\t\t<p id=\"event_date-604\"><span class=\"section-title\">Date : <\/span>  22 juin 2026 \n\t\t\t<a  href=\"https:\/\/lagrandeecoledesaffaires.com?iCal=true&amp;current_year=2026&amp;current_month=04&amp;current_day=20&amp;current_time=121104&amp;event_id=604&amp;ee_reg_id=cb9b37fdeeaaf7660fdc04a718eea15d-69e64ff4b711c3.79458979&amp;contact_email=info@lagrandeecoledesaffaires.com&amp;start_year=2026&amp;start_month=06&amp;start_day=22&amp;start_time=120000&amp;end_year=2026&amp;end_month=06&amp;end_day=22&amp;end_time=210000&amp;event_summary=\u00c0 DISTANCE - Formation Courage manag\u00e9rial&amp;ee_reg_url=https:\/\/lagrandeecoledesaffaires.com\/index.php\/calendrier\/?ee=604&amp;site_url=https:\/\/lagrandeecoledesaffaires.com&amp;organization=La Grande \u00c9cole des affaires&amp;location\" id=\"espresso_ical_604\" class=\"espresso_ical_link\" title=\"Import au format iCal\"><img decoding=\"async\" src=\"https:\/\/lagrandeecoledesaffaires.com\/wp-content\/plugins\/event-espresso\/images\/icons\/calendar_link.png\"><\/a>\t\t<\/p>\n\t<\/div>\n\n\t <p id=\"available_spaces-604\" class=\"spaces-available\"><span class=\"section-title\">Places disponibles pour cet \u00e9v\u00e9nement :<\/span> 18<\/p>\n\t\t\t\t\t\t\t<p id=\"register_link-604\" class=\"register-link-footer\">\n\t\t\t\t\t<a class=\"a_register_link ui-button ui-button-big ui-priority-primary ui-state-default ui-state-hover ui-state-focus ui-corner-all\" id=\"a_register_link-604\" href=\"https:\/\/lagrandeecoledesaffaires.com\/index.php\/calendrier\/?ee=604\" title=\"\u00c0 DISTANCE - Formation Courage manag\u00e9rial\">R\u00e9server en ligne<\/a>\n\t\t\t\t\t\t\t\t\t<\/p>\n\t\t\n<\/div><!-- \/ .event-data-display -->\n<\/div><!-- \/ .event-display-boxes -->\n<\/div><\/div><\/div>\n<\/div>\n<\/div><\/div><div id=\"panel-612-0-1-2\" class=\"so-panel widget widget_sow-editor\" data-index=\"5\" ><div\n\t\t\t\n\t\t\tclass=\"so-widget-sow-editor so-widget-sow-editor-base\"\n\t\t\t\n\t\t>\n<div class=\"siteorigin-widget-tinymce textwidget\">\n\t<p><a class=\"button\" href=\"https:\/\/lagrandeecoledesaffaires.com\/index.php\/en-entreprise\/\">Formation en entreprise disponible<\/a><\/p>\n<\/div>\n<\/div><\/div><div id=\"panel-612-0-1-3\" class=\"so-panel widget widget_sow-editor\" data-index=\"6\" ><div\n\t\t\t\n\t\t\tclass=\"so-widget-sow-editor so-widget-sow-editor-base\"\n\t\t\t\n\t\t>\n<div class=\"siteorigin-widget-tinymce textwidget\">\n\t<p><iframe loading=\"lazy\" title=\"YouTube video player\" src=\"https:\/\/www.youtube.com\/embed\/TVHROXH_GF8\" width=\"800\" height=\"450\" frameborder=\"0\" allowfullscreen=\"allowfullscreen\" data-mce-fragment=\"1\"><\/iframe><\/p>\n<h2>Cette formation vous int\u00e9resse ?<br \/>\nContactez-nous<\/h2>\n<\/div>\n<\/div><\/div><div id=\"panel-612-0-1-4\" class=\"so-panel widget widget_sow-contact-form panel-last-child\" data-index=\"7\" ><div\n\t\t\t\n\t\t\tclass=\"so-widget-sow-contact-form so-widget-sow-contact-form-default-27da056a8e04-612\"\n\t\t\t\n\t\t>\t<form\n\t\taction=\"\/index.php\/wp-json\/wp\/v2\/pages\/612\"\n\t\tmethod=\"POST\"\n\t\tclass=\"sow-contact-form\"\n\t\tid=\"contact-form-be70\"\n\t>\n\n\t\t\n\t\t            <p><em>Les champs marqu\u00e9s d\u2019un * sont obligatoires<\/em><\/p>\n\t\t\t\t\t\t<div class=\"sow-form-field sow-form-field-name\">\n\t\t\t\t\t\t\t\t<div class=\"sow-field-container\">\n\t\t\t\t\t\t\t<input\n\t\t\ttype=\"text\"\n\t\t\tname=\"votre-nom-1\"\n\t\t\tid=\"sow-contact-form-field-votre-nom-1\"\n\t\t\tvalue=\"\"\n\t\t\tclass=\"sow-text-field\"\n\t\t\tplaceholder=\"Votre nom*\"\t\t\t\t\t\/>\n\t\t\t\t\t\t<\/div>\n\t\t\t\t\t\t\t<\/div>\n\t\t\t\t\t\t<div class=\"sow-form-field sow-form-field-email\">\n\t\t\t\t\t\t\t\t<div class=\"sow-field-container\">\n\t\t\t\t\t\t\t<input\n\t\t\ttype=\"email\"\n\t\t\tname=\"votre-adresse-de-messagerie-1\"\n\t\t\tid=\"sow-contact-form-field-votre-adresse-de-messagerie-1\"\n\t\t\tvalue=\"\"\n\t\t\tclass=\"sow-text-field\"placeholder=\"Votre adresse de messagerie*\"\t\t\t\t\t\t\t\t\/>\n\t\t\t\t\t\t<\/div>\n\t\t\t\t\t\t\t<\/div>\n\t\t\t\t\t\t<div class=\"sow-form-field sow-form-field-textarea\">\n\t\t\t\t\t\t\t\t<div class=\"sow-field-container\">\n\t\t\t\t\t\t\t<textarea\n\t\t\tname=\"message-1\"\n\t\t\tid=\"sow-contact-form-field-message-1\"\n\t\t\trows=\"10\"\n\t\t\tplaceholder=\"Message*\"\t\t\t\t\t><\/textarea>\n\t\t\t\t\t\t<\/div>\n\t\t\t\t\t\t\t<\/div>\n\t\t\t\n\t\t\n\t\t<div class=\"sow-submit-wrapper \n\t\tsow-submit-styled\t\t\">\n\n\t\t\t<button\n\t\t\t\ttype=\"submit\"\n\t\t\t\tclass=\"sow-submit\n\t\t\t\t\t\t\t\t\"\n\t\t\t\t\t\t\t>\n\t\t\t\tContactez-nous\t\t\t<\/button>\n\t\t<\/div>\n\t\t\t\t<input\n\t\t\ttype=\"hidden\"\n\t\t\tname=\"instance_hash-1\"\n\t\t\tvalue=\"be701144\"\n\t\t\/>\n\n\t\t<input type=\"hidden\" id=\"_wpnonce\" name=\"_wpnonce\" value=\"2ffb9885ef\" \/><input type=\"hidden\" name=\"_wp_http_referer\" value=\"\/index.php\/wp-json\/wp\/v2\/pages\/612\" \/>\t<\/form>\n\t<\/div><\/div><\/div><\/div><\/div>","protected":false},"excerpt":{"rendered":"<p>Dans un environnement professionnel en constante acc\u00e9l\u00e9ration et incertitude, le courage manag\u00e9rial n&rsquo;est plus une simple option, mais la comp\u00e9tence cl\u00e9 qui distingue les leaders capables de g\u00e9n\u00e9rer une croissance durable et de mobiliser leurs \u00e9quipes. Cette formation intensive de La Grande \u00c9cole des Affaires est con\u00e7ue pour transformer les responsables, managers et dirigeants en&hellip;&nbsp;<\/p>\n","protected":false},"author":1,"featured_media":10230,"parent":0,"menu_order":0,"comment_status":"closed","ping_status":"closed","template":"","meta":{"neve_meta_sidebar":"","neve_meta_container":"","neve_meta_enable_content_width":"off","neve_meta_content_width":100,"neve_meta_title_alignment":"","neve_meta_author_avatar":"","neve_post_elements_order":"","neve_meta_disable_header":"","neve_meta_disable_footer":"","neve_meta_disable_title":"","footnotes":""},"class_list":["post-612","page","type-page","status-publish","has-post-thumbnail","hentry"],"_links":{"self":[{"href":"https:\/\/lagrandeecoledesaffaires.com\/index.php\/wp-json\/wp\/v2\/pages\/612","targetHints":{"allow":["GET"]}}],"collection":[{"href":"https:\/\/lagrandeecoledesaffaires.com\/index.php\/wp-json\/wp\/v2\/pages"}],"about":[{"href":"https:\/\/lagrandeecoledesaffaires.com\/index.php\/wp-json\/wp\/v2\/types\/page"}],"author":[{"embeddable":true,"href":"https:\/\/lagrandeecoledesaffaires.com\/index.php\/wp-json\/wp\/v2\/users\/1"}],"replies":[{"embeddable":true,"href":"https:\/\/lagrandeecoledesaffaires.com\/index.php\/wp-json\/wp\/v2\/comments?post=612"}],"version-history":[{"count":199,"href":"https:\/\/lagrandeecoledesaffaires.com\/index.php\/wp-json\/wp\/v2\/pages\/612\/revisions"}],"predecessor-version":[{"id":10243,"href":"https:\/\/lagrandeecoledesaffaires.com\/index.php\/wp-json\/wp\/v2\/pages\/612\/revisions\/10243"}],"wp:featuredmedia":[{"embeddable":true,"href":"https:\/\/lagrandeecoledesaffaires.com\/index.php\/wp-json\/wp\/v2\/media\/10230"}],"wp:attachment":[{"href":"https:\/\/lagrandeecoledesaffaires.com\/index.php\/wp-json\/wp\/v2\/media?parent=612"}],"curies":[{"name":"wp","href":"https:\/\/api.w.org\/{rel}","templated":true}]}}