{"id":6041,"date":"2022-01-28T18:45:52","date_gmt":"2022-01-28T23:45:52","guid":{"rendered":"https:\/\/lagrandeecoledesaffaires.com\/?page_id=6041"},"modified":"2025-11-28T14:48:23","modified_gmt":"2025-11-28T19:48:23","slug":"la-maitrise-du-silence-vous-donne-il-un-pouvoir-sonne-en-vous-foncez-formation-interactive-web","status":"publish","type":"page","link":"https:\/\/lagrandeecoledesaffaires.com\/index.php\/la-maitrise-du-silence-vous-donne-il-un-pouvoir-sonne-en-vous-foncez-formation-interactive-web\/","title":{"rendered":"Le pouvoir de la ma\u00eetrise du silence"},"content":{"rendered":"<div id=\"pl-6041\"  class=\"panel-layout\" ><div id=\"pg-6041-0\"  class=\"panel-grid panel-no-style\" ><div id=\"pgc-6041-0-0\"  class=\"panel-grid-cell\" ><div id=\"panel-6041-0-0-0\" class=\"so-panel widget widget_sow-editor panel-first-child\" data-index=\"0\" ><div\n\t\t\t\n\t\t\tclass=\"so-widget-sow-editor so-widget-sow-editor-base\"\n\t\t\t\n\t\t>\n<div class=\"siteorigin-widget-tinymce textwidget\">\n\t<h1>Formation : Le Pouvoir de la Ma\u00eetrise du Silence \u2013 Devenir un Communicateur Hors Pair<\/h1>\n<p data-path-to-node=\"4\"><span class=\"txtImportant\">La formation \u00ab <b>Le Pouvoir de la Ma\u00eetrise du Silence<\/b> \u00bb renverse la perception commune selon laquelle la communication efficace est synonyme de parole. Elle s'adresse \u00e0 tous ceux qui souhaitent acqu\u00e9rir un <b>pouvoir insoup\u00e7onn\u00e9 et durable<\/b> dans leurs \u00e9changes professionnels et personnels, en faisant du silence leur plus grand atout. En effet, la majorit\u00e9 des gens craignent et comblent le vide, mais celui ou celle qui ma\u00eetrise le silence obtient une <b>longueur d'avance<\/b> et devient un <b>communicateur hors pair<\/b>. Cette approche est bas\u00e9e sur un ratio fondamental : 30 % de parole pour <b>70 % d'\u00e9coute<\/b>. En cessant de donner de l'information pour commencer \u00e0 en recevoir, vous permettez \u00e0 votre interlocuteur de s\u2019exprimer, de se divulguer, et d'apporter l'information cruciale n\u00e9cessaire pour la compr\u00e9hension mutuelle et la r\u00e9solution de probl\u00e8mes.<\/span><\/p>\n<p data-path-to-node=\"5\">Ce programme intensif vous apprendra que <b>savoir \u00e9couter est bien plus que garder le silence<\/b>; c'est un \u00e9tat d'esprit qui exige d'\u00eatre <b>d\u00e9centr\u00e9 de soi-m\u00eame<\/b> pour \u00eatre pleinement pr\u00e9sent \u00e0 l'autre, avec empathie, bienveillance et congruence. Vous explorerez les <b>cl\u00e9s de l'\u00e9coute active et durable<\/b>, les diff\u00e9rents niveaux d'\u00e9coute, et perfectionnerez vos habilet\u00e9s de communication en apprenant \u00e0 poser des <b>questions puissantes<\/b> et \u00e0 reformuler efficacement. Plus qu'une simple technique, la formation aborde \u00e9galement la lecture du <b>langage corporel<\/b>, l'adaptation \u00e0 l'\u00e9tat \u00e9motionnel de l'interlocuteur, et l'application du silence comme un outil puissant de <b>management<\/b> et de <b>r\u00e9solution de conflit<\/b>. Les r\u00e9sultats de cette ma\u00eetrise sont imm\u00e9diats : une communication transparente, une valorisation accrue du personnel et une meilleure r\u00e9tention.<\/p>\n<\/div>\n<\/div><\/div><div id=\"panel-6041-0-0-1\" class=\"so-panel widget widget_sow-editor\" data-index=\"1\" ><div class=\"so-rounded panel-widget-style panel-widget-style-for-6041-0-0-1\" ><div\n\t\t\t\n\t\t\tclass=\"so-widget-sow-editor so-widget-sow-editor-base\"\n\t\t\t\n\t\t>\n<div class=\"siteorigin-widget-tinymce textwidget\">\n\t<h2>Avantages Cl\u00e9s de la Ma\u00eetrise du Silence<\/h2>\n<ul data-path-to-node=\"7\">\n<li>\n<p data-path-to-node=\"7,0,0\"><b>Pouvoir de Communication Accru :<\/b> Acqu\u00e9rir un avantage certain en devenant un communicateur qui re\u00e7oit plus d'information qu'il n'en donne.<\/p>\n<\/li>\n<li>\n<p data-path-to-node=\"7,1,0\"><b>Outil de Management Puissant :<\/b> Augmenter la r\u00e9tention du personnel en favorisant un environnement de valorisation et de reconnaissance.<\/p>\n<\/li>\n<li>\n<p data-path-to-node=\"7,2,0\"><b>Am\u00e9lioration de l'\u00c9coute Active :<\/b> Perfectionner ses comp\u00e9tences d'\u00e9coute en \u00e9tant pleinement pr\u00e9sent, empathique et concentr\u00e9 sur l'autre.<\/p>\n<\/li>\n<li>\n<p data-path-to-node=\"7,3,0\"><b>Diagnostic Pr\u00e9cis :<\/b> Savoir poser les <b>bonnes questions et les questions puissantes<\/b> pour comprendre les besoins r\u00e9els et non-dits de l'interlocuteur.<\/p>\n<\/li>\n<li>\n<p data-path-to-node=\"7,4,0\"><b>D\u00e9cryptage du Non-Verbal :<\/b> Ma\u00eetriser le processus de <i>feedback<\/i> et savoir d\u00e9chiffrer le <b>langage du corps<\/b> pour discerner la v\u00e9rit\u00e9 au-del\u00e0 des mots.<\/p>\n<\/li>\n<li>\n<p data-path-to-node=\"7,5,0\"><b>R\u00e9solution de Conflits Efficace :<\/b> Utiliser le silence et l'\u00e9coute pour s'adapter \u00e0 l'\u00e9tat \u00e9motionnel de l'autre et faciliter la r\u00e9solution de probl\u00e8mes.<\/p>\n<\/li>\n<li>\n<p data-path-to-node=\"7,6,0\"><b>Cr\u00e9dibilit\u00e9 Professionnelle :<\/b> \u00catre per\u00e7u comme un leader, car <b>\u00ab Les hommes de peu de mots se distinguent \u00bb<\/b> (Shakespeare).<\/p>\n<\/li>\n<li>\n<p data-path-to-node=\"7,7,0\"><b>Reconnaissance Officielle :<\/b> Obtention d'une attestation d'\u00e9tudes de 5 heures UFC, avec possibilit\u00e9 de subvention par Emploi Qu\u00e9bec.<\/p>\n<\/li>\n<\/ul>\n<\/div>\n<\/div><\/div><\/div><div id=\"panel-6041-0-0-2\" class=\"so-panel widget widget_sow-editor panel-last-child\" data-index=\"2\" ><div\n\t\t\t\n\t\t\tclass=\"so-widget-sow-editor so-widget-sow-editor-base\"\n\t\t\t\n\t\t>\n<div class=\"siteorigin-widget-tinymce textwidget\">\n\t<h2>Un Investissement dans le Capital Humain<\/h2>\n<p data-path-to-node=\"9\">Cette formation est un investissement essentiel pour le capital humain de votre organisation, visant notamment la <b>direction de premier et deuxi\u00e8me niveau<\/b>, mais b\u00e9n\u00e9fique pour tout le personnel. Il est d\u00e9montr\u00e9 que les employ\u00e9s ne quittent pas seulement pour un meilleur salaire, mais pour un manque de valorisation et de reconnaissance. La <b>communication efficace et l'\u00e9coute active<\/b> \u2013 les piliers de cette formation \u2013 sont les incontournables qui permettent d'am\u00e9liorer instantan\u00e9ment le climat de travail et d'augmenter la r\u00e9tention.<\/p>\n<p data-path-to-node=\"10\">Nous offrons cette formation en <b>vid\u00e9oconf\u00e9rence, \u00e0 distance, en webinaire ou directement en entreprise<\/b>, adapt\u00e9e \u00e0 vos besoins sp\u00e9cifiques pour des r\u00e9sultats ultra-performants et imm\u00e9diats. En seulement deux capsules de 2,5 heures chacune, vous apprendrez rapidement ce que la vie enseigne en plusieurs ann\u00e9es. Pour vous inscrire et investir dans ce savoir, visitez notre calendrier en ligne ou contactez-nous directement.<\/p>\n<\/div>\n<\/div><\/div><\/div><div id=\"pgc-6041-0-1\"  class=\"panel-grid-cell\" ><div id=\"panel-6041-0-1-0\" class=\"so-panel widget widget_sow-editor panel-first-child\" data-index=\"3\" ><div\n\t\t\t\n\t\t\tclass=\"so-widget-sow-editor so-widget-sow-editor-base\"\n\t\t\t\n\t\t>\n<div class=\"siteorigin-widget-tinymce textwidget\">\n\t<p><img loading=\"lazy\" decoding=\"async\" class=\"alignleft size-full wp-image-10284\" src=\"https:\/\/lagrandeecoledesaffaires.com\/wp-content\/uploads\/2025\/11\/Le-pouvoir-de-la-maitrise-du-silence.png\" alt=\"\" width=\"1024\" height=\"748\" srcset=\"https:\/\/lagrandeecoledesaffaires.com\/wp-content\/uploads\/2025\/11\/Le-pouvoir-de-la-maitrise-du-silence.png 1024w, https:\/\/lagrandeecoledesaffaires.com\/wp-content\/uploads\/2025\/11\/Le-pouvoir-de-la-maitrise-du-silence-300x219.png 300w, https:\/\/lagrandeecoledesaffaires.com\/wp-content\/uploads\/2025\/11\/Le-pouvoir-de-la-maitrise-du-silence-768x561.png 768w\" sizes=\"auto, (max-width: 1024px) 100vw, 1024px\" \/><\/p>\n<\/div>\n<\/div><\/div><div id=\"panel-6041-0-1-1\" class=\"so-panel widget widget_sow-editor\" data-index=\"4\" ><div\n\t\t\t\n\t\t\tclass=\"so-widget-sow-editor so-widget-sow-editor-base\"\n\t\t\t\n\t\t>\n<div class=\"siteorigin-widget-tinymce textwidget\">\n\t<div id='event_wrapper'><div id='event_search_code' style='display:none;' data='category_identifier=ma%25c3%25aetrisez-vous-le-silence-1526564533&css_class=&event_category_id=&staff_id=&allow_override=0&show_expired=false&show_secondary=false&show_deleted=false&show_recurrence=true&limit=0&order_by=NULL&sort=&events_per_page=50&num_page_links_to_display=10&exclude_closed_events=false'><\/div><div id='event_container_pagination' ><div id='event_content' class='event_content'><div id=\"event_data-603\" class=\"event_data  ma%c3%aetrisez-vous-le-silence-1526564533 event-data-display event-list-display event-display-boxes ui-widget\">\n\t<h3 id=\"event_title-603\" class=\"event_title ui-widget-header ui-corner-top\"><a title=\"\u00c0 DISTANCE - Formation Le pouvoir de la Maitrise du silence\" class=\"a_event_title\" id=\"a_event_title-603\" href=\"https:\/\/lagrandeecoledesaffaires.com\/index.php\/calendrier\/?ee=603\">\u00c0 DISTANCE - Formation Le pouvoir de la Maitrise du silence<\/a>\n\t\t\t\t\t\t\t\t\t\t\t\t\t\t\t\t\t\t\t<\/h3>\n<div class=\"event-data-display ui-widget-content ui-corner-bottom\">\n\t\t\t\t\t\t\t\t\t\t\t<div class=\"event-desc\">\n\t\t\n\t\t\t<p>1 jour de 9 h \u00e0 11 h 30 et de 13 h \u00e0 15 h 30<\/p>\n\t\t<\/div>\n\t\t\t<div class=\"event-meta clearfix\">\n\t\t<p id=\"p_event_price-603\" class=\"event_price\"><span class=\"section-title\">Prix : <\/span> C$399.00<\/p>\t\t<p id=\"event_date-603\"><span class=\"section-title\">Date : <\/span>  8 juin 2026 \n\t\t\t<a  href=\"https:\/\/lagrandeecoledesaffaires.com?iCal=true&amp;current_year=2026&amp;current_month=04&amp;current_day=20&amp;current_time=122028&amp;event_id=603&amp;ee_reg_id=f0dbd8bcf70883af02b29e88ddeeb427-69e65245cee1b3.95828728&amp;contact_email=info@lagrandeecoledesaffaires.com&amp;start_year=2026&amp;start_month=06&amp;start_day=08&amp;start_time=173800&amp;end_year=2026&amp;end_month=06&amp;end_day=08&amp;end_time=173800&amp;event_summary=\u00c0 DISTANCE - Formation Le pouvoir de la Maitrise du silence&amp;ee_reg_url=https:\/\/lagrandeecoledesaffaires.com\/index.php\/calendrier\/?ee=603&amp;site_url=https:\/\/lagrandeecoledesaffaires.com&amp;organization=La Grande \u00c9cole des affaires&amp;location\" id=\"espresso_ical_603\" class=\"espresso_ical_link\" title=\"Import au format iCal\"><img decoding=\"async\" src=\"https:\/\/lagrandeecoledesaffaires.com\/wp-content\/plugins\/event-espresso\/images\/icons\/calendar_link.png\"><\/a>\t\t<\/p>\n\t<\/div>\n\n\t <p id=\"available_spaces-603\" class=\"spaces-available\"><span class=\"section-title\">Places disponibles pour cet \u00e9v\u00e9nement :<\/span> 17<\/p>\n\t\t\t\t\t\t\t<p id=\"register_link-603\" class=\"register-link-footer\">\n\t\t\t\t\t<a class=\"a_register_link ui-button ui-button-big ui-priority-primary ui-state-default ui-state-hover ui-state-focus ui-corner-all\" id=\"a_register_link-603\" href=\"https:\/\/lagrandeecoledesaffaires.com\/index.php\/calendrier\/?ee=603\" title=\"\u00c0 DISTANCE - Formation Le pouvoir de la Maitrise du silence\">R\u00e9server en ligne<\/a>\n\t\t\t\t\t\t\t\t\t<\/p>\n\t\t\n<\/div><!-- \/ .event-data-display -->\n<\/div><!-- \/ .event-display-boxes -->\n<\/div><\/div><\/div>\n<p>&nbsp;<\/p>\n<p><a class=\"button\" href=\"https:\/\/lagrandeecoledesaffaires.com\/index.php\/en-entreprise\/\">Formation en entreprise disponible<\/a><\/p>\n<\/div>\n<\/div><\/div><div id=\"panel-6041-0-1-2\" class=\"so-panel widget widget_sow-editor\" data-index=\"5\" ><div\n\t\t\t\n\t\t\tclass=\"so-widget-sow-editor so-widget-sow-editor-base\"\n\t\t\t\n\t\t>\n<div class=\"siteorigin-widget-tinymce textwidget\">\n\t<h2><\/h2>\n<h2>Cette formation vous int\u00e9resse ?<br \/>\nContactez-nous<\/h2>\n<\/div>\n<\/div><\/div><div id=\"panel-6041-0-1-3\" class=\"so-panel widget widget_sow-contact-form panel-last-child\" data-index=\"6\" ><div\n\t\t\t\n\t\t\tclass=\"so-widget-sow-contact-form so-widget-sow-contact-form-default-27da056a8e04-6041\"\n\t\t\t\n\t\t>\t<form\n\t\taction=\"\/index.php\/wp-json\/wp\/v2\/pages\/6041\"\n\t\tmethod=\"POST\"\n\t\tclass=\"sow-contact-form\"\n\t\tid=\"contact-form-8b54\"\n\t>\n\n\t\t\n\t\t            <p><em>Les champs marqu\u00e9s d\u2019un * sont obligatoires<\/em><\/p>\n\t\t\t\t\t\t<div class=\"sow-form-field sow-form-field-name\">\n\t\t\t\t\t\t\t\t<div class=\"sow-field-container\">\n\t\t\t\t\t\t\t<input\n\t\t\ttype=\"text\"\n\t\t\tname=\"votre-nom-1\"\n\t\t\tid=\"sow-contact-form-field-votre-nom-1\"\n\t\t\tvalue=\"\"\n\t\t\tclass=\"sow-text-field\"\n\t\t\tplaceholder=\"Votre nom*\"\t\t\t\t\t\/>\n\t\t\t\t\t\t<\/div>\n\t\t\t\t\t\t\t<\/div>\n\t\t\t\t\t\t<div class=\"sow-form-field sow-form-field-email\">\n\t\t\t\t\t\t\t\t<div class=\"sow-field-container\">\n\t\t\t\t\t\t\t<input\n\t\t\ttype=\"email\"\n\t\t\tname=\"votre-adresse-de-messagerie-1\"\n\t\t\tid=\"sow-contact-form-field-votre-adresse-de-messagerie-1\"\n\t\t\tvalue=\"\"\n\t\t\tclass=\"sow-text-field\"placeholder=\"Votre adresse de messagerie*\"\t\t\t\t\t\t\t\t\/>\n\t\t\t\t\t\t<\/div>\n\t\t\t\t\t\t\t<\/div>\n\t\t\t\t\t\t<div class=\"sow-form-field sow-form-field-textarea\">\n\t\t\t\t\t\t\t\t<div class=\"sow-field-container\">\n\t\t\t\t\t\t\t<textarea\n\t\t\tname=\"message-1\"\n\t\t\tid=\"sow-contact-form-field-message-1\"\n\t\t\trows=\"10\"\n\t\t\tplaceholder=\"Message*\"\t\t\t\t\t><\/textarea>\n\t\t\t\t\t\t<\/div>\n\t\t\t\t\t\t\t<\/div>\n\t\t\t\n\t\t\n\t\t<div class=\"sow-submit-wrapper \n\t\tsow-submit-styled\t\t\">\n\n\t\t\t<button\n\t\t\t\ttype=\"submit\"\n\t\t\t\tclass=\"sow-submit\n\t\t\t\t\t\t\t\t\"\n\t\t\t\t\t\t\t>\n\t\t\t\tContactez-nous\t\t\t<\/button>\n\t\t<\/div>\n\t\t\t\t<input\n\t\t\ttype=\"hidden\"\n\t\t\tname=\"instance_hash-1\"\n\t\t\tvalue=\"8b5463be\"\n\t\t\/>\n\n\t\t<input type=\"hidden\" id=\"_wpnonce\" name=\"_wpnonce\" value=\"2ffb9885ef\" \/><input type=\"hidden\" name=\"_wp_http_referer\" value=\"\/index.php\/wp-json\/wp\/v2\/pages\/6041\" \/>\t<\/form>\n\t<\/div><\/div><\/div><\/div><\/div>","protected":false},"excerpt":{"rendered":"<p>Formation : Le Pouvoir de la Ma\u00eetrise du Silence \u2013 Devenir un Communicateur Hors Pair La formation \u00ab Le Pouvoir de la Ma\u00eetrise du Silence \u00bb renverse la perception commune selon laquelle la communication efficace est synonyme de parole. Elle s&rsquo;adresse \u00e0 tous ceux qui souhaitent acqu\u00e9rir un pouvoir insoup\u00e7onn\u00e9 et durable dans leurs \u00e9changes&hellip;&nbsp;<\/p>\n","protected":false},"author":2,"featured_media":6660,"parent":0,"menu_order":0,"comment_status":"closed","ping_status":"closed","template":"","meta":{"neve_meta_sidebar":"","neve_meta_container":"","neve_meta_enable_content_width":"off","neve_meta_content_width":100,"neve_meta_title_alignment":"","neve_meta_author_avatar":"","neve_post_elements_order":"","neve_meta_disable_header":"","neve_meta_disable_footer":"","neve_meta_disable_title":"","footnotes":""},"class_list":["post-6041","page","type-page","status-publish","has-post-thumbnail","hentry"],"_links":{"self":[{"href":"https:\/\/lagrandeecoledesaffaires.com\/index.php\/wp-json\/wp\/v2\/pages\/6041","targetHints":{"allow":["GET"]}}],"collection":[{"href":"https:\/\/lagrandeecoledesaffaires.com\/index.php\/wp-json\/wp\/v2\/pages"}],"about":[{"href":"https:\/\/lagrandeecoledesaffaires.com\/index.php\/wp-json\/wp\/v2\/types\/page"}],"author":[{"embeddable":true,"href":"https:\/\/lagrandeecoledesaffaires.com\/index.php\/wp-json\/wp\/v2\/users\/2"}],"replies":[{"embeddable":true,"href":"https:\/\/lagrandeecoledesaffaires.com\/index.php\/wp-json\/wp\/v2\/comments?post=6041"}],"version-history":[{"count":26,"href":"https:\/\/lagrandeecoledesaffaires.com\/index.php\/wp-json\/wp\/v2\/pages\/6041\/revisions"}],"predecessor-version":[{"id":10286,"href":"https:\/\/lagrandeecoledesaffaires.com\/index.php\/wp-json\/wp\/v2\/pages\/6041\/revisions\/10286"}],"wp:featuredmedia":[{"embeddable":true,"href":"https:\/\/lagrandeecoledesaffaires.com\/index.php\/wp-json\/wp\/v2\/media\/6660"}],"wp:attachment":[{"href":"https:\/\/lagrandeecoledesaffaires.com\/index.php\/wp-json\/wp\/v2\/media?parent=6041"}],"curies":[{"name":"wp","href":"https:\/\/api.w.org\/{rel}","templated":true}]}}