{"id":5356,"date":"2021-08-09T11:13:14","date_gmt":"2021-08-09T15:13:14","guid":{"rendered":"https:\/\/lagrandeecoledesaffaires.com\/?page_id=5356"},"modified":"2024-01-24T11:31:09","modified_gmt":"2024-01-24T16:31:09","slug":"coach","status":"publish","type":"page","link":"https:\/\/lagrandeecoledesaffaires.com\/index.php\/coach\/","title":{"rendered":"Coach professionnel &#038; coach de vie. Votre Porsche 911 de performance."},"content":{"rendered":"<p>Bonjour &amp; Bonsoir,<img loading=\"lazy\" decoding=\"async\" class=\"size-full wp-image-990 alignleft\" src=\"https:\/\/lagrandeecoledesaffaires.com\/wp-content\/uploads\/2017\/02\/GuyPare09-3001.jpg\" alt=\"\" width=\"300\" height=\"641\" srcset=\"https:\/\/lagrandeecoledesaffaires.com\/wp-content\/uploads\/2017\/02\/GuyPare09-3001.jpg 300w, https:\/\/lagrandeecoledesaffaires.com\/wp-content\/uploads\/2017\/02\/GuyPare09-3001-140x300.jpg 140w\" sizes=\"auto, (max-width: 300px) 100vw, 300px\" \/><\/p>\n<p>Je me pr\u00e9sente, je suis Raymond Guy Par\u00e9, <strong>coach<\/strong>, enseignant et conf\u00e9rencier. Vous trouverez les principes de base que j&rsquo;utilise pour aider mon client \u00e0 se r\u00e9aliser pleinement par une introspection en vue d&rsquo;optimiser sa capacit\u00e9 \u00e0 s&rsquo;adapter aux changements, s&rsquo;harmoniser \u00e0 la r\u00e9alit\u00e9 qui \u00e9volue sans cesse. La soif du changement doit \u00eatre en harmonie avec son actuel. Nous allons travailler sur le d\u00e9sir r\u00e9el de trouver les v\u00e9ritables raisons d&rsquo;\u00eatre de sa vie professionnelle, personnelle et de vivre en harmonie avec ses convictions.\u00a0 Les individus veulent participer \u00e0 la solution et r\u00e9aliser dans leur vie quelque chose ayant un sens.<\/p>\n<p>Le coaching trouve tout son sens dans une orientation vers le futur, pas aux erreurs pass\u00e9es.\u00a0 Le but du coaching est de lib\u00e9rer le potentiel des gens pour maximiser leur niveau de performance. Il s&rsquo;agit d&rsquo;une prise de conscience et de responsabilisation. La relation entre le coach Raymond Guy et celui qui est coach\u00e9 doit \u00eatre une relation de partenariat dans l&rsquo;effort, de confiance, de s\u00e9curit\u00e9, d&rsquo;\u00e9coute, l&rsquo;objectivit\u00e9 et de la bienveillance, d&rsquo;absence de jugement.<\/p>\n<p>Le coaching c&rsquo;est voir aussi l&rsquo;intelligence \u00e9motionnelle (QE) qui est deux fois plus importante que le quotient intellectuel (QI) pour ouvrir la voie \u00e0 des performances exceptionnelles. Il y a la conscience de soi et la gestion de soi (comprendre pourquoi vous faites ce que vous faites), la conscience des autres et la gestion de la relation (voir l&rsquo;individu derri\u00e8re la performance, ses points forts, ses motivations).<\/p>\n<p>L&rsquo;attitude un d\u00e9terminant: ce que vous pensez d&rsquo;une personne se traduira dans votre attitude et aura un impact, m\u00eame si vous ne dites rien. Pour que les gens croient en eux, il faut non seulement qu&rsquo;ils accumulent des r\u00e9ussites, mais aussi qu&rsquo;ils sachent qu&rsquo;ils ne les doivent qu&rsquo;\u00e0 eux m\u00eame.<\/p>\n<p>Nous travaillerons sur la communication: le questionnement, l&rsquo;\u00e9coute et la parole active, le feedback, la ma\u00eetrise du silence, la gestion du cerveau (h\u00e9misph\u00e8re droit ou gauche, \u00e9motionnel ou cart\u00e9sien), le verbal, para-verbal, le non verbal et le contr\u00f4le de ses \u00e9motions.<\/p>\n<p>Comment se d\u00e9roule un coaching avec Raymond Guy Par\u00e9: \u00e9tablir la relation, \u00e9couter votre demande et la pr\u00e9ciser, fixer un cadre de travail et obtenir un accord r\u00e9ciproque sur une volont\u00e9 de poursuivre et de s&rsquo;engager dans le travail de coaching (phase 1). Que voulez-vous obtenir?, Que voulez-vous changer ? Qu&rsquo;est-ce qui est important pour vous ? Prendre du recul (phase 2). La recherche de solutions ou des comportements les plus adapt\u00e9s, \u00e0 les tester, les \u00e9valuer et mettre en place des proc\u00e9d\u00e9s et des strat\u00e9gies efficaces pour atteindre et maintenir vos objectifs professionnels et personnels (phase 3).<\/p>\n<p><span style=\"color: #ffffff;\">Votre Porsche 911 de la performance<\/span><\/p>\n<p>Au plaisir de travailler avec vous.<\/p>\n<p>www.aidenegociation.com<\/p>\n<p>www.helpinnegotiation.com<\/p>\n<p>Voir mon CV au bas de la page<\/p>\n<p><em>Raymond Guy Pare<\/em><\/p>\n<p>raymondg.pare@lagrandeecoledesaffaires.com<\/p>\n<p>514 212 5763<\/p>\n<p>30,000 abonn\u00e9es LinKen<\/p>\n<p>27,700\u00a0 abonn\u00e9es newsletter La Grande \u00c9cole des Affaires<\/p>\n<p><img loading=\"lazy\" decoding=\"async\" class=\"alignnone wp-image-8\" src=\"https:\/\/lagrandeecoledesaffaires.com\/wp-content\/uploads\/2017\/01\/GEA_logo1.jpg\" alt=\"\" width=\"149\" height=\"74\" srcset=\"https:\/\/lagrandeecoledesaffaires.com\/wp-content\/uploads\/2017\/01\/GEA_logo1.jpg 400w, https:\/\/lagrandeecoledesaffaires.com\/wp-content\/uploads\/2017\/01\/GEA_logo1-300x149.jpg 300w\" sizes=\"auto, (max-width: 149px) 100vw, 149px\" \/><\/p>\n<p><a href=\"https:\/\/lagrandeecoledesaffaires.com\/wp-content\/uploads\/2021\/11\/PROFIL-DE-VOTRE-COACH.pdf\">PROFIL DE VOTRE COACH, FORMATEUR, CONSULTANT (Fichier PDF)<\/a><\/p>\n<p>&nbsp;<\/p>\n","protected":false},"excerpt":{"rendered":"<p>Bonjour &amp; Bonsoir, Je me pr\u00e9sente, je suis Raymond Guy Par\u00e9, coach, enseignant et conf\u00e9rencier. Vous trouverez les principes de base que j&rsquo;utilise pour aider mon client \u00e0 se r\u00e9aliser pleinement par une introspection en vue d&rsquo;optimiser sa capacit\u00e9 \u00e0 s&rsquo;adapter aux changements, s&rsquo;harmoniser \u00e0 la r\u00e9alit\u00e9 qui \u00e9volue sans cesse. La soif du changement&hellip;&nbsp;<\/p>\n","protected":false},"author":1,"featured_media":7617,"parent":0,"menu_order":0,"comment_status":"closed","ping_status":"closed","template":"","meta":{"neve_meta_sidebar":"","neve_meta_container":"","neve_meta_enable_content_width":"","neve_meta_content_width":0,"neve_meta_title_alignment":"","neve_meta_author_avatar":"","neve_post_elements_order":"","neve_meta_disable_header":"","neve_meta_disable_footer":"","neve_meta_disable_title":"","footnotes":""},"class_list":["post-5356","page","type-page","status-publish","has-post-thumbnail","hentry"],"_links":{"self":[{"href":"https:\/\/lagrandeecoledesaffaires.com\/index.php\/wp-json\/wp\/v2\/pages\/5356","targetHints":{"allow":["GET"]}}],"collection":[{"href":"https:\/\/lagrandeecoledesaffaires.com\/index.php\/wp-json\/wp\/v2\/pages"}],"about":[{"href":"https:\/\/lagrandeecoledesaffaires.com\/index.php\/wp-json\/wp\/v2\/types\/page"}],"author":[{"embeddable":true,"href":"https:\/\/lagrandeecoledesaffaires.com\/index.php\/wp-json\/wp\/v2\/users\/1"}],"replies":[{"embeddable":true,"href":"https:\/\/lagrandeecoledesaffaires.com\/index.php\/wp-json\/wp\/v2\/comments?post=5356"}],"version-history":[{"count":26,"href":"https:\/\/lagrandeecoledesaffaires.com\/index.php\/wp-json\/wp\/v2\/pages\/5356\/revisions"}],"predecessor-version":[{"id":8242,"href":"https:\/\/lagrandeecoledesaffaires.com\/index.php\/wp-json\/wp\/v2\/pages\/5356\/revisions\/8242"}],"wp:featuredmedia":[{"embeddable":true,"href":"https:\/\/lagrandeecoledesaffaires.com\/index.php\/wp-json\/wp\/v2\/media\/7617"}],"wp:attachment":[{"href":"https:\/\/lagrandeecoledesaffaires.com\/index.php\/wp-json\/wp\/v2\/media?parent=5356"}],"curies":[{"name":"wp","href":"https:\/\/api.w.org\/{rel}","templated":true}]}}