{"id":4299,"date":"2020-05-12T12:54:39","date_gmt":"2020-05-12T16:54:39","guid":{"rendered":"https:\/\/lagrandeecoledesaffaires.com\/?page_id=4299"},"modified":"2021-04-20T13:16:07","modified_gmt":"2021-04-20T17:16:07","slug":"presence-a-une-formation","status":"publish","type":"page","link":"https:\/\/lagrandeecoledesaffaires.com\/index.php\/presence-a-une-formation\/","title":{"rendered":"Pr\u00e9sence \u00e0 une formation"},"content":{"rendered":"<p>D\u00e9but de formation<\/p>\n\n<div class=\"wpcf7 no-js\" id=\"wpcf7-f4298-o1\" lang=\"fr-FR\" dir=\"ltr\" data-wpcf7-id=\"4298\">\n<div class=\"screen-reader-response\"><p role=\"status\" aria-live=\"polite\" aria-atomic=\"true\"><\/p> <ul><\/ul><\/div>\n<form action=\"\/index.php\/wp-json\/wp\/v2\/pages\/4299#wpcf7-f4298-o1\" method=\"post\" class=\"wpcf7-form init\" aria-label=\"Formulaire de contact\" novalidate=\"novalidate\" data-status=\"init\">\n<fieldset class=\"hidden-fields-container\"><input type=\"hidden\" name=\"_wpcf7\" value=\"4298\" \/><input type=\"hidden\" name=\"_wpcf7_version\" value=\"6.1.5\" \/><input type=\"hidden\" name=\"_wpcf7_locale\" value=\"fr_FR\" \/><input type=\"hidden\" name=\"_wpcf7_unit_tag\" value=\"wpcf7-f4298-o1\" \/><input type=\"hidden\" name=\"_wpcf7_container_post\" value=\"0\" \/><input type=\"hidden\" name=\"_wpcf7_posted_data_hash\" value=\"\" \/><input type=\"hidden\" name=\"redirect_nonce\" value=\"7982a5e5a8\" \/><input type=\"hidden\" name=\"wpcf7cfpdf_hidden_name\" value=\"document-pdf\" \/><input type=\"hidden\" name=\"wpcf7cfpdf_hidden_reference\" value=\"7582b483\" \/><input type=\"hidden\" name=\"wpcf7cfpdf_hidden_date\" value=\"05022026\" \/>\n<\/fieldset>\n<div class=\"formPresence\">\n\t<p><label> Date<br \/>\n<\/label>\n\t<\/p>\n\t<p id=\"sw_date\">\n\t<\/p>\n\t<p><label> Votre nom complet (obligatoire)<br \/>\n<span class=\"wpcf7-form-control-wrap\" data-name=\"your-name\"><input size=\"40\" maxlength=\"400\" class=\"wpcf7-form-control wpcf7-text wpcf7-validates-as-required\" aria-required=\"true\" aria-invalid=\"false\" value=\"\" type=\"text\" name=\"your-name\" \/><\/span> <\/label>\n\t<\/p>\n\t<p><label> Votre adresse de messagerie (obligatoire)<br \/>\n<span class=\"wpcf7-form-control-wrap\" data-name=\"your-email\"><input size=\"40\" maxlength=\"400\" class=\"wpcf7-form-control wpcf7-email wpcf7-validates-as-required wpcf7-text wpcf7-validates-as-email\" aria-required=\"true\" aria-invalid=\"false\" value=\"\" type=\"email\" name=\"your-email\" \/><\/span> <\/label>\n\t<\/p>\n\t<div style=\"display:none;\">\n\t\t<p><span class=\"wpcf7-form-control-wrap\" data-name=\"Heure-de-debut\"><input size=\"40\" maxlength=\"400\" class=\"wpcf7-form-control wpcf7-text\" id=\"sw_heure\" aria-invalid=\"false\" value=\"\" type=\"text\" name=\"Heure-de-debut\" \/><\/span>\n\t\t<\/p>\n\t<\/div>\n\t<p><label> Signature <span style=\"font-size:75%; color:#777;\">(utiliser votre souris pour signer, vous pouvez utiliser votre doigt si votre appareil le permet)<br \/>\n<\/span><\/label>\n\t<\/p>\n\t<div style=\"\"\n    <div class=\"wpcf7-form-control-signature-global-wrap\" data-field-id=\"signature-730\">\n\t\t\t\t<div class=\"wpcf7-form-control-signature-wrap\" style=\"width:300px;height:200px;\">\n\t\t\t\t\t<div class=\"wpcf7-form-control-signature-body\">\n\t\t\t\t\t\t<canvas data-color=\"#000000\" data-background=\"#ffffff\" id=\"wpcf7_signature-730_signature\" class=\"signature-730\"><\/canvas>\n\t\t\t\t\t<\/div>\n\t\t\t\t<\/div>\n\t\t\t\t<div class=\"wpcf7-form-control-clear-wrap\">\n\t\t\t\t\t<input id=\"wpcf7_signature-730_clear\" type=\"button\" value=\"Clear\"\/>\n\t\t\t\t<\/div>\n\t\t\t<\/div>\n\t\t\t<span class=\"wpcf7-form-control-wrap wpcf7-form-control-signature-input-wrap signature-730\">\n\t\t\t\t<input aria-required=\"true\" aria-invalid=\"false\" value=\"\" type=\"hidden\" name=\"signature-730\" id=\"wpcf7_input_signature-730\"\/><input type=\"hidden\" name=\"signature-730-attachment\" id=\"wpcf7_input_signature-730_attachment\"\/><input type=\"hidden\" name=\"signature-730-inline\" id=\"wpcf7_input_signature-730_inline\"\/>\n\t\t\t<\/span>\n\t\t\t\n\t<\/div>\n\t<p><input class=\"wpcf7-form-control wpcf7-submit has-spinner\" type=\"submit\" value=\"Soumettre\" \/>\n\t<\/p>\n<\/div>\n<style>\n.signature-730 {background-color:#fff;border:1px solid #e1e1e1;}\n<\/style>\n<p>Heure: [clock]\n<\/p><p style=\"display: none !important;\" class=\"akismet-fields-container\" data-prefix=\"_wpcf7_ak_\"><label>&#916;<textarea name=\"_wpcf7_ak_hp_textarea\" cols=\"45\" rows=\"8\" maxlength=\"100\"><\/textarea><\/label><input type=\"hidden\" id=\"ak_js_1\" name=\"_wpcf7_ak_js\" value=\"243\"\/><script>\ndocument.getElementById( \"ak_js_1\" ).setAttribute( \"value\", ( new Date() ).getTime() );\n<\/script>\n<\/p><div class=\"wpcf7-response-output\" aria-hidden=\"true\"><\/div>\n<\/form>\n<\/div>\n\n<p><script>\nvar d = new Date();\nvar month = d.getMonth()+1;\nvar day = d.getDate();\nvar n = d.getTime();\nvar output = d.getFullYear() + '\/' + (month<10 ? '0' : '') + month + '\/' + (day<10 ? '0' : '') + day;\ndocument.getElementById(\"sw_date\").innerHTML = output;\nvar stamp = output + \" \" + d.getHours() + \":\" + d.getMinutes() + \":\" + d.getSeconds();\n\/\/alert (stamp);\ndocument.getElementById(\"sw_heure\").value = stamp;\n<\/script><\/p>\n","protected":false},"excerpt":{"rendered":"<p>D\u00e9but de formation<\/p>\n","protected":false},"author":1,"featured_media":0,"parent":0,"menu_order":0,"comment_status":"closed","ping_status":"closed","template":"","meta":{"neve_meta_sidebar":"","neve_meta_container":"","neve_meta_enable_content_width":"","neve_meta_content_width":0,"neve_meta_title_alignment":"","neve_meta_author_avatar":"","neve_post_elements_order":"","neve_meta_disable_header":"","neve_meta_disable_footer":"","neve_meta_disable_title":"","footnotes":""},"class_list":["post-4299","page","type-page","status-publish","hentry"],"_links":{"self":[{"href":"https:\/\/lagrandeecoledesaffaires.com\/index.php\/wp-json\/wp\/v2\/pages\/4299","targetHints":{"allow":["GET"]}}],"collection":[{"href":"https:\/\/lagrandeecoledesaffaires.com\/index.php\/wp-json\/wp\/v2\/pages"}],"about":[{"href":"https:\/\/lagrandeecoledesaffaires.com\/index.php\/wp-json\/wp\/v2\/types\/page"}],"author":[{"embeddable":true,"href":"https:\/\/lagrandeecoledesaffaires.com\/index.php\/wp-json\/wp\/v2\/users\/1"}],"replies":[{"embeddable":true,"href":"https:\/\/lagrandeecoledesaffaires.com\/index.php\/wp-json\/wp\/v2\/comments?post=4299"}],"version-history":[{"count":12,"href":"https:\/\/lagrandeecoledesaffaires.com\/index.php\/wp-json\/wp\/v2\/pages\/4299\/revisions"}],"predecessor-version":[{"id":5184,"href":"https:\/\/lagrandeecoledesaffaires.com\/index.php\/wp-json\/wp\/v2\/pages\/4299\/revisions\/5184"}],"wp:attachment":[{"href":"https:\/\/lagrandeecoledesaffaires.com\/index.php\/wp-json\/wp\/v2\/media?parent=4299"}],"curies":[{"name":"wp","href":"https:\/\/api.w.org\/{rel}","templated":true}]}}