{"id":36,"date":"2017-01-23T21:23:56","date_gmt":"2017-01-23T20:23:56","guid":{"rendered":"http:\/\/207.253.81.77\/?page_id=36"},"modified":"2025-12-16T11:27:00","modified_gmt":"2025-12-16T16:27:00","slug":"reseau-sante","status":"publish","type":"page","link":"https:\/\/lagrandeecoledesaffaires.com\/index.php\/reseau-sante\/","title":{"rendered":"R\u00e9seau sant\u00e9"},"content":{"rendered":"<div id=\"pl-36\"  class=\"panel-layout\" ><div id=\"pg-36-0\"  class=\"panel-grid panel-no-style\" ><div id=\"pgc-36-0-0\"  class=\"panel-grid-cell\" ><div id=\"panel-36-0-0-0\" class=\"so-panel widget widget_sow-editor panel-first-child\" data-index=\"0\" ><div\n\t\t\t\n\t\t\tclass=\"so-widget-sow-editor so-widget-sow-editor-base\"\n\t\t\t\n\t\t>\n<div class=\"siteorigin-widget-tinymce textwidget\">\n\t<h2 data-path-to-node=\"2\">Cultiver la Performance par l'Humain<\/h2>\n<h3 data-path-to-node=\"3\">Transformer l'attitude en avantage comp\u00e9titif durable.<\/h3>\n<p data-path-to-node=\"4\">Notre mission est d'am\u00e9liorer la performance globale de votre organisation en agissant directement sur le capital humain. Nous y parvenons gr\u00e2ce \u00e0 des programmes de formation adapt\u00e9s qui :<\/p>\n<ol start=\"1\" data-path-to-node=\"5\">\n<li>\n<p data-path-to-node=\"5,0,0\"><b>Promouvent la sant\u00e9 globale et le bien-\u00eatre<\/b> au travail.<\/p>\n<\/li>\n<li>\n<p data-path-to-node=\"5,1,0\"><b>Am\u00e9liorent radicalement les services<\/b> offerts aux clients et aux patients.<\/p>\n<\/li>\n<li>\n<p data-path-to-node=\"5,2,0\"><b>Rendent les employ\u00e9s plus heureux<\/b> et plus engag\u00e9s.<\/p>\n<\/li>\n<\/ol>\n<\/div>\n<\/div><\/div><div id=\"panel-36-0-0-1\" class=\"so-panel widget widget_sow-editor panel-last-child\" data-index=\"1\" ><div class=\"so-rounded panel-widget-style panel-widget-style-for-36-0-0-1\" ><div\n\t\t\t\n\t\t\tclass=\"so-widget-sow-editor so-widget-sow-editor-base\"\n\t\t\t\n\t\t>\n<div class=\"siteorigin-widget-tinymce textwidget\">\n\t<h3 data-path-to-node=\"6\">Notre Programme Phare : L'Attitude Patient\/Coll\u00e8gues<\/h3>\n<p data-path-to-node=\"7\">Nous avons d\u00e9velopp\u00e9 et mis en \u0153uvre avec succ\u00e8s le programme <b>L'Attitude Patient\/Coll\u00e8gues<\/b>, une approche essentielle pour renforcer la culture d'entreprise et garantir le succ\u00e8s \u00e0 long terme.<\/p>\n<ul data-path-to-node=\"8\">\n<li>\n<p data-path-to-node=\"8,0,0\"><b>R\u00e9tention et Recrutement :<\/b> Cette attitude permet une meilleure <b>r\u00e9tention et un recrutement<\/b> de personnel de qualit\u00e9 gr\u00e2ce \u00e0 un leadership et un courage manag\u00e9rial sans faille.<\/p>\n<\/li>\n<li>\n<p data-path-to-node=\"8,1,0\"><b>Culture d'Entreprise :<\/b> Comme le dit l'ancien pr\u00e9sident de Rona, Robert Dutton : <b>\u00ab L\u2019attitude est aussi importante que les aptitudes \u00bb<\/b>. La r\u00e9ussite d\u2019une entreprise est bas\u00e9e sur sa culture, et nous vous aidons \u00e0 en devenir le gardien.<\/p>\n<\/li>\n<\/ul>\n<h3 data-path-to-node=\"9\">Une expertise valid\u00e9e par les leaders<\/h3>\n<h4 data-path-to-node=\"10\">1. L'Exemple de l'H\u00f4pital de Hawkesbury<\/h4>\n<p data-path-to-node=\"11\"><b>Preuve d'excellence :<\/b> L'H\u00f4pital de Hawkesbury, <b>actuellement le deuxi\u00e8me meilleur h\u00f4pital au Canada<\/b> pour les bons soins de sant\u00e9 (Maclean\u2019s, Le Droit, 27 ao\u00fbt 2019), nous a fait confiance.<\/p>\n<ul data-path-to-node=\"12\">\n<li>\n<p data-path-to-node=\"12,0,0\"><b>Formation compl\u00e8te :<\/b> La Grande \u00c9cole des Affaires a form\u00e9 l\u2019ensemble du personnel (incluant m\u00e9decins et haute direction) sur l'<b>Attitude Patient\/Coll\u00e8gues<\/b>.<\/p>\n<\/li>\n<li>\n<p data-path-to-node=\"12,1,0\"><b>Leadership strat\u00e9gique :<\/b> Nous avons \u00e9galement form\u00e9 leurs gestionnaires en <b>N\u00e9gociation Strat\u00e9gique et Leadership de Gestion<\/b>.<\/p>\n<\/li>\n<\/ul>\n<p data-path-to-node=\"13\"><i>(Voir l\u2019article pour plus de d\u00e9tails.)<\/i><\/p>\n<h4 data-path-to-node=\"14\">2. L'Acc\u00e9l\u00e9ration de l'Apprentissage<\/h4>\n<p data-path-to-node=\"15\">Avec La Grande \u00c9cole des Affaires, vous permettez \u00e0 votre \u00e9quipe d'<b>apprendre rapidement ce que la vie enseigne en plusieurs ann\u00e9es<\/b>.<\/p>\n<h3 data-path-to-node=\"16\">Notre Cr\u00e9dibilit\u00e9 et Reconnaissance<\/h3>\n<p data-path-to-node=\"17\">Nous sommes votre partenaire de choix pour la formation :<\/p>\n<ul data-path-to-node=\"18\">\n<li>\n<p data-path-to-node=\"18,0,0\"><b>32 ans d'exp\u00e9rience :<\/b> Nous offrons de la formation depuis plus de trois d\u00e9cennies, et nos <b>cas de succ\u00e8s sont nombreux<\/b> chez nos clients.<\/p>\n<\/li>\n<li>\n<p data-path-to-node=\"18,1,0\"><b>Accr\u00e9ditations :<\/b> Nous sommes qualifi\u00e9s pour <b>tous les programmes gouvernementaux<\/b> de formation de la main-d\u2019\u0153uvre depuis 32 ans.<\/p>\n<\/li>\n<li>\n<p data-path-to-node=\"18,2,0\"><b>Unit\u00e9s de Formation Continue (UFC) :<\/b> Nous sommes reconnus par la <b>majorit\u00e9 des Ordres professionnels<\/b> pour l'obtention d\u2019UFC.<\/p>\n<\/li>\n<\/ul>\n<blockquote data-path-to-node=\"19\">\n<p data-path-to-node=\"19,0\"><b>Besoin d'UFC?<\/b> Jumelez l\u2019utile \u00e0 l\u2019agr\u00e9able avec nos formations enfin disponibles.<\/p>\n<\/blockquote>\n<blockquote data-path-to-node=\"20\">\n<p data-path-to-node=\"20,0\"><b>LE SAVOIR CHANGE TOUT.<\/b> La comp\u00e9titivit\u00e9 d\u2019une soci\u00e9t\u00e9 passe par le savoir qu\u2019elle d\u00e9tient.<\/p>\n<\/blockquote>\n<\/div>\n<\/div><\/div><\/div><\/div><div id=\"pgc-36-0-1\"  class=\"panel-grid-cell\" ><div id=\"panel-36-0-1-0\" class=\"so-panel widget widget_sow-editor panel-first-child\" data-index=\"2\" ><div\n\t\t\t\n\t\t\tclass=\"so-widget-sow-editor so-widget-sow-editor-base\"\n\t\t\t\n\t\t>\n<div class=\"siteorigin-widget-tinymce textwidget\">\n\t<p><img loading=\"lazy\" decoding=\"async\" class=\"size-full wp-image-9895\" src=\"https:\/\/lagrandeecoledesaffaires.com\/wp-content\/uploads\/2023\/03\/Equipe-medical.jpg\" alt=\"\" width=\"612\" height=\"408\" srcset=\"https:\/\/lagrandeecoledesaffaires.com\/wp-content\/uploads\/2023\/03\/Equipe-medical.jpg 612w, https:\/\/lagrandeecoledesaffaires.com\/wp-content\/uploads\/2023\/03\/Equipe-medical-300x200.jpg 300w, https:\/\/lagrandeecoledesaffaires.com\/wp-content\/uploads\/2023\/03\/Equipe-medical-272x182.jpg 272w\" sizes=\"auto, (max-width: 612px) 100vw, 612px\" \/><\/p>\n<\/div>\n<\/div><\/div><div id=\"panel-36-0-1-1\" class=\"so-panel widget widget_sow-editor\" data-index=\"3\" ><div\n\t\t\t\n\t\t\tclass=\"so-widget-sow-editor so-widget-sow-editor-base\"\n\t\t\t\n\t\t>\n<div class=\"siteorigin-widget-tinymce textwidget\">\n\t<h2><\/h2>\n<h2>Une formation vous int\u00e9resse ?<br \/>\nContactez-nous<\/h2>\n<\/div>\n<\/div><\/div><div id=\"panel-36-0-1-2\" class=\"so-panel widget widget_sow-contact-form panel-last-child\" data-index=\"4\" ><div\n\t\t\t\n\t\t\tclass=\"so-widget-sow-contact-form so-widget-sow-contact-form-default-27da056a8e04-36\"\n\t\t\t\n\t\t>\t<form\n\t\taction=\"\/index.php\/wp-json\/wp\/v2\/pages\/36\"\n\t\tmethod=\"POST\"\n\t\tclass=\"sow-contact-form\"\n\t\tid=\"contact-form-6024\"\n\t>\n\n\t\t\n\t\t            <p><em>Les champs marqu\u00e9s d\u2019un * sont obligatoires<\/em><\/p>\n\t\t\t\t\t\t<div class=\"sow-form-field sow-form-field-name\">\n\t\t\t\t\t\t\t\t<div class=\"sow-field-container\">\n\t\t\t\t\t\t\t<input\n\t\t\ttype=\"text\"\n\t\t\tname=\"votre-nom-1\"\n\t\t\tid=\"sow-contact-form-field-votre-nom-1\"\n\t\t\tvalue=\"\"\n\t\t\tclass=\"sow-text-field\"\n\t\t\tplaceholder=\"Votre nom*\"\t\t\t\t\t\/>\n\t\t\t\t\t\t<\/div>\n\t\t\t\t\t\t\t<\/div>\n\t\t\t\t\t\t<div class=\"sow-form-field sow-form-field-email\">\n\t\t\t\t\t\t\t\t<div class=\"sow-field-container\">\n\t\t\t\t\t\t\t<input\n\t\t\ttype=\"email\"\n\t\t\tname=\"votre-adresse-de-messagerie-1\"\n\t\t\tid=\"sow-contact-form-field-votre-adresse-de-messagerie-1\"\n\t\t\tvalue=\"\"\n\t\t\tclass=\"sow-text-field\"placeholder=\"Votre adresse de messagerie*\"\t\t\t\t\t\t\t\t\/>\n\t\t\t\t\t\t<\/div>\n\t\t\t\t\t\t\t<\/div>\n\t\t\t\t\t\t<div class=\"sow-form-field sow-form-field-textarea\">\n\t\t\t\t\t\t\t\t<div class=\"sow-field-container\">\n\t\t\t\t\t\t\t<textarea\n\t\t\tname=\"message-1\"\n\t\t\tid=\"sow-contact-form-field-message-1\"\n\t\t\trows=\"10\"\n\t\t\tplaceholder=\"Message*\"\t\t\t\t\t><\/textarea>\n\t\t\t\t\t\t<\/div>\n\t\t\t\t\t\t\t<\/div>\n\t\t\t\n\t\t\n\t\t<div class=\"sow-submit-wrapper \n\t\tsow-submit-styled\t\t\">\n\n\t\t\t<button\n\t\t\t\ttype=\"submit\"\n\t\t\t\tclass=\"sow-submit\n\t\t\t\t\t\t\t\t\"\n\t\t\t\t\t\t\t>\n\t\t\t\tContactez-nous\t\t\t<\/button>\n\t\t<\/div>\n\t\t\t\t<input\n\t\t\ttype=\"hidden\"\n\t\t\tname=\"instance_hash-1\"\n\t\t\tvalue=\"6024db4b\"\n\t\t\/>\n\n\t\t<input type=\"hidden\" id=\"_wpnonce\" name=\"_wpnonce\" value=\"2ffb9885ef\" \/><input type=\"hidden\" name=\"_wp_http_referer\" value=\"\/index.php\/wp-json\/wp\/v2\/pages\/36\" \/>\t<\/form>\n\t<\/div><\/div><\/div><\/div><\/div>","protected":false},"excerpt":{"rendered":"<p>Cultiver la Performance par l&rsquo;Humain Transformer l&rsquo;attitude en avantage comp\u00e9titif durable. Notre mission est d&rsquo;am\u00e9liorer la performance globale de votre organisation en agissant directement sur le capital humain. Nous y parvenons gr\u00e2ce \u00e0 des programmes de formation adapt\u00e9s qui : Promouvent la sant\u00e9 globale et le bien-\u00eatre au travail. Am\u00e9liorent radicalement les services offerts aux&hellip;&nbsp;<\/p>\n","protected":false},"author":1,"featured_media":0,"parent":0,"menu_order":0,"comment_status":"closed","ping_status":"closed","template":"","meta":{"neve_meta_sidebar":"","neve_meta_container":"","neve_meta_enable_content_width":"off","neve_meta_content_width":100,"neve_meta_title_alignment":"","neve_meta_author_avatar":"","neve_post_elements_order":"","neve_meta_disable_header":"","neve_meta_disable_footer":"","neve_meta_disable_title":"","footnotes":""},"class_list":["post-36","page","type-page","status-publish","hentry"],"_links":{"self":[{"href":"https:\/\/lagrandeecoledesaffaires.com\/index.php\/wp-json\/wp\/v2\/pages\/36","targetHints":{"allow":["GET"]}}],"collection":[{"href":"https:\/\/lagrandeecoledesaffaires.com\/index.php\/wp-json\/wp\/v2\/pages"}],"about":[{"href":"https:\/\/lagrandeecoledesaffaires.com\/index.php\/wp-json\/wp\/v2\/types\/page"}],"author":[{"embeddable":true,"href":"https:\/\/lagrandeecoledesaffaires.com\/index.php\/wp-json\/wp\/v2\/users\/1"}],"replies":[{"embeddable":true,"href":"https:\/\/lagrandeecoledesaffaires.com\/index.php\/wp-json\/wp\/v2\/comments?post=36"}],"version-history":[{"count":19,"href":"https:\/\/lagrandeecoledesaffaires.com\/index.php\/wp-json\/wp\/v2\/pages\/36\/revisions"}],"predecessor-version":[{"id":10356,"href":"https:\/\/lagrandeecoledesaffaires.com\/index.php\/wp-json\/wp\/v2\/pages\/36\/revisions\/10356"}],"wp:attachment":[{"href":"https:\/\/lagrandeecoledesaffaires.com\/index.php\/wp-json\/wp\/v2\/media?parent=36"}],"curies":[{"name":"wp","href":"https:\/\/api.w.org\/{rel}","templated":true}]}}