{"id":3063,"date":"2019-05-16T11:09:13","date_gmt":"2019-05-16T15:09:13","guid":{"rendered":"https:\/\/lagrandeecoledesaffaires.com\/?page_id=3063"},"modified":"2026-02-02T15:36:00","modified_gmt":"2026-02-02T20:36:00","slug":"de-gestion-en-silos-a-gestion-cooperative-esprit-dequipe","status":"publish","type":"page","link":"https:\/\/lagrandeecoledesaffaires.com\/index.php\/de-gestion-en-silos-a-gestion-cooperative-esprit-dequipe\/","title":{"rendered":"De la gestion en silo \u00e0 la Gestion coop\u00e9rative"},"content":{"rendered":"<div id=\"pl-3063\"  class=\"panel-layout\" ><div id=\"pg-3063-0\"  class=\"panel-grid panel-no-style\" ><div id=\"pgc-3063-0-0\"  class=\"panel-grid-cell\" ><div id=\"panel-3063-0-0-0\" class=\"so-panel widget widget_sow-editor panel-first-child\" data-index=\"0\" ><div\n\t\t\t\n\t\t\tclass=\"so-widget-sow-editor so-widget-sow-editor-base\"\n\t\t\t\n\t\t>\n<div class=\"siteorigin-widget-tinymce textwidget\">\n\t<h2 data-path-to-node=\"5\">B\u00e2tir la r\u00e9silience organisationnelle<\/h2>\n<p data-path-to-node=\"3\"><span class=\"txtImportant\">L'\u00e8re du <b>fonctionnement en silo<\/b>\u2014o\u00f9 chaque d\u00e9partement op\u00e8re de mani\u00e8re isol\u00e9e, sans r\u00e9elle coordination\u2014est r\u00e9volue. Cette approche d\u00e9su\u00e8te est un frein majeur \u00e0 la performance, engendrant des co\u00fbts d'op\u00e9ration inutiles, ralentissant l'innovation et compromettant l'exp\u00e9rience client globale. Dans un environnement de march\u00e9 de plus en plus complexe et diversifi\u00e9, il est urgent de passer \u00e0 une <b>Gestion coop\u00e9rative<\/b>. Cette formation est con\u00e7ue pour outiller vos gestionnaires et \u00e9quipes avec le <b>courage manag\u00e9rial<\/b> et les outils pratiques n\u00e9cessaires pour d\u00e9manteler ces barri\u00e8res organisationnelles. Il s'agit de transformer la comp\u00e9tition interne en collaboration et de remplacer les jeux de pouvoir par une <b>planification collaborative<\/b> et une <b>communication ouverte<\/b>.<\/span><\/p>\n<p data-path-to-node=\"4\">En adoptant une culture de coop\u00e9ration, votre organisation ne fera pas que r\u00e9duire les blocages et les co\u00fbts; elle d\u00e9veloppera une <b>r\u00e9silience organisationnelle<\/b> durable. Forte de 32 ans d'expertise et de succ\u00e8s probants dans divers secteurs, de l'a\u00e9ronautique aux services gouvernementaux, cette formation met l'accent sur l'application concr\u00e8te. D'une dur\u00e9e de 2 jours en entreprise, avec une journ\u00e9e de suivi cruciale deux mois plus tard, elle propose des exercices pratiques et un contenu sur mesure pour assurer l'int\u00e9gration des nouvelles comp\u00e9tences : la <b>cr\u00e9ativit\u00e9 coop\u00e9rative<\/b>, l'<b>\u00e9coute active<\/b> et l'<b>adaptation continue<\/b>. Investir dans cette transformation, potentiellement subventionn\u00e9e jusqu'\u00e0 50% par Emploi Qu\u00e9bec et accr\u00e9dit\u00e9e par les Ordres professionnels, est la cl\u00e9 pour g\u00e9n\u00e9rer une valeur et des <b>profits<\/b> significatifs.<\/p>\n<\/div>\n<\/div><\/div><div id=\"panel-3063-0-0-1\" class=\"so-panel widget widget_sow-editor\" data-index=\"1\" ><div class=\"so-rounded panel-widget-style panel-widget-style-for-3063-0-0-1\" ><div\n\t\t\t\n\t\t\tclass=\"so-widget-sow-editor so-widget-sow-editor-base\"\n\t\t\t\n\t\t>\n<div class=\"siteorigin-widget-tinymce textwidget\">\n\t<h3>Avantages Cl\u00e9s de la Gestion Coop\u00e9rative<\/h3>\n<ul data-path-to-node=\"7\">\n<li>\n<p data-path-to-node=\"7,0,0\"><b>Augmentation de la Profitabilit\u00e9 et de la Productivit\u00e9 :<\/b> R\u00e9duction significative des co\u00fbts d'op\u00e9ration et des temps de cycle en \u00e9liminant les redondances et les blocages inter-d\u00e9partementaux.<\/p>\n<\/li>\n<li>\n<p data-path-to-node=\"7,1,0\"><b>Am\u00e9lioration de l'Exp\u00e9rience Client :<\/b> Cr\u00e9ation d'un parcours client homog\u00e8ne et de haute qualit\u00e9 gr\u00e2ce \u00e0 des \u00e9changes d'information fluides et une vision d'entreprise unifi\u00e9e.<\/p>\n<\/li>\n<li>\n<p data-path-to-node=\"7,2,0\"><b>Stimulation de l'Innovation et de la Cr\u00e9ativit\u00e9 :<\/b> Passage de la cr\u00e9ativit\u00e9 individuelle \u00e0 la <b>cr\u00e9ativit\u00e9 coop\u00e9rative<\/b>, favorisant l'\u00e9change d'expertises et l'\u00e9mergence de solutions novatrices.<\/p>\n<\/li>\n<li>\n<p data-path-to-node=\"7,3,0\"><b>D\u00e9veloppement de la R\u00e9silience Organisationnelle :<\/b> Capacit\u00e9 accrue \u00e0 s'adapter rapidement aux changements du march\u00e9 et aux cultures diversifi\u00e9es gr\u00e2ce \u00e0 l'<b>ouverture d'esprit<\/b> et \u00e0 l'<b>adaptabilit\u00e9<\/b> des \u00e9quipes.<\/p>\n<\/li>\n<li>\n<p data-path-to-node=\"7,4,0\"><b>Renforcement de la Coh\u00e9sion et de l'Engagement :<\/b> Cr\u00e9ation d'une <b>motivation commune<\/b>, d'un <b>respect mutuel<\/b> et d'une plus grande fid\u00e9lit\u00e9 des employ\u00e9s en am\u00e9liorant la qualit\u00e9 de la communication et l'<b>\u00e9coute active<\/b>.<\/p>\n<\/li>\n<li>\n<p data-path-to-node=\"7,5,0\"><b>Prise de D\u00e9cision \u00c9clair\u00e9e :<\/b> R\u00e9duction des \u00ab angles morts \u00bb et des suppositions en s'assurant que les besoins et les visions de toutes les parties prenantes sont questionn\u00e9s et int\u00e9gr\u00e9s.<\/p>\n<\/li>\n<\/ul>\n<\/div>\n<\/div><\/div><\/div><div id=\"panel-3063-0-0-2\" class=\"so-panel widget widget_sow-editor panel-last-child\" data-index=\"2\" ><div\n\t\t\t\n\t\t\tclass=\"so-widget-sow-editor so-widget-sow-editor-base\"\n\t\t\t\n\t\t>\n<div class=\"siteorigin-widget-tinymce textwidget\">\n\t<h3>Un Encadrement de Formation Essentiel<\/h3>\n<p data-path-to-node=\"10\">Cette formation en gestion coop\u00e9rative n'est pas une simple transmission de th\u00e9orie; c'est un engagement strat\u00e9gique en faveur d'un changement culturel profond. En ciblant directement les <b>dysfonctionnements<\/b> et en fournissant des <b>solutions concr\u00e8tes et adapt\u00e9es<\/b> \u00e0 votre contexte unique, l'objectif est de s'assurer que les comp\u00e9tences acquises ne restent pas th\u00e9oriques. Le format immersif de deux jours en entreprise est d\u00e9lib\u00e9r\u00e9ment suivi d'une <b>journ\u00e9e d'accompagnement et de suivi<\/b> deux mois plus tard. Cette \u00e9tape est cruciale pour consolider les acquis, \u00e9valuer l'application des objectifs de changement mis en place, et ajuster la strat\u00e9gie pour garantir une transition r\u00e9ussie et durable vers une \u00e9quipe v\u00e9ritablement collaborative.<\/p>\n<\/div>\n<\/div><\/div><\/div><div id=\"pgc-3063-0-1\"  class=\"panel-grid-cell\" ><div id=\"panel-3063-0-1-0\" class=\"so-panel widget widget_sow-editor panel-first-child\" data-index=\"3\" ><div\n\t\t\t\n\t\t\tclass=\"so-widget-sow-editor so-widget-sow-editor-base\"\n\t\t\t\n\t\t>\n<div class=\"siteorigin-widget-tinymce textwidget\">\n\t<p><img loading=\"lazy\" decoding=\"async\" class=\"alignleft size-full wp-image-10250\" src=\"https:\/\/lagrandeecoledesaffaires.com\/wp-content\/uploads\/2025\/11\/gestion-silo-coop.png\" alt=\"\" width=\"1024\" height=\"748\" srcset=\"https:\/\/lagrandeecoledesaffaires.com\/wp-content\/uploads\/2025\/11\/gestion-silo-coop.png 1024w, https:\/\/lagrandeecoledesaffaires.com\/wp-content\/uploads\/2025\/11\/gestion-silo-coop-300x219.png 300w, https:\/\/lagrandeecoledesaffaires.com\/wp-content\/uploads\/2025\/11\/gestion-silo-coop-768x561.png 768w\" sizes=\"auto, (max-width: 1024px) 100vw, 1024px\" \/><\/p>\n<\/div>\n<\/div><\/div><div id=\"panel-3063-0-1-1\" class=\"so-panel widget widget_sow-editor\" data-index=\"4\" ><div\n\t\t\t\n\t\t\tclass=\"so-widget-sow-editor so-widget-sow-editor-base\"\n\t\t\t\n\t\t>\n<div class=\"siteorigin-widget-tinymce textwidget\">\n\t<div id='event_wrapper'><div id='event_search_code' style='display:none;' data='category_identifier=silo&css_class=&event_category_id=&staff_id=&allow_override=0&show_expired=false&show_secondary=false&show_deleted=false&show_recurrence=true&limit=0&order_by=NULL&sort=&events_per_page=50&num_page_links_to_display=10&exclude_closed_events=false'><\/div><div id='event_container_pagination' ><div id='event_content' class='event_content'>Aucun \u00e9v\u00e9nement n'est disponible...<\/div><\/div><\/div>\n<\/div>\n<\/div><\/div><div id=\"panel-3063-0-1-2\" class=\"so-panel widget widget_sow-editor\" data-index=\"5\" ><div\n\t\t\t\n\t\t\tclass=\"so-widget-sow-editor so-widget-sow-editor-base\"\n\t\t\t\n\t\t>\n<div class=\"siteorigin-widget-tinymce textwidget\">\n\t<p><a class=\"button\" href=\"https:\/\/lagrandeecoledesaffaires.com\/index.php\/en-entreprise\/\">Formation en entreprise disponible<\/a><\/p>\n<\/div>\n<\/div><\/div><div id=\"panel-3063-0-1-3\" class=\"so-panel widget widget_sow-editor\" data-index=\"6\" ><div class=\"panel-widget-style panel-widget-style-for-3063-0-1-3\" ><div\n\t\t\t\n\t\t\tclass=\"so-widget-sow-editor so-widget-sow-editor-base\"\n\t\t\t\n\t\t>\n<div class=\"siteorigin-widget-tinymce textwidget\">\n\t<p style=\"text-align: center;\">Raymond G Par\u00e9<\/p>\n<p style=\"text-align: center;\"><img loading=\"lazy\" decoding=\"async\" class=\"alignnone wp-image-10494 size-thumbnail\" src=\"https:\/\/lagrandeecoledesaffaires.com\/wp-content\/uploads\/2026\/01\/RaymondGuy2-150x150.png\" alt=\"\" width=\"150\" height=\"150\" \/><\/p>\n<p style=\"text-align: center;\"><a class=\"button\" href=\"https:\/\/lagrandeecoledesaffaires.com\/index.php\/raymond-g-pare\/\">Voir mon profil<\/a><\/p>\n<\/div>\n<\/div><\/div><\/div><div id=\"panel-3063-0-1-4\" class=\"so-panel widget widget_sow-editor\" data-index=\"7\" ><div\n\t\t\t\n\t\t\tclass=\"so-widget-sow-editor so-widget-sow-editor-base\"\n\t\t\t\n\t\t>\n<div class=\"siteorigin-widget-tinymce textwidget\">\n\t<p><iframe src=\"https:\/\/www.youtube.com\/embed\/uz_SjPhmq3k?feature=oembed\" height=\"450\" frameborder=\"0\" allowfullscreen=\"allowfullscreen\" data-mce-fragment=\"1\"><span data-mce-type=\"bookmark\" style=\"display: inline-block; width: 0px; overflow: hidden; line-height: 0;\" class=\"mce_SELRES_start\">\ufeff<\/span><\/iframe><\/p>\n<h2>Cette formation vous int\u00e9resse ?<br \/>\nContactez-nous<\/h2>\n<\/div>\n<\/div><\/div><div id=\"panel-3063-0-1-5\" class=\"so-panel widget widget_sow-contact-form panel-last-child\" data-index=\"8\" ><div\n\t\t\t\n\t\t\tclass=\"so-widget-sow-contact-form so-widget-sow-contact-form-default-27da056a8e04-3063\"\n\t\t\t\n\t\t>\t<form\n\t\taction=\"\/index.php\/wp-json\/wp\/v2\/pages\/3063\"\n\t\tmethod=\"POST\"\n\t\tclass=\"sow-contact-form\"\n\t\tid=\"contact-form-d640\"\n\t>\n\n\t\t\n\t\t            <p><em>Les champs marqu\u00e9s d\u2019un * sont obligatoires<\/em><\/p>\n\t\t\t\t\t\t<div class=\"sow-form-field sow-form-field-name\">\n\t\t\t\t\t\t\t\t<div class=\"sow-field-container\">\n\t\t\t\t\t\t\t<input\n\t\t\ttype=\"text\"\n\t\t\tname=\"votre-nom-1\"\n\t\t\tid=\"sow-contact-form-field-votre-nom-1\"\n\t\t\tvalue=\"\"\n\t\t\tclass=\"sow-text-field\"\n\t\t\tplaceholder=\"Votre nom*\"\t\t\t\t\t\/>\n\t\t\t\t\t\t<\/div>\n\t\t\t\t\t\t\t<\/div>\n\t\t\t\t\t\t<div class=\"sow-form-field sow-form-field-email\">\n\t\t\t\t\t\t\t\t<div class=\"sow-field-container\">\n\t\t\t\t\t\t\t<input\n\t\t\ttype=\"email\"\n\t\t\tname=\"votre-adresse-de-messagerie-1\"\n\t\t\tid=\"sow-contact-form-field-votre-adresse-de-messagerie-1\"\n\t\t\tvalue=\"\"\n\t\t\tclass=\"sow-text-field\"placeholder=\"Votre adresse de messagerie*\"\t\t\t\t\t\t\t\t\/>\n\t\t\t\t\t\t<\/div>\n\t\t\t\t\t\t\t<\/div>\n\t\t\t\t\t\t<div class=\"sow-form-field sow-form-field-textarea\">\n\t\t\t\t\t\t\t\t<div class=\"sow-field-container\">\n\t\t\t\t\t\t\t<textarea\n\t\t\tname=\"message-1\"\n\t\t\tid=\"sow-contact-form-field-message-1\"\n\t\t\trows=\"10\"\n\t\t\tplaceholder=\"Message*\"\t\t\t\t\t><\/textarea>\n\t\t\t\t\t\t<\/div>\n\t\t\t\t\t\t\t<\/div>\n\t\t\t\n\t\t\n\t\t<div class=\"sow-submit-wrapper \n\t\tsow-submit-styled\t\t\">\n\n\t\t\t<button\n\t\t\t\ttype=\"submit\"\n\t\t\t\tclass=\"sow-submit\n\t\t\t\t\t\t\t\t\"\n\t\t\t\t\t\t\t>\n\t\t\t\tContactez-nous\t\t\t<\/button>\n\t\t<\/div>\n\t\t\t\t<input\n\t\t\ttype=\"hidden\"\n\t\t\tname=\"instance_hash-1\"\n\t\t\tvalue=\"d64027d9\"\n\t\t\/>\n\n\t\t<input type=\"hidden\" id=\"_wpnonce\" name=\"_wpnonce\" value=\"2ffb9885ef\" \/><input type=\"hidden\" name=\"_wp_http_referer\" value=\"\/index.php\/wp-json\/wp\/v2\/pages\/3063\" \/>\t<\/form>\n\t<\/div><\/div><\/div><\/div><\/div>","protected":false},"excerpt":{"rendered":"<p>B\u00e2tir la r\u00e9silience organisationnelle L&rsquo;\u00e8re du fonctionnement en silo\u2014o\u00f9 chaque d\u00e9partement op\u00e8re de mani\u00e8re isol\u00e9e, sans r\u00e9elle coordination\u2014est r\u00e9volue. Cette approche d\u00e9su\u00e8te est un frein majeur \u00e0 la performance, engendrant des co\u00fbts d&rsquo;op\u00e9ration inutiles, ralentissant l&rsquo;innovation et compromettant l&rsquo;exp\u00e9rience client globale. Dans un environnement de march\u00e9 de plus en plus complexe et diversifi\u00e9, il est&hellip;&nbsp;<\/p>\n","protected":false},"author":2,"featured_media":10250,"parent":0,"menu_order":0,"comment_status":"closed","ping_status":"closed","template":"","meta":{"neve_meta_sidebar":"","neve_meta_container":"","neve_meta_enable_content_width":"off","neve_meta_content_width":100,"neve_meta_title_alignment":"","neve_meta_author_avatar":"","neve_post_elements_order":"","neve_meta_disable_header":"","neve_meta_disable_footer":"","neve_meta_disable_title":"","footnotes":""},"class_list":["post-3063","page","type-page","status-publish","has-post-thumbnail","hentry"],"_links":{"self":[{"href":"https:\/\/lagrandeecoledesaffaires.com\/index.php\/wp-json\/wp\/v2\/pages\/3063","targetHints":{"allow":["GET"]}}],"collection":[{"href":"https:\/\/lagrandeecoledesaffaires.com\/index.php\/wp-json\/wp\/v2\/pages"}],"about":[{"href":"https:\/\/lagrandeecoledesaffaires.com\/index.php\/wp-json\/wp\/v2\/types\/page"}],"author":[{"embeddable":true,"href":"https:\/\/lagrandeecoledesaffaires.com\/index.php\/wp-json\/wp\/v2\/users\/2"}],"replies":[{"embeddable":true,"href":"https:\/\/lagrandeecoledesaffaires.com\/index.php\/wp-json\/wp\/v2\/comments?post=3063"}],"version-history":[{"count":103,"href":"https:\/\/lagrandeecoledesaffaires.com\/index.php\/wp-json\/wp\/v2\/pages\/3063\/revisions"}],"predecessor-version":[{"id":10514,"href":"https:\/\/lagrandeecoledesaffaires.com\/index.php\/wp-json\/wp\/v2\/pages\/3063\/revisions\/10514"}],"wp:featuredmedia":[{"embeddable":true,"href":"https:\/\/lagrandeecoledesaffaires.com\/index.php\/wp-json\/wp\/v2\/media\/10250"}],"wp:attachment":[{"href":"https:\/\/lagrandeecoledesaffaires.com\/index.php\/wp-json\/wp\/v2\/media?parent=3063"}],"curies":[{"name":"wp","href":"https:\/\/api.w.org\/{rel}","templated":true}]}}