{"id":30,"date":"2017-01-23T21:23:01","date_gmt":"2017-01-23T20:23:01","guid":{"rendered":"http:\/\/207.253.81.77\/?page_id=30"},"modified":"2026-01-30T10:58:11","modified_gmt":"2026-01-30T15:58:11","slug":"conferences-2","status":"publish","type":"page","link":"https:\/\/lagrandeecoledesaffaires.com\/index.php\/conferences-2\/","title":{"rendered":"Conf\u00e9rences"},"content":{"rendered":"<div id=\"pl-30\"  class=\"panel-layout\" ><div id=\"pg-30-0\"  class=\"panel-grid panel-no-style\" ><div id=\"pgc-30-0-0\"  class=\"panel-grid-cell\" ><div id=\"panel-30-0-0-0\" class=\"so-panel widget widget_sow-editor panel-first-child\" data-index=\"0\" ><div\n\t\t\t\n\t\t\tclass=\"so-widget-sow-editor so-widget-sow-editor-base\"\n\t\t\t\n\t\t>\n<div class=\"siteorigin-widget-tinymce textwidget\">\n\t<h1 data-path-to-node=\"3\">Raymond G. Par\u00e9 : Un Conf\u00e9rencier d'Exception<\/h1>\n<h2 data-path-to-node=\"4\">Le Carburant de la Performance et du Changement<\/h2>\n<p data-path-to-node=\"5\">Dot\u00e9 d'une \u00e9nergie remarquable et d'un charisme sans pareil, Raymond G. Par\u00e9, \"Monsieur Attitude\", est bien plus qu'un simple orateur : il est un <b>catalyseur de changement et de r\u00e9sultats durables<\/b>. Fort de pr\u00e8s de 25 ans d'exp\u00e9rience et d'un parcours incomparable riche en v\u00e9cu, il partage ses connaissances avec passion, prouvant qu'il ne faut jamais perdre de vue ses objectifs. Son approche, fond\u00e9e sur des concepts innovateurs et un talent unique pour la <b>mobilisation d'\u00e9quipes<\/b>, a un impact marquant et irr\u00e9versible sur les attitudes, comme en t\u00e9moignent ses succ\u00e8s pass\u00e9s (Hydro-Qu\u00e9bec, Gestion Financi\u00e8re MD, etc.).<\/p>\n<p data-path-to-node=\"6\">M. Par\u00e9 excelle \u00e0 r\u00e9v\u00e9ler les <b>attitudes gagnantes<\/b> et les comportements \u00e0 \u00e9viter, offrant des solutions \u00e0 la fois r\u00e9alistes et innovantes, <b>applicables d\u00e8s le lendemain<\/b>. Il est le porteur d'un optimisme contagieux qui pousse les participants \u00e0 se d\u00e9passer. Il captive l'attention, fait progresser, et transmet vos messages avec subtilit\u00e9. Avec lui, on \u00e9coute, on sourit, on rit (souvent de soi-m\u00eame), on se motive, et surtout, <b>on se mobilise vers l'action<\/b>. Il est la \"Porsche 911 de la performance\" \u2013 puissante et efficace.<\/p>\n<\/div>\n<\/div><\/div><div id=\"panel-30-0-0-1\" class=\"so-panel widget widget_sow-editor\" data-index=\"1\" ><div class=\"so-rounded panel-widget-style panel-widget-style-for-30-0-0-1\" ><div\n\t\t\t\n\t\t\tclass=\"so-widget-sow-editor so-widget-sow-editor-base\"\n\t\t\t\n\t\t>\n<div class=\"siteorigin-widget-tinymce textwidget\">\n\t<h2 data-path-to-node=\"8\">Notre Force : Des Conf\u00e9rences Cibl\u00e9es et Adapt\u00e9es<\/h2>\n<p data-path-to-node=\"9\">Toutes les conf\u00e9rences de Raymond G. Par\u00e9 sont enti\u00e8rement <b>adapt\u00e9es \u00e0 votre organisation<\/b> afin d\u2019assurer une r\u00e9sonance maximale aupr\u00e8s de vos \u00e9quipes. Les titres et le contenu sont personnalis\u00e9s pour \u00eatre activateurs et pour que les participants se sentent directement concern\u00e9s et impliqu\u00e9s. En choisissant des exemples concrets tir\u00e9s de votre secteur d'activit\u00e9, M. Par\u00e9 garantit l'adh\u00e9sion et la participation active de l'auditoire.<\/p>\n<h3 data-path-to-node=\"10\">Th\u00e9matiques Cl\u00e9s<\/h3>\n<p data-path-to-node=\"11\">Les conf\u00e9rences sont offertes <b>en salle<\/b> (partout au Qu\u00e9bec et en Europe) ou en <b>format virtuel<\/b> (webcam), toujours soutenues par une pr\u00e9sentation visuelle Haute D\u00e9finition professionnelle et personnalis\u00e9e par l'\u00e9quipe GEA (incluant vos logos et images corporatives).<\/p>\n<ul data-path-to-node=\"12\">\n<li>\n<p data-path-to-node=\"12,0,0\"><b>Attitude Client, Patient ou Citoyen :<\/b> L'Attitude, nerf de la r\u00e9ussite. Cr\u00e9er l\u2019\u00e9tat d\u2019esprit qui transforme les d\u00e9fis en opportunit\u00e9s.<\/p>\n<\/li>\n<li>\n<p data-path-to-node=\"12,1,0\"><b>Leadership et Strat\u00e9gie :<\/b> Leadership de Gestion et Courage Manag\u00e9rial pour une r\u00e9tention du personnel sans faille.<\/p>\n<\/li>\n<li>\n<p data-path-to-node=\"12,2,0\"><b>Gestion du Changement :<\/b> D\u00e9velopper l'agilit\u00e9 n\u00e9cessaire pour faire face \u00e0 l'avenir.<\/p>\n<\/li>\n<li>\n<p data-path-to-node=\"12,3,0\"><b>N\u00e9gociation et R\u00e9solution :<\/b> L'Art de N\u00e9gocier dans toute circonstance et d\u00e9dramatiser les situations conflictuelles.<\/p>\n<\/li>\n<li>\n<p data-path-to-node=\"12,4,0\"><b>Efficacit\u00e9 Personnelle :<\/b> Gestion de Mon Temps, Stress et \u00c9motions.<\/p>\n<\/li>\n<\/ul>\n<\/div>\n<\/div><\/div><\/div><div id=\"panel-30-0-0-2\" class=\"so-panel widget widget_sow-editor panel-last-child\" data-index=\"2\" ><div\n\t\t\t\n\t\t\tclass=\"so-widget-sow-editor so-widget-sow-editor-base\"\n\t\t\t\n\t\t>\n<div class=\"siteorigin-widget-tinymce textwidget\">\n\t<h2 data-path-to-node=\"14\">Reconnaissances et Accompagnement<\/h2>\n<p data-path-to-node=\"15\">La Grande \u00c9cole des Affaires est <b>reconnue par le Gouvernement<\/b> pour les programmes de formation de la main-d\u2019\u0153uvre et est accr\u00e9dit\u00e9e par la majorit\u00e9 des <b>Ordres professionnels<\/b> pour l\u2019obtention d\u2019<b>Unit\u00e9s de Formation Continue (UFC)<\/b>. Vous pouvez ainsi <b>jumeler l'utile \u00e0 l'agr\u00e9able<\/b> en b\u00e9n\u00e9ficiant de notre expertise dans un cadre subventionn\u00e9.<\/p>\n<p data-path-to-node=\"16\">M. Par\u00e9 utilise sa voix, \u00e0 la fois forte et agr\u00e9able, et son empathie naturelle pour faire passer vos messages et vous donner les cl\u00e9s d'un succ\u00e8s durable. Comme l'a soulign\u00e9 Serge Martin, Pr\u00e9sident des Grands Explorateurs, M. Par\u00e9 est un motivateur hors pair qui mobilise les gens autour d\u2019un objectif de croissance en faisant appel \u00e0 leur int\u00e9r\u00eat personnel.<\/p>\n<\/div>\n<\/div><\/div><\/div><div id=\"pgc-30-0-1\"  class=\"panel-grid-cell\" ><div id=\"panel-30-0-1-0\" class=\"so-panel widget widget_sow-editor panel-first-child\" data-index=\"3\" ><div\n\t\t\t\n\t\t\tclass=\"so-widget-sow-editor so-widget-sow-editor-base\"\n\t\t\t\n\t\t>\n<div class=\"siteorigin-widget-tinymce textwidget\">\n\t<p><img loading=\"lazy\" decoding=\"async\" class=\"alignleft size-full wp-image-10494\" src=\"https:\/\/lagrandeecoledesaffaires.com\/wp-content\/uploads\/2026\/01\/RaymondGuy2.png\" alt=\"\" width=\"928\" height=\"1120\" srcset=\"https:\/\/lagrandeecoledesaffaires.com\/wp-content\/uploads\/2026\/01\/RaymondGuy2.png 928w, https:\/\/lagrandeecoledesaffaires.com\/wp-content\/uploads\/2026\/01\/RaymondGuy2-249x300.png 249w, https:\/\/lagrandeecoledesaffaires.com\/wp-content\/uploads\/2026\/01\/RaymondGuy2-848x1024.png 848w, https:\/\/lagrandeecoledesaffaires.com\/wp-content\/uploads\/2026\/01\/RaymondGuy2-768x927.png 768w\" sizes=\"auto, (max-width: 928px) 100vw, 928px\" \/><\/p>\n<\/div>\n<\/div><\/div><div id=\"panel-30-0-1-1\" class=\"so-panel widget widget_sow-editor\" data-index=\"4\" ><div\n\t\t\t\n\t\t\tclass=\"so-widget-sow-editor so-widget-sow-editor-base\"\n\t\t\t\n\t\t>\n<div class=\"siteorigin-widget-tinymce textwidget\">\n\t<p><a class=\"button\" href=\"https:\/\/lagrandeecoledesaffaires.com\/index.php\/raymond-g-pare\/\">Voir le profil<\/a><\/p>\n<\/div>\n<\/div><\/div><div id=\"panel-30-0-1-2\" class=\"so-panel widget widget_sow-editor\" data-index=\"5\" ><div\n\t\t\t\n\t\t\tclass=\"so-widget-sow-editor so-widget-sow-editor-base\"\n\t\t\t\n\t\t>\n<div class=\"siteorigin-widget-tinymce textwidget\">\n\t<h2><\/h2>\n<h2 data-path-to-node=\"18\">R\u00e9servez Votre Conf\u00e9rence<\/h2>\n<p data-path-to-node=\"19\">Pour \u00e9valuer comment Raymond G. Par\u00e9 peut mobiliser et transformer votre organisation, <strong>contactez-nous d\u00e8s aujourd'hui.<\/strong><\/p>\n<\/div>\n<\/div><\/div><div id=\"panel-30-0-1-3\" class=\"so-panel widget widget_sow-contact-form panel-last-child\" data-index=\"6\" ><div\n\t\t\t\n\t\t\tclass=\"so-widget-sow-contact-form so-widget-sow-contact-form-default-27da056a8e04-30\"\n\t\t\t\n\t\t>\t<form\n\t\taction=\"\/index.php\/wp-json\/wp\/v2\/pages\/30\"\n\t\tmethod=\"POST\"\n\t\tclass=\"sow-contact-form\"\n\t\tid=\"contact-form-07b5\"\n\t>\n\n\t\t\n\t\t            <p><em>Les champs marqu\u00e9s d\u2019un * sont obligatoires<\/em><\/p>\n\t\t\t\t\t\t<div class=\"sow-form-field sow-form-field-name\">\n\t\t\t\t\t\t\t\t<div class=\"sow-field-container\">\n\t\t\t\t\t\t\t<input\n\t\t\ttype=\"text\"\n\t\t\tname=\"votre-nom-1\"\n\t\t\tid=\"sow-contact-form-field-votre-nom-1\"\n\t\t\tvalue=\"\"\n\t\t\tclass=\"sow-text-field\"\n\t\t\tplaceholder=\"Votre nom*\"\t\t\t\t\t\/>\n\t\t\t\t\t\t<\/div>\n\t\t\t\t\t\t\t<\/div>\n\t\t\t\t\t\t<div class=\"sow-form-field sow-form-field-email\">\n\t\t\t\t\t\t\t\t<div class=\"sow-field-container\">\n\t\t\t\t\t\t\t<input\n\t\t\ttype=\"email\"\n\t\t\tname=\"votre-adresse-de-messagerie-1\"\n\t\t\tid=\"sow-contact-form-field-votre-adresse-de-messagerie-1\"\n\t\t\tvalue=\"\"\n\t\t\tclass=\"sow-text-field\"placeholder=\"Votre adresse de messagerie*\"\t\t\t\t\t\t\t\t\/>\n\t\t\t\t\t\t<\/div>\n\t\t\t\t\t\t\t<\/div>\n\t\t\t\t\t\t<div class=\"sow-form-field sow-form-field-textarea\">\n\t\t\t\t\t\t\t\t<div class=\"sow-field-container\">\n\t\t\t\t\t\t\t<textarea\n\t\t\tname=\"message-1\"\n\t\t\tid=\"sow-contact-form-field-message-1\"\n\t\t\trows=\"10\"\n\t\t\tplaceholder=\"Message*\"\t\t\t\t\t><\/textarea>\n\t\t\t\t\t\t<\/div>\n\t\t\t\t\t\t\t<\/div>\n\t\t\t\n\t\t\n\t\t<div class=\"sow-submit-wrapper \n\t\tsow-submit-styled\t\t\">\n\n\t\t\t<button\n\t\t\t\ttype=\"submit\"\n\t\t\t\tclass=\"sow-submit\n\t\t\t\t\t\t\t\t\"\n\t\t\t\t\t\t\t>\n\t\t\t\tContactez-nous\t\t\t<\/button>\n\t\t<\/div>\n\t\t\t\t<input\n\t\t\ttype=\"hidden\"\n\t\t\tname=\"instance_hash-1\"\n\t\t\tvalue=\"07b580db\"\n\t\t\/>\n\n\t\t<input type=\"hidden\" id=\"_wpnonce\" name=\"_wpnonce\" value=\"9f7b3d7744\" \/><input type=\"hidden\" name=\"_wp_http_referer\" value=\"\/index.php\/wp-json\/wp\/v2\/pages\/30\" \/>\t<\/form>\n\t<\/div><\/div><\/div><\/div><\/div>","protected":false},"excerpt":{"rendered":"<p>Raymond G. Par\u00e9 : Un Conf\u00e9rencier d&rsquo;Exception Le Carburant de la Performance et du Changement Dot\u00e9 d&rsquo;une \u00e9nergie remarquable et d&rsquo;un charisme sans pareil, Raymond G. Par\u00e9, \u00ab\u00a0Monsieur Attitude\u00a0\u00bb, est bien plus qu&rsquo;un simple orateur : il est un catalyseur de changement et de r\u00e9sultats durables. Fort de pr\u00e8s de 25 ans d&rsquo;exp\u00e9rience et d&rsquo;un&hellip;&nbsp;<\/p>\n","protected":false},"author":1,"featured_media":0,"parent":0,"menu_order":0,"comment_status":"closed","ping_status":"closed","template":"","meta":{"neve_meta_sidebar":"","neve_meta_container":"","neve_meta_enable_content_width":"off","neve_meta_content_width":100,"neve_meta_title_alignment":"","neve_meta_author_avatar":"","neve_post_elements_order":"","neve_meta_disable_header":"","neve_meta_disable_footer":"","neve_meta_disable_title":"","footnotes":""},"class_list":["post-30","page","type-page","status-publish","hentry"],"_links":{"self":[{"href":"https:\/\/lagrandeecoledesaffaires.com\/index.php\/wp-json\/wp\/v2\/pages\/30","targetHints":{"allow":["GET"]}}],"collection":[{"href":"https:\/\/lagrandeecoledesaffaires.com\/index.php\/wp-json\/wp\/v2\/pages"}],"about":[{"href":"https:\/\/lagrandeecoledesaffaires.com\/index.php\/wp-json\/wp\/v2\/types\/page"}],"author":[{"embeddable":true,"href":"https:\/\/lagrandeecoledesaffaires.com\/index.php\/wp-json\/wp\/v2\/users\/1"}],"replies":[{"embeddable":true,"href":"https:\/\/lagrandeecoledesaffaires.com\/index.php\/wp-json\/wp\/v2\/comments?post=30"}],"version-history":[{"count":51,"href":"https:\/\/lagrandeecoledesaffaires.com\/index.php\/wp-json\/wp\/v2\/pages\/30\/revisions"}],"predecessor-version":[{"id":10498,"href":"https:\/\/lagrandeecoledesaffaires.com\/index.php\/wp-json\/wp\/v2\/pages\/30\/revisions\/10498"}],"wp:attachment":[{"href":"https:\/\/lagrandeecoledesaffaires.com\/index.php\/wp-json\/wp\/v2\/media?parent=30"}],"curies":[{"name":"wp","href":"https:\/\/api.w.org\/{rel}","templated":true}]}}