{"id":1578,"date":"2017-10-31T10:58:50","date_gmt":"2017-10-31T14:58:50","guid":{"rendered":"https:\/\/lagrandeecoledesaffaires.com\/?page_id=1578"},"modified":"2025-12-11T16:38:36","modified_gmt":"2025-12-11T21:38:36","slug":"formation-realisation-dun-projet-immobilier","status":"publish","type":"page","link":"https:\/\/lagrandeecoledesaffaires.com\/index.php\/formation-realisation-dun-projet-immobilier\/","title":{"rendered":"Formation : Du concept \u00e0 la r\u00e9alisation d&rsquo;un projet immobilier"},"content":{"rendered":"<div id=\"pl-1578\"  class=\"panel-layout\" ><div id=\"pg-1578-0\"  class=\"panel-grid panel-no-style\" ><div id=\"pgc-1578-0-0\"  class=\"panel-grid-cell\" ><div id=\"panel-1578-0-0-0\" class=\"so-panel widget widget_sow-editor panel-first-child\" data-index=\"0\" ><div\n\t\t\t\n\t\t\tclass=\"so-widget-sow-editor so-widget-sow-editor-base\"\n\t\t\t\n\t\t>\n<div class=\"siteorigin-widget-tinymce textwidget\">\n\t<h2 data-path-to-node=\"3\">Une Approche Strat\u00e9gique et Humaine<\/h2>\n<p data-path-to-node=\"4\"><span class=\"txtImportant\">La Grande \u00c9cole des Affaires (GEA) propose une formation sp\u00e9cialis\u00e9e en Gestion de Projet Immobilier qui fusionne la <b>planification strat\u00e9gique et la m\u00e9thode technique<\/b> avec le respect profond de l'humain. Apr\u00e8s 30 ans d'expertise, nous savons que le succ\u00e8s d'un projet repose non seulement sur la cr\u00e9ativit\u00e9 et la m\u00e9thodologie, mais aussi sur le <b>Leadership<\/b> et le <b>Courage Manag\u00e9rial<\/b> du gestionnaire. Notre objectif est de vous permettre d'acqu\u00e9rir rapidement ce que la vie enseigne en plusieurs ann\u00e9es, en vous donnant les outils pour d\u00e9marrer des projets sur des assises solides et pour <b>casser les silos<\/b> au sein de vos \u00e9quipes.<\/span><\/p>\n<p data-path-to-node=\"5\">Cette formation, enrichie par le v\u00e9cu exceptionnel de notre professeur Raymond G. Par\u00e9 (sp\u00e9cialiste en changements de zonage, projets d'envergure internationale et consultant pour des clients majeurs comme Olymel et l'Agence Spatiale Canadienne), met l'accent sur la <b>ma\u00eetrise des \u00e9tapes cruciales<\/b> et la <b>mobilisation efficace des ressources<\/b>. Elle aborde l'indissociable gestion de l'humain \u2014 g\u00e9rer des personnalit\u00e9s difficiles, d\u00e9velopper un leadership performant et assurer la r\u00e9tention du personnel \u2014 pour garantir une r\u00e9alisation harmonieuse, \u00e9viter les p\u00e9nalit\u00e9s li\u00e9es aux mauvaises d\u00e9cisions et atteindre vos objectifs strat\u00e9giques.<\/p>\n<\/div>\n<\/div><\/div><div id=\"panel-1578-0-0-1\" class=\"so-panel widget widget_sow-editor\" data-index=\"1\" ><div class=\"so-rounded panel-widget-style panel-widget-style-for-1578-0-0-1\" ><div\n\t\t\t\n\t\t\tclass=\"so-widget-sow-editor so-widget-sow-editor-base\"\n\t\t\t\n\t\t>\n<div class=\"siteorigin-widget-tinymce textwidget\">\n\t<h2 data-path-to-node=\"7\">Objectifs et Avantages Cl\u00e9s de la Formation<\/h2>\n<p data-path-to-node=\"8\">Cette formation d'une journ\u00e9e (en pr\u00e9sentiel ou \u00e0 distance) vous permet de :<\/p>\n<ul data-path-to-node=\"9\">\n<li>\n<p data-path-to-node=\"9,0,0\"><b>Planification et D\u00e9marrage :<\/b> Ma\u00eetriser la recherche d'informations, l'analyse d\u00e9mographique\/\u00e9conomique, et la planification r\u00e9aliste et compl\u00e8te de votre projet immobilier.<\/p>\n<\/li>\n<li>\n<p data-path-to-node=\"9,1,0\"><b>Coordination Efficace :<\/b> Coordonner avec succ\u00e8s les intervenants externes (ing\u00e9nieurs, architectes, urbanistes, etc.) et internes, tout en g\u00e9rant les \u00e9ch\u00e9anciers.<\/p>\n<\/li>\n<li>\n<p data-path-to-node=\"9,2,0\"><b>Relations Strat\u00e9giques :<\/b> B\u00e2tir un relationnel solide avec les instances municipales et gouvernementales, incluant la m\u00e9thodologie pour les <b>changements de zonage<\/b>.<\/p>\n<\/li>\n<li>\n<p data-path-to-node=\"9,3,0\"><b>Gestion Humaine Avanc\u00e9e :<\/b> D\u00e9velopper le Leadership et le Courage Manag\u00e9rial, g\u00e9rer le stress et les \u00e9motions, et ma\u00eetriser les attitudes gagnantes pour mobiliser vos \u00e9quipes.<\/p>\n<\/li>\n<li>\n<p data-path-to-node=\"9,4,0\"><b>Ma\u00eetrise Op\u00e9rationnelle :<\/b> Utiliser les applications pratiques (logiciels, remue-m\u00e9ninges) et distinguer l'essentiel du superflu pour une gestion constante des changements.<\/p>\n<\/li>\n<\/ul>\n<\/div>\n<\/div><\/div><\/div><div id=\"panel-1578-0-0-2\" class=\"so-panel widget widget_sow-editor panel-last-child\" data-index=\"2\" ><div\n\t\t\t\n\t\t\tclass=\"so-widget-sow-editor so-widget-sow-editor-base\"\n\t\t\t\n\t\t>\n<div class=\"siteorigin-widget-tinymce textwidget\">\n\t<h2 data-path-to-node=\"11\">Modalit\u00e9s et Reconnaissance<\/h2>\n<p data-path-to-node=\"12\">La formation est offerte en 2 capsules journali\u00e8res (299 $ + taxes) ou sur une journ\u00e9e compl\u00e8te pour les formats en pr\u00e9sentiel\/\u00e0 distance. Elle est interactive, permettant le partage d'exp\u00e9riences.<\/p>\n<p data-path-to-node=\"12\">La GEA est <b>reconnue par Emploi Qu\u00e9bec et la majorit\u00e9 des Ordres professionnels<\/b> pour l'obtention d'<b>Unit\u00e9s de Formation Continue (UFC)<\/b>.<\/p>\n<p data-path-to-node=\"12\">L'enseignement est soutenu par un PowerPoint de qualit\u00e9 professionnelle. Rappelez-vous : vos employ\u00e9s restent pour la <b>valorisation et la reconnaissance<\/b>, un principe fondamental int\u00e9gr\u00e9 \u00e0 notre approche de gestion de projet.<\/p>\n<\/div>\n<\/div><\/div><\/div><div id=\"pgc-1578-0-1\"  class=\"panel-grid-cell\" ><div id=\"panel-1578-0-1-0\" class=\"so-panel widget widget_sow-editor panel-first-child\" data-index=\"3\" ><div\n\t\t\t\n\t\t\tclass=\"so-widget-sow-editor so-widget-sow-editor-base\"\n\t\t\t\n\t\t>\n<div class=\"siteorigin-widget-tinymce textwidget\">\n\t<p><img loading=\"lazy\" decoding=\"async\" class=\"wp-image-7469 alignright\" src=\"https:\/\/lagrandeecoledesaffaires.com\/wp-content\/uploads\/2023\/03\/construction-ingenieur.jpg\" alt=\"\" width=\"563\" height=\"231\" srcset=\"https:\/\/lagrandeecoledesaffaires.com\/wp-content\/uploads\/2023\/03\/construction-ingenieur.jpg 800w, https:\/\/lagrandeecoledesaffaires.com\/wp-content\/uploads\/2023\/03\/construction-ingenieur-300x123.jpg 300w, https:\/\/lagrandeecoledesaffaires.com\/wp-content\/uploads\/2023\/03\/construction-ingenieur-768x315.jpg 768w\" sizes=\"auto, (max-width: 563px) 100vw, 563px\" \/><\/p>\n<\/div>\n<\/div><\/div><div id=\"panel-1578-0-1-1\" class=\"so-panel widget widget_sow-editor\" data-index=\"4\" ><div\n\t\t\t\n\t\t\tclass=\"so-widget-sow-editor so-widget-sow-editor-base\"\n\t\t\t\n\t\t>\n<div class=\"siteorigin-widget-tinymce textwidget\">\n\t<p>&nbsp;<\/p>\n<p><a class=\"button\" href=\"https:\/\/lagrandeecoledesaffaires.com\/index.php\/en-entreprise\/\">Formation en entreprise disponible<\/a><\/p>\n<\/div>\n<\/div><\/div><div id=\"panel-1578-0-1-2\" class=\"so-panel widget widget_sow-editor\" data-index=\"5\" ><div\n\t\t\t\n\t\t\tclass=\"so-widget-sow-editor so-widget-sow-editor-base\"\n\t\t\t\n\t\t>\n<div class=\"siteorigin-widget-tinymce textwidget\">\n\t<h2><\/h2>\n<h2>Cette formation vous int\u00e9resse ?<br \/>\nContactez-nous<\/h2>\n<\/div>\n<\/div><\/div><div id=\"panel-1578-0-1-3\" class=\"so-panel widget widget_sow-contact-form panel-last-child\" data-index=\"6\" ><div\n\t\t\t\n\t\t\tclass=\"so-widget-sow-contact-form so-widget-sow-contact-form-default-27da056a8e04-1578\"\n\t\t\t\n\t\t>\t<form\n\t\taction=\"\/index.php\/wp-json\/wp\/v2\/pages\/1578\"\n\t\tmethod=\"POST\"\n\t\tclass=\"sow-contact-form\"\n\t\tid=\"contact-form-1041\"\n\t>\n\n\t\t\n\t\t            <p><em>Les champs marqu\u00e9s d\u2019un * sont obligatoires<\/em><\/p>\n\t\t\t\t\t\t<div class=\"sow-form-field sow-form-field-name\">\n\t\t\t\t\t\t\t\t<div class=\"sow-field-container\">\n\t\t\t\t\t\t\t<input\n\t\t\ttype=\"text\"\n\t\t\tname=\"votre-nom-1\"\n\t\t\tid=\"sow-contact-form-field-votre-nom-1\"\n\t\t\tvalue=\"\"\n\t\t\tclass=\"sow-text-field\"\n\t\t\tplaceholder=\"Votre nom*\"\t\t\t\t\t\/>\n\t\t\t\t\t\t<\/div>\n\t\t\t\t\t\t\t<\/div>\n\t\t\t\t\t\t<div class=\"sow-form-field sow-form-field-email\">\n\t\t\t\t\t\t\t\t<div class=\"sow-field-container\">\n\t\t\t\t\t\t\t<input\n\t\t\ttype=\"email\"\n\t\t\tname=\"votre-adresse-de-messagerie-1\"\n\t\t\tid=\"sow-contact-form-field-votre-adresse-de-messagerie-1\"\n\t\t\tvalue=\"\"\n\t\t\tclass=\"sow-text-field\"placeholder=\"Votre adresse de messagerie*\"\t\t\t\t\t\t\t\t\/>\n\t\t\t\t\t\t<\/div>\n\t\t\t\t\t\t\t<\/div>\n\t\t\t\t\t\t<div class=\"sow-form-field sow-form-field-textarea\">\n\t\t\t\t\t\t\t\t<div class=\"sow-field-container\">\n\t\t\t\t\t\t\t<textarea\n\t\t\tname=\"message-1\"\n\t\t\tid=\"sow-contact-form-field-message-1\"\n\t\t\trows=\"10\"\n\t\t\tplaceholder=\"Message*\"\t\t\t\t\t><\/textarea>\n\t\t\t\t\t\t<\/div>\n\t\t\t\t\t\t\t<\/div>\n\t\t\t\n\t\t\n\t\t<div class=\"sow-submit-wrapper \n\t\tsow-submit-styled\t\t\">\n\n\t\t\t<button\n\t\t\t\ttype=\"submit\"\n\t\t\t\tclass=\"sow-submit\n\t\t\t\t\t\t\t\t\"\n\t\t\t\t\t\t\t>\n\t\t\t\tContactez-nous\t\t\t<\/button>\n\t\t<\/div>\n\t\t\t\t<input\n\t\t\ttype=\"hidden\"\n\t\t\tname=\"instance_hash-1\"\n\t\t\tvalue=\"1041b9ca\"\n\t\t\/>\n\n\t\t<input type=\"hidden\" id=\"_wpnonce\" name=\"_wpnonce\" value=\"2ffb9885ef\" \/><input type=\"hidden\" name=\"_wp_http_referer\" value=\"\/index.php\/wp-json\/wp\/v2\/pages\/1578\" \/>\t<\/form>\n\t<\/div><\/div><\/div><\/div><\/div>","protected":false},"excerpt":{"rendered":"<p>Une Approche Strat\u00e9gique et Humaine La Grande \u00c9cole des Affaires (GEA) propose une formation sp\u00e9cialis\u00e9e en Gestion de Projet Immobilier qui fusionne la planification strat\u00e9gique et la m\u00e9thode technique avec le respect profond de l&rsquo;humain. Apr\u00e8s 30 ans d&rsquo;expertise, nous savons que le succ\u00e8s d&rsquo;un projet repose non seulement sur la cr\u00e9ativit\u00e9 et la m\u00e9thodologie,&hellip;&nbsp;<\/p>\n","protected":false},"author":2,"featured_media":4728,"parent":0,"menu_order":0,"comment_status":"closed","ping_status":"closed","template":"","meta":{"neve_meta_sidebar":"","neve_meta_container":"","neve_meta_enable_content_width":"off","neve_meta_content_width":100,"neve_meta_title_alignment":"","neve_meta_author_avatar":"","neve_post_elements_order":"","neve_meta_disable_header":"","neve_meta_disable_footer":"","neve_meta_disable_title":"","footnotes":""},"class_list":["post-1578","page","type-page","status-publish","has-post-thumbnail","hentry"],"_links":{"self":[{"href":"https:\/\/lagrandeecoledesaffaires.com\/index.php\/wp-json\/wp\/v2\/pages\/1578","targetHints":{"allow":["GET"]}}],"collection":[{"href":"https:\/\/lagrandeecoledesaffaires.com\/index.php\/wp-json\/wp\/v2\/pages"}],"about":[{"href":"https:\/\/lagrandeecoledesaffaires.com\/index.php\/wp-json\/wp\/v2\/types\/page"}],"author":[{"embeddable":true,"href":"https:\/\/lagrandeecoledesaffaires.com\/index.php\/wp-json\/wp\/v2\/users\/2"}],"replies":[{"embeddable":true,"href":"https:\/\/lagrandeecoledesaffaires.com\/index.php\/wp-json\/wp\/v2\/comments?post=1578"}],"version-history":[{"count":55,"href":"https:\/\/lagrandeecoledesaffaires.com\/index.php\/wp-json\/wp\/v2\/pages\/1578\/revisions"}],"predecessor-version":[{"id":10334,"href":"https:\/\/lagrandeecoledesaffaires.com\/index.php\/wp-json\/wp\/v2\/pages\/1578\/revisions\/10334"}],"wp:featuredmedia":[{"embeddable":true,"href":"https:\/\/lagrandeecoledesaffaires.com\/index.php\/wp-json\/wp\/v2\/media\/4728"}],"wp:attachment":[{"href":"https:\/\/lagrandeecoledesaffaires.com\/index.php\/wp-json\/wp\/v2\/media?parent=1578"}],"curies":[{"name":"wp","href":"https:\/\/api.w.org\/{rel}","templated":true}]}}