{"id":10439,"date":"2026-01-12T15:48:01","date_gmt":"2026-01-12T20:48:01","guid":{"rendered":"https:\/\/lagrandeecoledesaffaires.com\/?page_id=10439"},"modified":"2026-01-12T15:49:53","modified_gmt":"2026-01-12T20:49:53","slug":"formation-en-immobilier","status":"publish","type":"page","link":"https:\/\/lagrandeecoledesaffaires.com\/index.php\/formation-en-immobilier\/","title":{"rendered":"Formation en immobilier"},"content":{"rendered":"<div id=\"pl-10439\"  class=\"panel-layout\" ><div id=\"pg-10439-0\"  class=\"panel-grid panel-no-style\" ><div id=\"pgc-10439-0-0\"  class=\"panel-grid-cell\" ><div id=\"panel-10439-0-0-0\" class=\"so-panel widget widget_sow-features panel-first-child panel-last-child\" data-index=\"0\" ><div\n\t\t\t\n\t\t\tclass=\"so-widget-sow-features so-widget-sow-features-default-e4ff8eb04809-10439\"\n\t\t\t\n\t\t><ul\n\tclass=\"sow-features-list\n\tsow-features-responsive\">\n\n\t\t\t<li\n\t\t\tclass=\"sow-features-feature sow-icon-container-position-top\"\n\t\t\tstyle=\"display: flex; flex-direction: column; width: calc(25% - 25px);\"\n\t\t>\n\t\t\t\n\t\t\t\t\t\t<a\t\t\t\tclass=\"sow-icon-container sow-container-round\"\n\t\t\t\tstyle=\"color: #e2edf9; \"\n\t\t\t\t\n\t\t\t\t\t\t\t\t\thref=\"https:\/\/lagrandeecoledesaffaires.com\/index.php\/formation-realisation-dun-projet-immobilier\/\"\n\t\t\t\t\t\t\t\t>\n\t\t\t\t\t\t\t\t\t\t<div class=\"sow-icon-image\" style=\"background-image: url(https:\/\/lagrandeecoledesaffaires.com\/wp-content\/uploads\/2023\/03\/immobilier-projet.jpg); font-size: 400px\"><\/div>\n\t\t\t\t\t\t\t\t\t<\/a>\n\n\t\t\t<div class=\"textwidget\">\n\t\t\t\t\n\t\t\t\t\t\t\t\t\t<h5 class=\"sow-features-feature-title\">\n\t\t\t\t\t\t\t\t\t\t\t\t\t<a\n\t\t\t\t\t\t\t\thref=\"https:\/\/lagrandeecoledesaffaires.com\/index.php\/formation-realisation-dun-projet-immobilier\/\"\n\t\t\t\t\t\t\t\t\t\t\t\t\t\t\t>\n\t\t\t\t\t\t\tDu concept \u00e0 la r\u00e9alisation d\u2019un projet immobilier\t\t\t\t\t\t\t<\/a>\n\t\t\t\t\t\t\t\t\t\t\t\t<\/h5>\n\t\t\t\t\n\t\t\t\t\t\t\t\t\t<div class=\"sow-features-feature-text\">\n\t\t\t\t\t<p>Formation sp\u00e9cialis\u00e9e en Gestion de Projet Immobilier qui fusionne la <b>planification strat\u00e9gique et la m\u00e9thode technique<\/b>.<\/p>\n\t\t\t\t\t<\/div>\n\t\t\t\t\t\t\t\t<\/div>\n\t\t\t\t\t\t\t\t<\/li>\n\n\t\t\t<li\n\t\t\tclass=\"sow-features-feature sow-icon-container-position-top\"\n\t\t\tstyle=\"display: flex; flex-direction: column; width: calc(25% - 25px);\"\n\t\t>\n\t\t\t\n\t\t\t\t\t\t<a\t\t\t\tclass=\"sow-icon-container sow-container-round\"\n\t\t\t\tstyle=\"color: #e2edf9; \"\n\t\t\t\t\n\t\t\t\t\t\t\t\t\thref=\"https:\/\/lagrandeecoledesaffaires.com\/index.php\/la-maitrise-du-silence-vous-donne-il-un-pouvoir-sonne-en-vous-foncez-formation-interactive-web\/\"\n\t\t\t\t\t\t\t\t>\n\t\t\t\t\t\t\t\t\t\t<div class=\"sow-icon-image\" style=\"background-image: url(https:\/\/lagrandeecoledesaffaires.com\/wp-content\/uploads\/2025\/11\/art-de-negocier-impact.png); font-size: 400px\"><\/div>\n\t\t\t\t\t\t\t\t\t<\/a>\n\n\t\t\t<div class=\"textwidget\">\n\t\t\t\t\n\t\t\t\t\t\t\t\t\t<h5 class=\"sow-features-feature-title\">\n\t\t\t\t\t\t\t\t\t\t\t\t\t<a\n\t\t\t\t\t\t\t\thref=\"https:\/\/lagrandeecoledesaffaires.com\/index.php\/la-maitrise-du-silence-vous-donne-il-un-pouvoir-sonne-en-vous-foncez-formation-interactive-web\/\"\n\t\t\t\t\t\t\t\t\t\t\t\t\t\t\t>\n\t\t\t\t\t\t\tL\u2019Art de N\u00e9gocier \u2014 Strat\u00e9gies de N\u00e9gociation\t\t\t\t\t\t\t<\/a>\n\t\t\t\t\t\t\t\t\t\t\t\t<\/h5>\n\t\t\t\t\n\t\t\t\t\t\t\t\t\t<div class=\"sow-features-feature-text\">\n\t\t\t\t\t<p>Avez-vous pleinement mesur\u00e9 l\u2019impact de la\u00a0<b>n\u00e9gociation strat\u00e9gique<\/b>\u00a0sur la r\u00e9ussite de vos projets et votre \u00e9volution professionnelle? Que ce soit pour optimiser les co\u00fbts, respecter les d\u00e9lais ou solidifier les relations, chaque aspect est crucial. Ma\u00eetriser l'art de la n\u00e9gociation en entreprise, c\u2019est savoir g\u00e9rer proactivement les interactions complexes avec toutes les parties prenantes de votre environnement.<\/p>\n\t\t\t\t\t<\/div>\n\t\t\t\t\t\t\t\t<\/div>\n\t\t\t\t\t\t\t\t<\/li>\n\n\t\t\t<li\n\t\t\tclass=\"sow-features-feature sow-icon-container-position-top\"\n\t\t\tstyle=\"display: flex; flex-direction: column; width: calc(25% - 25px);\"\n\t\t>\n\t\t\t\n\t\t\t\t\t\t<a\t\t\t\tclass=\"sow-icon-container sow-container-round\"\n\t\t\t\tstyle=\"color: #e2edf9; \"\n\t\t\t\t\n\t\t\t\t\t\t\t\t\thref=\"https:\/\/lagrandeecoledesaffaires.com\/index.php\/formation-courage-managerial-2\/\"\n\t\t\t\t\t\t\t\t>\n\t\t\t\t\t\t\t\t\t\t<div class=\"sow-icon-image\" style=\"background-image: url(https:\/\/lagrandeecoledesaffaires.com\/wp-content\/uploads\/2025\/11\/Subtilites-de-la-vente.png); font-size: 400px\"><\/div>\n\t\t\t\t\t\t\t\t\t<\/a>\n\n\t\t\t<div class=\"textwidget\">\n\t\t\t\t\n\t\t\t\t\t\t\t\t\t<h5 class=\"sow-features-feature-title\">\n\t\t\t\t\t\t\t\t\t\t\t\t\t<a\n\t\t\t\t\t\t\t\thref=\"https:\/\/lagrandeecoledesaffaires.com\/index.php\/formation-courage-managerial-2\/\"\n\t\t\t\t\t\t\t\t\t\t\t\t\t\t\t>\n\t\t\t\t\t\t\tSubtilit\u00e9s de la vente\t\t\t\t\t\t\t<\/a>\n\t\t\t\t\t\t\t\t\t\t\t\t<\/h5>\n\t\t\t\t\n\t\t\t\t\t\t\t\t\t<div class=\"sow-features-feature-text\">\n\t\t\t\t\t<p>Sp\u00e9cialement con\u00e7ue pour les professionnels (ing\u00e9nieurs, notaires, avocats, analystes, chercheurs, etc.) qui, bien que n'ayant pas choisi la vente comme vocation premi\u00e8re, doivent aujourd\u2019hui <b>vendre un processus, un \u00e9quipement ou leurs id\u00e9es<\/b>\u00a0\u00e0 des clients.<\/p>\n\t\t\t\t\t<\/div>\n\t\t\t\t\t\t\t\t<\/div>\n\t\t\t\t\t\t\t\t<\/li>\n\n\t\t\t<li\n\t\t\tclass=\"sow-features-feature sow-icon-container-position-top\"\n\t\t\tstyle=\"display: flex; flex-direction: column; width: calc(25% - 25px);\"\n\t\t>\n\t\t\t\n\t\t\t\t\t\t<a\t\t\t\tclass=\"sow-icon-container sow-container-round\"\n\t\t\t\tstyle=\"color: #e2edf9; \"\n\t\t\t\t\n\t\t\t\t\t\t\t\t\thref=\"https:\/\/lagrandeecoledesaffaires.com\/index.php\/la-maitrise-du-silence-vous-donne-il-un-pouvoir-sonne-en-vous-foncez-formation-interactive-web\/\"\n\t\t\t\t\t\t\t\t>\n\t\t\t\t\t\t\t\t\t\t<div class=\"sow-icon-image\" style=\"background-image: url(https:\/\/lagrandeecoledesaffaires.com\/wp-content\/uploads\/2025\/11\/Le-pouvoir-de-la-maitrise-du-silence.png); font-size: 400px\"><\/div>\n\t\t\t\t\t\t\t\t\t<\/a>\n\n\t\t\t<div class=\"textwidget\">\n\t\t\t\t\n\t\t\t\t\t\t\t\t\t<h5 class=\"sow-features-feature-title\">\n\t\t\t\t\t\t\t\t\t\t\t\t\t<a\n\t\t\t\t\t\t\t\thref=\"https:\/\/lagrandeecoledesaffaires.com\/index.php\/la-maitrise-du-silence-vous-donne-il-un-pouvoir-sonne-en-vous-foncez-formation-interactive-web\/\"\n\t\t\t\t\t\t\t\t\t\t\t\t\t\t\t>\n\t\t\t\t\t\t\tLe pouvoir de la ma\u00eetrise du silence\t\t\t\t\t\t\t<\/a>\n\t\t\t\t\t\t\t\t\t\t\t\t<\/h5>\n\t\t\t\t\n\t\t\t\t\t\t\t\t\t<div class=\"sow-features-feature-text\">\n\t\t\t\t\t<p>Elle s'adresse \u00e0 tous ceux qui souhaitent acqu\u00e9rir un\u00a0<b>pouvoir insoup\u00e7onn\u00e9 et durable<\/b>\u00a0dans leurs \u00e9changes professionnels et personnels<\/p>\n\t\t\t\t\t<\/div>\n\t\t\t\t\t\t\t\t<\/div>\n\t\t\t\t\t\t\t\t<\/li>\n\n\t<\/ul>\n<\/div><\/div><\/div><\/div><div id=\"pg-10439-1\"  class=\"panel-grid panel-has-style\" ><div class=\"siteorigin-panels-stretch panel-row-style panel-row-style-for-10439-1\" data-stretch-type=\"full-width-stretch\" ><div id=\"pgc-10439-1-0\"  class=\"panel-grid-cell panel-grid-cell-empty\" ><\/div><div id=\"pgc-10439-1-1\"  class=\"panel-grid-cell panel-grid-cell-mobile-last\" ><div id=\"panel-10439-1-1-0\" class=\"so-panel widget widget_sow-editor panel-first-child panel-last-child\" data-index=\"1\" ><div\n\t\t\t\n\t\t\tclass=\"so-widget-sow-editor so-widget-sow-editor-base\"\n\t\t\t\n\t\t>\n<div class=\"siteorigin-widget-tinymce textwidget\">\n\t<div style=\"text-align: center; border-radius: 50px 50px 0px 50px; background-color: #cb003a; padding: 35px 15px;\"><a style=\"color: #fff; font-size: 28px; display: block; text-decoration: none;\" href=\"https:\/\/lagrandeecoledesaffaires.com\/index.php\/formations-express\/\">Nouvelles formations EXPRESS !<br \/>\n<\/a><span style=\"color: #ffffff;\">Capsules de formations sont condens\u00e9es en 1h30 et adapt\u00e9es sp\u00e9cifiquement \u00e0 votre r\u00e9alit\u00e9 organisationnelle.<\/span><\/div>\n<\/div>\n<\/div><\/div><\/div><div id=\"pgc-10439-1-2\"  class=\"panel-grid-cell panel-grid-cell-empty\" ><\/div><\/div><\/div><\/div>","protected":false},"excerpt":{"rendered":"<p>Nouvelles formations EXPRESS ! Capsules de formations sont condens\u00e9es en 1h30 et adapt\u00e9es sp\u00e9cifiquement \u00e0 votre r\u00e9alit\u00e9 organisationnelle.<\/p>\n","protected":false},"author":1,"featured_media":0,"parent":0,"menu_order":0,"comment_status":"closed","ping_status":"closed","template":"","meta":{"neve_meta_sidebar":"","neve_meta_container":"","neve_meta_enable_content_width":"off","neve_meta_content_width":100,"neve_meta_title_alignment":"","neve_meta_author_avatar":"","neve_post_elements_order":"","neve_meta_disable_header":"","neve_meta_disable_footer":"","neve_meta_disable_title":"","footnotes":""},"class_list":["post-10439","page","type-page","status-publish","hentry"],"_links":{"self":[{"href":"https:\/\/lagrandeecoledesaffaires.com\/index.php\/wp-json\/wp\/v2\/pages\/10439","targetHints":{"allow":["GET"]}}],"collection":[{"href":"https:\/\/lagrandeecoledesaffaires.com\/index.php\/wp-json\/wp\/v2\/pages"}],"about":[{"href":"https:\/\/lagrandeecoledesaffaires.com\/index.php\/wp-json\/wp\/v2\/types\/page"}],"author":[{"embeddable":true,"href":"https:\/\/lagrandeecoledesaffaires.com\/index.php\/wp-json\/wp\/v2\/users\/1"}],"replies":[{"embeddable":true,"href":"https:\/\/lagrandeecoledesaffaires.com\/index.php\/wp-json\/wp\/v2\/comments?post=10439"}],"version-history":[{"count":2,"href":"https:\/\/lagrandeecoledesaffaires.com\/index.php\/wp-json\/wp\/v2\/pages\/10439\/revisions"}],"predecessor-version":[{"id":10441,"href":"https:\/\/lagrandeecoledesaffaires.com\/index.php\/wp-json\/wp\/v2\/pages\/10439\/revisions\/10441"}],"wp:attachment":[{"href":"https:\/\/lagrandeecoledesaffaires.com\/index.php\/wp-json\/wp\/v2\/media?parent=10439"}],"curies":[{"name":"wp","href":"https:\/\/api.w.org\/{rel}","templated":true}]}}