{"id":10411,"date":"2025-12-19T12:01:16","date_gmt":"2025-12-19T17:01:16","guid":{"rendered":"https:\/\/lagrandeecoledesaffaires.com\/?page_id=10411"},"modified":"2026-01-30T10:53:08","modified_gmt":"2026-01-30T15:53:08","slug":"raymond-g-pare","status":"publish","type":"page","link":"https:\/\/lagrandeecoledesaffaires.com\/index.php\/raymond-g-pare\/","title":{"rendered":"Raymond G. Par\u00e9"},"content":{"rendered":"<div id=\"pl-10411\"  class=\"panel-layout\" ><div id=\"pg-10411-0\"  class=\"panel-grid panel-no-style\" ><div id=\"pgc-10411-0-0\"  class=\"panel-grid-cell\" ><div id=\"panel-10411-0-0-0\" class=\"so-panel widget widget_sow-editor panel-first-child\" data-index=\"0\" ><div\n\t\t\t\n\t\t\tclass=\"so-widget-sow-editor so-widget-sow-editor-base\"\n\t\t\t\n\t\t>\n<div class=\"siteorigin-widget-tinymce textwidget\">\n\t<h1 data-path-to-node=\"3\">Raymond G. Par\u00e9<\/h1>\n<h2 data-path-to-node=\"4\">FORMATEUR, CONF\u00c9RENCIER ET CONSULTANT EN N\u00c9GOCIATION ET GESTION<\/h2>\n<p data-path-to-node=\"5\">Reconnu pour son approche concr\u00e8te et humaine, il excelle \u00e0 transformer des concepts complexes en outils de gestion simples et efficaces, accompagnant dirigeants et \u00e9quipes \u00e0 renforcer leur leadership, leur courage manag\u00e9rial, leur performance permettant une rentabilit\u00e9 maximale.<\/p>\n<\/div>\n<\/div><\/div><div id=\"panel-10411-0-0-1\" class=\"so-panel widget widget_sow-editor\" data-index=\"1\" ><div class=\"so-rounded panel-widget-style panel-widget-style-for-10411-0-0-1\" ><div\n\t\t\t\n\t\t\tclass=\"so-widget-sow-editor so-widget-sow-editor-base\"\n\t\t\t\n\t\t>\n<div class=\"siteorigin-widget-tinymce textwidget\">\n\t<p>R \u00c9 A L I S A T I O N S\u00a0 E T\u00a0 E X P \u00c9 R I E N C E S\u00a0 M A R Q U A N T E S<\/p>\n<ul>\n<li data-path-to-node=\"8\">Communaut\u00e9 professionnelle : plus de 30 000 abonn\u00e9s sur LinkedIn et 41 000 sur La Grande \u00c9cole des Affaires.<\/li>\n<li data-path-to-node=\"8\">Leadership institutionnel : membre fondateur de la Fondation Paul-Henri L\u00e9vesque (Universit\u00e9 Laval, Facult\u00e9 de psychologie).<\/li>\n<li data-path-to-node=\"8\">Entrepreneuriat : fondateur de CORPIQ et Florida First.<\/li>\n<li data-path-to-node=\"8\">Expertise reconnue : participation \u00e0 des instances nationales et internationales (International Real Estate Institute, Institut International de N\u00e9gociation, National Association of Home Builders US, comit\u00e9 consultatif sur le statut des a\u00een\u00e9s \u2013 Gouvernement du Canada).<\/li>\n<li data-path-to-node=\"8\">Impact concret : implantation de l\u2019\u00ab Attitude Patient \u00bb \u00e0 l\u2019H\u00f4pital de Hawkesbury, class\u00e9 2\u1d49 meilleur h\u00f4pital au Canada par Maclean\u2019s (2019).<\/li>\n<li data-path-to-node=\"8\">Clients majeurs : Olymel, LKQ, Bombardier, WSP Global, Pomerleau, Desjardins, Agence spatiale canadienne, D\u00e9fense Canada, CISSS, villes et MRC du Qu\u00e9bec.<\/li>\n<li data-path-to-node=\"8\">Formation et accompagnement : plus de 32 000 personnes form\u00e9es en n\u00e9gociation strat\u00e9gique, leadership, courage manag\u00e9rial, gestion collaborative, gestion du temps et des priorit\u00e9s.<\/li>\n<\/ul>\n<\/div>\n<\/div><\/div><\/div><div id=\"panel-10411-0-0-2\" class=\"so-panel widget widget_sow-editor panel-last-child\" data-index=\"2\" ><div\n\t\t\t\n\t\t\tclass=\"so-widget-sow-editor so-widget-sow-editor-base\"\n\t\t\t\n\t\t>\n<div class=\"siteorigin-widget-tinymce textwidget\">\n\t<p data-path-to-node=\"4\"><span data-path-to-node=\"4,0\"><b data-path-to-node=\"4,0\" data-index-in-node=\"0\"><span class=\"citation-139\">DOMAINES D'EXPERTISE<\/span><\/b><\/span><\/p>\n<ul data-path-to-node=\"5\">\n<li>\n<p data-path-to-node=\"5,0,0\"><span data-path-to-node=\"5,0,0,1\"><span class=\"citation-138\">N\u00e9gociation strat\u00e9gique et d'influence<\/span><\/span><\/p>\n<\/li>\n<li>\n<p data-path-to-node=\"5,1,0\"><span data-path-to-node=\"5,1,0,1\"><span class=\"citation-137\">Courage manag\u00e9rial et leadership de gestion<\/span><\/span><\/p>\n<\/li>\n<li>\n<p data-path-to-node=\"5,2,0\"><span data-path-to-node=\"5,2,0,1\"><span class=\"citation-136\">Gestion du changement et mobilisation des \u00e9quipes<\/span><\/span><\/p>\n<\/li>\n<li>\n<p data-path-to-node=\"5,3,0\"><span data-path-to-node=\"5,3,0,1\"><span class=\"citation-135\">De la gestion en silo \u00e0 la collaboration transversale<\/span><\/span><\/p>\n<\/li>\n<li>\n<p data-path-to-node=\"5,4,0\"><span data-path-to-node=\"5,4,0,1\"><span class=\"citation-134\">Attitude client, patient et coll\u00e8gue<\/span><\/span><\/p>\n<\/li>\n<li>\n<p data-path-to-node=\"5,5,0\"><span data-path-to-node=\"5,5,0,1\"><span class=\"citation-133\">Gestion de projets, du temps, du stress et des priorit\u00e9s <\/span><\/span><\/p>\n<\/li>\n<\/ul>\n<\/div>\n<\/div><\/div><\/div><div id=\"pgc-10411-0-1\"  class=\"panel-grid-cell\" ><div id=\"panel-10411-0-1-0\" class=\"so-panel widget widget_sow-editor panel-first-child\" data-index=\"3\" ><div\n\t\t\t\n\t\t\tclass=\"so-widget-sow-editor so-widget-sow-editor-base\"\n\t\t\t\n\t\t>\n<div class=\"siteorigin-widget-tinymce textwidget\">\n\t<p><img loading=\"lazy\" decoding=\"async\" class=\"alignleft size-full wp-image-10494\" src=\"https:\/\/lagrandeecoledesaffaires.com\/wp-content\/uploads\/2026\/01\/RaymondGuy2.png\" alt=\"\" width=\"928\" height=\"1120\" srcset=\"https:\/\/lagrandeecoledesaffaires.com\/wp-content\/uploads\/2026\/01\/RaymondGuy2.png 928w, https:\/\/lagrandeecoledesaffaires.com\/wp-content\/uploads\/2026\/01\/RaymondGuy2-249x300.png 249w, https:\/\/lagrandeecoledesaffaires.com\/wp-content\/uploads\/2026\/01\/RaymondGuy2-848x1024.png 848w, https:\/\/lagrandeecoledesaffaires.com\/wp-content\/uploads\/2026\/01\/RaymondGuy2-768x927.png 768w\" sizes=\"auto, (max-width: 928px) 100vw, 928px\" \/><\/p>\n<\/div>\n<\/div><\/div><div id=\"panel-10411-0-1-1\" class=\"so-panel widget widget_sow-editor\" data-index=\"4\" ><div\n\t\t\t\n\t\t\tclass=\"so-widget-sow-editor so-widget-sow-editor-base\"\n\t\t\t\n\t\t>\n<div class=\"siteorigin-widget-tinymce textwidget\">\n\t<p><a class=\"button\" href=\"https:\/\/lagrandeecoledesaffaires.com\/wp-content\/uploads\/2025\/12\/Profil-Raymond-Guy-Pare-2025.pdf\">T\u00e9l\u00e9charger mon CV<\/a><\/p>\n<\/div>\n<\/div><\/div><div id=\"panel-10411-0-1-2\" class=\"so-panel widget widget_sow-editor\" data-index=\"5\" ><div\n\t\t\t\n\t\t\tclass=\"so-widget-sow-editor so-widget-sow-editor-base\"\n\t\t\t\n\t\t>\n<div class=\"siteorigin-widget-tinymce textwidget\">\n\t<h2><\/h2>\n<h2 data-path-to-node=\"18\">Communiquer avec Raymond G. Par\u00e9<\/h2>\n<p data-path-to-node=\"19\">Pour \u00e9valuer comment Raymond G. Par\u00e9 peut mobiliser et transformer votre organisation, <strong>contactez-nous d\u00e8s aujourd'hui.<\/strong><\/p>\n<\/div>\n<\/div><\/div><div id=\"panel-10411-0-1-3\" class=\"so-panel widget widget_sow-contact-form panel-last-child\" data-index=\"6\" ><div\n\t\t\t\n\t\t\tclass=\"so-widget-sow-contact-form so-widget-sow-contact-form-default-27da056a8e04-10411\"\n\t\t\t\n\t\t>\t<form\n\t\taction=\"\/index.php\/wp-json\/wp\/v2\/pages\/10411\"\n\t\tmethod=\"POST\"\n\t\tclass=\"sow-contact-form\"\n\t\tid=\"contact-form-c1e2\"\n\t>\n\n\t\t\n\t\t            <p><em>Les champs marqu\u00e9s d\u2019un * sont obligatoires<\/em><\/p>\n\t\t\t\t\t\t<div class=\"sow-form-field sow-form-field-name\">\n\t\t\t\t\t\t\t\t<div class=\"sow-field-container\">\n\t\t\t\t\t\t\t<input\n\t\t\ttype=\"text\"\n\t\t\tname=\"votre-nom-1\"\n\t\t\tid=\"sow-contact-form-field-votre-nom-1\"\n\t\t\tvalue=\"\"\n\t\t\tclass=\"sow-text-field\"\n\t\t\tplaceholder=\"Votre nom*\"\t\t\t\t\t\/>\n\t\t\t\t\t\t<\/div>\n\t\t\t\t\t\t\t<\/div>\n\t\t\t\t\t\t<div class=\"sow-form-field sow-form-field-email\">\n\t\t\t\t\t\t\t\t<div class=\"sow-field-container\">\n\t\t\t\t\t\t\t<input\n\t\t\ttype=\"email\"\n\t\t\tname=\"votre-adresse-de-messagerie-1\"\n\t\t\tid=\"sow-contact-form-field-votre-adresse-de-messagerie-1\"\n\t\t\tvalue=\"\"\n\t\t\tclass=\"sow-text-field\"placeholder=\"Votre adresse de messagerie*\"\t\t\t\t\t\t\t\t\/>\n\t\t\t\t\t\t<\/div>\n\t\t\t\t\t\t\t<\/div>\n\t\t\t\t\t\t<div class=\"sow-form-field sow-form-field-textarea\">\n\t\t\t\t\t\t\t\t<div class=\"sow-field-container\">\n\t\t\t\t\t\t\t<textarea\n\t\t\tname=\"message-1\"\n\t\t\tid=\"sow-contact-form-field-message-1\"\n\t\t\trows=\"10\"\n\t\t\tplaceholder=\"Message*\"\t\t\t\t\t><\/textarea>\n\t\t\t\t\t\t<\/div>\n\t\t\t\t\t\t\t<\/div>\n\t\t\t\n\t\t\n\t\t<div class=\"sow-submit-wrapper \n\t\tsow-submit-styled\t\t\">\n\n\t\t\t<button\n\t\t\t\ttype=\"submit\"\n\t\t\t\tclass=\"sow-submit\n\t\t\t\t\t\t\t\t\"\n\t\t\t\t\t\t\t>\n\t\t\t\tContactez-nous\t\t\t<\/button>\n\t\t<\/div>\n\t\t\t\t<input\n\t\t\ttype=\"hidden\"\n\t\t\tname=\"instance_hash-1\"\n\t\t\tvalue=\"c1e2e0c4\"\n\t\t\/>\n\n\t\t<input type=\"hidden\" id=\"_wpnonce\" name=\"_wpnonce\" value=\"2ffb9885ef\" \/><input type=\"hidden\" name=\"_wp_http_referer\" value=\"\/index.php\/wp-json\/wp\/v2\/pages\/10411\" \/>\t<\/form>\n\t<\/div><\/div><\/div><\/div><\/div>","protected":false},"excerpt":{"rendered":"<p>Raymond G. Par\u00e9 FORMATEUR, CONF\u00c9RENCIER ET CONSULTANT EN N\u00c9GOCIATION ET GESTION Reconnu pour son approche concr\u00e8te et humaine, il excelle \u00e0 transformer des concepts complexes en outils de gestion simples et efficaces, accompagnant dirigeants et \u00e9quipes \u00e0 renforcer leur leadership, leur courage manag\u00e9rial, leur performance permettant une rentabilit\u00e9 maximale. R \u00c9 A L I S&hellip;&nbsp;<\/p>\n","protected":false},"author":1,"featured_media":0,"parent":0,"menu_order":0,"comment_status":"closed","ping_status":"closed","template":"","meta":{"neve_meta_sidebar":"","neve_meta_container":"","neve_meta_enable_content_width":"off","neve_meta_content_width":100,"neve_meta_title_alignment":"","neve_meta_author_avatar":"","neve_post_elements_order":"","neve_meta_disable_header":"","neve_meta_disable_footer":"","neve_meta_disable_title":"","footnotes":""},"class_list":["post-10411","page","type-page","status-publish","hentry"],"_links":{"self":[{"href":"https:\/\/lagrandeecoledesaffaires.com\/index.php\/wp-json\/wp\/v2\/pages\/10411","targetHints":{"allow":["GET"]}}],"collection":[{"href":"https:\/\/lagrandeecoledesaffaires.com\/index.php\/wp-json\/wp\/v2\/pages"}],"about":[{"href":"https:\/\/lagrandeecoledesaffaires.com\/index.php\/wp-json\/wp\/v2\/types\/page"}],"author":[{"embeddable":true,"href":"https:\/\/lagrandeecoledesaffaires.com\/index.php\/wp-json\/wp\/v2\/users\/1"}],"replies":[{"embeddable":true,"href":"https:\/\/lagrandeecoledesaffaires.com\/index.php\/wp-json\/wp\/v2\/comments?post=10411"}],"version-history":[{"count":4,"href":"https:\/\/lagrandeecoledesaffaires.com\/index.php\/wp-json\/wp\/v2\/pages\/10411\/revisions"}],"predecessor-version":[{"id":10496,"href":"https:\/\/lagrandeecoledesaffaires.com\/index.php\/wp-json\/wp\/v2\/pages\/10411\/revisions\/10496"}],"wp:attachment":[{"href":"https:\/\/lagrandeecoledesaffaires.com\/index.php\/wp-json\/wp\/v2\/media?parent=10411"}],"curies":[{"name":"wp","href":"https:\/\/api.w.org\/{rel}","templated":true}]}}