{"id":10330,"date":"2025-12-11T16:27:29","date_gmt":"2025-12-11T21:27:29","guid":{"rendered":"https:\/\/lagrandeecoledesaffaires.com\/?page_id=10330"},"modified":"2025-12-16T10:53:01","modified_gmt":"2025-12-16T15:53:01","slug":"attitude-4","status":"publish","type":"page","link":"https:\/\/lagrandeecoledesaffaires.com\/index.php\/attitude-4\/","title":{"rendered":"Attitude"},"content":{"rendered":"<div id=\"pl-10330\"  class=\"panel-layout\" ><div id=\"pg-10330-0\"  class=\"panel-grid panel-no-style\" ><div id=\"pgc-10330-0-0\"  class=\"panel-grid-cell\" ><div id=\"panel-10330-0-0-0\" class=\"so-panel widget widget_sow-features panel-first-child panel-last-child\" data-index=\"0\" ><div\n\t\t\t\n\t\t\tclass=\"so-widget-sow-features so-widget-sow-features-default-e4ff8eb04809-10330\"\n\t\t\t\n\t\t><ul\n\tclass=\"sow-features-list\n\tsow-features-responsive\">\n\n\t\t\t<li\n\t\t\tclass=\"sow-features-feature sow-icon-container-position-top\"\n\t\t\tstyle=\"display: flex; flex-direction: column; width: calc(25% - 25px);\"\n\t\t>\n\t\t\t\n\t\t\t\t\t\t<a\t\t\t\tclass=\"sow-icon-container sow-container-round\"\n\t\t\t\tstyle=\"color: #e2edf9; \"\n\t\t\t\t\n\t\t\t\t\t\t\t\t\thref=\"https:\/\/lagrandeecoledesaffaires.com\/index.php\/formation-j-ai-l-attitude-client-collegue\/\"\n\t\t\t\t\t\t\t\t>\n\t\t\t\t\t\t\t\t\t\t<div class=\"sow-icon-image\" style=\"background-image: url(https:\/\/lagrandeecoledesaffaires.com\/wp-content\/uploads\/2025\/12\/attitude-client.png); font-size: 400px\"><\/div>\n\t\t\t\t\t\t\t\t\t<\/a>\n\n\t\t\t<div class=\"textwidget\">\n\t\t\t\t\n\t\t\t\t\t\t\t\t\t<h5 class=\"sow-features-feature-title\">\n\t\t\t\t\t\t\t\t\t\t\t\t\t<a\n\t\t\t\t\t\t\t\thref=\"https:\/\/lagrandeecoledesaffaires.com\/index.php\/formation-j-ai-l-attitude-client-collegue\/\"\n\t\t\t\t\t\t\t\t\t\t\t\t\t\t\t>\n\t\t\t\t\t\t\tJ\u2019ai l\u2019Attitude Client\t\t\t\t\t\t\t<\/a>\n\t\t\t\t\t\t\t\t\t\t\t\t<\/h5>\n\t\t\t\t\n\t\t\t\t\t\t\t\t\t<div class=\"sow-features-feature-text\">\n\t\t\t\t\t<p>Pour am\u00e9liorer l\u2019<strong>exp\u00e9rience client<\/strong> au sein d\u2019une entreprise il faut accorder de l\u2019importance \u00e0 l\u2019<strong>exp\u00e9rience employ\u00e9s<\/strong>, puisque les deux sont intimement li\u00e9s.<\/p>\n\t\t\t\t\t<\/div>\n\t\t\t\t\t\t\t\t<\/div>\n\t\t\t\t\t\t\t\t<\/li>\n\n\t\t\t<li\n\t\t\tclass=\"sow-features-feature sow-icon-container-position-top\"\n\t\t\tstyle=\"display: flex; flex-direction: column; width: calc(25% - 25px);\"\n\t\t>\n\t\t\t\n\t\t\t\t\t\t<a\t\t\t\tclass=\"sow-icon-container sow-container-round\"\n\t\t\t\tstyle=\"color: #e2edf9; \"\n\t\t\t\t\n\t\t\t\t\t\t\t\t\thref=\"https:\/\/lagrandeecoledesaffaires.com\/index.php\/formation-j-ai-l-attitude-patient-collegue\/\"\n\t\t\t\t\t\t\t\t>\n\t\t\t\t\t\t\t\t\t\t<div class=\"sow-icon-image\" style=\"background-image: url(https:\/\/lagrandeecoledesaffaires.com\/wp-content\/uploads\/2025\/12\/attitude-patient.png); font-size: 400px\"><\/div>\n\t\t\t\t\t\t\t\t\t<\/a>\n\n\t\t\t<div class=\"textwidget\">\n\t\t\t\t\n\t\t\t\t\t\t\t\t\t<h5 class=\"sow-features-feature-title\">\n\t\t\t\t\t\t\t\t\t\t\t\t\t<a\n\t\t\t\t\t\t\t\thref=\"https:\/\/lagrandeecoledesaffaires.com\/index.php\/formation-j-ai-l-attitude-patient-collegue\/\"\n\t\t\t\t\t\t\t\t\t\t\t\t\t\t\t>\n\t\t\t\t\t\t\tJ'ai l'Attitude patient\t\t\t\t\t\t\t<\/a>\n\t\t\t\t\t\t\t\t\t\t\t\t<\/h5>\n\t\t\t\t\n\t\t\t\t\t\t\t\t\t<div class=\"sow-features-feature-text\">\n\t\t\t\t\t<p>Donnez \u00e0 votre \u00e9quipe les\u00a0outils et attitudes gagnantes\u00a0pour inspirer c<strong>onfiance, empathie et collaboration<\/strong> avec les patients et entre coll\u00e8gues.<\/p>\n\t\t\t\t\t<\/div>\n\t\t\t\t\t\t\t\t<\/div>\n\t\t\t\t\t\t\t\t<\/li>\n\n\t\t\t<li\n\t\t\tclass=\"sow-features-feature sow-icon-container-position-top\"\n\t\t\tstyle=\"display: flex; flex-direction: column; width: calc(25% - 25px);\"\n\t\t>\n\t\t\t\n\t\t\t\t\t\t<a\t\t\t\tclass=\"sow-icon-container sow-container-round\"\n\t\t\t\tstyle=\"color: #e2edf9; \"\n\t\t\t\t\n\t\t\t\t\t\t\t\t\thref=\"https:\/\/lagrandeecoledesaffaires.com\/index.php\/formation-j-ai-l-attitude-citoyen\/\"\n\t\t\t\t\t\t\t\t>\n\t\t\t\t\t\t\t\t\t\t<div class=\"sow-icon-image\" style=\"background-image: url(https:\/\/lagrandeecoledesaffaires.com\/wp-content\/uploads\/2025\/12\/attitude-citoyen.png); font-size: 400px\"><\/div>\n\t\t\t\t\t\t\t\t\t<\/a>\n\n\t\t\t<div class=\"textwidget\">\n\t\t\t\t\n\t\t\t\t\t\t\t\t\t<h5 class=\"sow-features-feature-title\">\n\t\t\t\t\t\t\t\t\t\t\t\t\t<a\n\t\t\t\t\t\t\t\thref=\"https:\/\/lagrandeecoledesaffaires.com\/index.php\/formation-j-ai-l-attitude-citoyen\/\"\n\t\t\t\t\t\t\t\t\t\t\t\t\t\t\t>\n\t\t\t\t\t\t\tJ'ai l'attitude Citoyens\t\t\t\t\t\t\t<\/a>\n\t\t\t\t\t\t\t\t\t\t\t\t<\/h5>\n\t\t\t\t\n\t\t\t\t\t\t\t\t\t<div class=\"sow-features-feature-text\">\n\t\t\t\t\t<p>La valeur et la qualit\u00e9 de vie d\u2019une municipalit\u00e9 passe par la notion de<strong> respect, responsabilit\u00e9, engagement<\/strong> de ses citoyens, de ses employ\u00e9s municipaux et de ses b\u00e9n\u00e9voles.<\/p>\n\t\t\t\t\t<\/div>\n\t\t\t\t\t\t\t\t<\/div>\n\t\t\t\t\t\t\t\t<\/li>\n\n\t<\/ul>\n<\/div><\/div><\/div><\/div><\/div>","protected":false},"excerpt":{"rendered":"<p>J\u2019ai l\u2019Attitude Client Pour am\u00e9liorer l\u2019exp\u00e9rience client au sein d\u2019une entreprise il faut accorder de l\u2019importance \u00e0 l\u2019exp\u00e9rience employ\u00e9s, puisque les deux sont intimement li\u00e9s. J&rsquo;ai l&rsquo;Attitude patient Donnez \u00e0 votre \u00e9quipe les\u00a0outils et attitudes gagnantes\u00a0pour inspirer confiance, empathie et collaboration avec les patients et entre coll\u00e8gues. J&rsquo;ai l&rsquo;attitude Citoyens La valeur et la qualit\u00e9&hellip;&nbsp;<\/p>\n","protected":false},"author":1,"featured_media":0,"parent":0,"menu_order":0,"comment_status":"closed","ping_status":"closed","template":"","meta":{"neve_meta_sidebar":"","neve_meta_container":"","neve_meta_enable_content_width":"off","neve_meta_content_width":100,"neve_meta_title_alignment":"","neve_meta_author_avatar":"","neve_post_elements_order":"","neve_meta_disable_header":"","neve_meta_disable_footer":"","neve_meta_disable_title":"","footnotes":""},"class_list":["post-10330","page","type-page","status-publish","hentry"],"_links":{"self":[{"href":"https:\/\/lagrandeecoledesaffaires.com\/index.php\/wp-json\/wp\/v2\/pages\/10330","targetHints":{"allow":["GET"]}}],"collection":[{"href":"https:\/\/lagrandeecoledesaffaires.com\/index.php\/wp-json\/wp\/v2\/pages"}],"about":[{"href":"https:\/\/lagrandeecoledesaffaires.com\/index.php\/wp-json\/wp\/v2\/types\/page"}],"author":[{"embeddable":true,"href":"https:\/\/lagrandeecoledesaffaires.com\/index.php\/wp-json\/wp\/v2\/users\/1"}],"replies":[{"embeddable":true,"href":"https:\/\/lagrandeecoledesaffaires.com\/index.php\/wp-json\/wp\/v2\/comments?post=10330"}],"version-history":[{"count":2,"href":"https:\/\/lagrandeecoledesaffaires.com\/index.php\/wp-json\/wp\/v2\/pages\/10330\/revisions"}],"predecessor-version":[{"id":10344,"href":"https:\/\/lagrandeecoledesaffaires.com\/index.php\/wp-json\/wp\/v2\/pages\/10330\/revisions\/10344"}],"wp:attachment":[{"href":"https:\/\/lagrandeecoledesaffaires.com\/index.php\/wp-json\/wp\/v2\/media?parent=10330"}],"curies":[{"name":"wp","href":"https:\/\/api.w.org\/{rel}","templated":true}]}}