{"id":10037,"date":"2025-11-17T13:54:01","date_gmt":"2025-11-17T18:54:01","guid":{"rendered":"https:\/\/lagrandeecoledesaffaires.com\/?page_id=10037"},"modified":"2025-12-17T13:21:18","modified_gmt":"2025-12-17T18:21:18","slug":"formation-en-gestion","status":"publish","type":"page","link":"https:\/\/lagrandeecoledesaffaires.com\/index.php\/formation-en-gestion\/","title":{"rendered":"Formation en Gestion"},"content":{"rendered":"<div id=\"pl-10037\"  class=\"panel-layout\" ><div id=\"pg-10037-0\"  class=\"panel-grid panel-no-style\" ><div id=\"pgc-10037-0-0\"  class=\"panel-grid-cell\" ><div id=\"panel-10037-0-0-0\" class=\"so-panel widget widget_sow-features panel-first-child panel-last-child\" data-index=\"0\" ><div\n\t\t\t\n\t\t\tclass=\"so-widget-sow-features so-widget-sow-features-default-e4ff8eb04809-10037\"\n\t\t\t\n\t\t><ul\n\tclass=\"sow-features-list\n\tsow-features-responsive\">\n\n\t\t\t<li\n\t\t\tclass=\"sow-features-feature sow-icon-container-position-top\"\n\t\t\tstyle=\"display: flex; flex-direction: column; width: calc(25% - 25px);\"\n\t\t>\n\t\t\t\n\t\t\t\t\t\t<a\t\t\t\tclass=\"sow-icon-container sow-container-round\"\n\t\t\t\tstyle=\"color: #e2edf9; \"\n\t\t\t\t\n\t\t\t\t\t\t\t\t\thref=\"https:\/\/lagrandeecoledesaffaires.com\/index.php\/de-gestion-en-silos-a-gestion-cooperative-esprit-dequipe\/\"\n\t\t\t\t\t\t\t\t>\n\t\t\t\t\t\t\t\t\t\t<div class=\"sow-icon-image\" style=\"background-image: url(https:\/\/lagrandeecoledesaffaires.com\/wp-content\/uploads\/2025\/11\/gestion-silo-coop.png); font-size: 400px\"><\/div>\n\t\t\t\t\t\t\t\t\t<\/a>\n\n\t\t\t<div class=\"textwidget\">\n\t\t\t\t\n\t\t\t\t\t\t\t\t\t<h5 class=\"sow-features-feature-title\">\n\t\t\t\t\t\t\t\t\t\t\t\t\t<a\n\t\t\t\t\t\t\t\thref=\"https:\/\/lagrandeecoledesaffaires.com\/index.php\/de-gestion-en-silos-a-gestion-cooperative-esprit-dequipe\/\"\n\t\t\t\t\t\t\t\t\t\t\t\t\t\t\t>\n\t\t\t\t\t\t\tDe la gestion en silo \u00e0 la Gestion coop\u00e9rative\t\t\t\t\t\t\t<\/a>\n\t\t\t\t\t\t\t\t\t\t\t\t<\/h5>\n\t\t\t\t\n\t\t\t\t\t\t\t\t\t<div class=\"sow-features-feature-text\">\n\t\t\t\t\t<p>L'\u00e8re du\u00a0<b>fonctionnement en silo<\/b>\u2014o\u00f9 chaque d\u00e9partement op\u00e8re de mani\u00e8re isol\u00e9e, sans r\u00e9elle coordination\u2014est r\u00e9volue. Cette approche d\u00e9su\u00e8te est un frein majeur \u00e0 la performance, engendrant des co\u00fbts d'op\u00e9ration inutiles, ralentissant l'innovation et compromettant l'exp\u00e9rience client globale.<\/p>\n\t\t\t\t\t<\/div>\n\t\t\t\t\t\t\t\t<\/div>\n\t\t\t\t\t\t\t\t<\/li>\n\n\t\t\t<li\n\t\t\tclass=\"sow-features-feature sow-icon-container-position-top\"\n\t\t\tstyle=\"display: flex; flex-direction: column; width: calc(25% - 25px);\"\n\t\t>\n\t\t\t\n\t\t\t\t\t\t<a\t\t\t\tclass=\"sow-icon-container sow-container-round\"\n\t\t\t\tstyle=\"color: #e2edf9; \"\n\t\t\t\t\n\t\t\t\t\t\t\t\t\thref=\"https:\/\/lagrandeecoledesaffaires.com\/index.php\/formation-gestion-du-changement\/\"\n\t\t\t\t\t\t\t\t>\n\t\t\t\t\t\t\t\t\t\t<div class=\"sow-icon-image\" style=\"background-image: url(https:\/\/lagrandeecoledesaffaires.com\/wp-content\/uploads\/2025\/11\/osez-le-changement.png); font-size: 400px\"><\/div>\n\t\t\t\t\t\t\t\t\t<\/a>\n\n\t\t\t<div class=\"textwidget\">\n\t\t\t\t\n\t\t\t\t\t\t\t\t\t<h5 class=\"sow-features-feature-title\">\n\t\t\t\t\t\t\t\t\t\t\t\t\t<a\n\t\t\t\t\t\t\t\thref=\"https:\/\/lagrandeecoledesaffaires.com\/index.php\/formation-gestion-du-changement\/\"\n\t\t\t\t\t\t\t\t\t\t\t\t\t\t\t>\n\t\t\t\t\t\t\tOsez le changement !\t\t\t\t\t\t\t<\/a>\n\t\t\t\t\t\t\t\t\t\t\t\t<\/h5>\n\t\t\t\t\n\t\t\t\t\t\t\t\t\t<div class=\"sow-features-feature-text\">\n\t\t\t\t\t<p>La formation\u00a0<b>\"Osez le changement !\"<\/b>\u00a0est con\u00e7ue pour outiller les leaders et les \u00e9quipes face \u00e0 l'imp\u00e9ratif constant d'adaptation de l'entreprise moderne. Dans un contexte o\u00f9 la r\u00e9orientation des activit\u00e9s, l'optimisation, la digitalisation et le d\u00e9veloppement de nouvelles comp\u00e9tences sont monnaie courante, la gestion du changement n'est plus une option, mais une comp\u00e9tence fondamentale.<\/p>\n\t\t\t\t\t<\/div>\n\t\t\t\t\t\t\t\t<\/div>\n\t\t\t\t\t\t\t\t<\/li>\n\n\t\t\t<li\n\t\t\tclass=\"sow-features-feature sow-icon-container-position-top\"\n\t\t\tstyle=\"display: flex; flex-direction: column; width: calc(25% - 25px);\"\n\t\t>\n\t\t\t\n\t\t\t\t\t\t<a\t\t\t\tclass=\"sow-icon-container sow-container-round\"\n\t\t\t\tstyle=\"color: #e2edf9; \"\n\t\t\t\t\n\t\t\t\t\t\t\t\t\thref=\"https:\/\/lagrandeecoledesaffaires.com\/index.php\/formation-adjointe-de-direction\/\"\n\t\t\t\t\t\t\t\t>\n\t\t\t\t\t\t\t\t\t\t<div class=\"sow-icon-image\" style=\"background-image: url(https:\/\/lagrandeecoledesaffaires.com\/wp-content\/uploads\/2025\/11\/adjointe-admin-rection.png); font-size: 400px\"><\/div>\n\t\t\t\t\t\t\t\t\t<\/a>\n\n\t\t\t<div class=\"textwidget\">\n\t\t\t\t\n\t\t\t\t\t\t\t\t\t<h5 class=\"sow-features-feature-title\">\n\t\t\t\t\t\t\t\t\t\t\t\t\t<a\n\t\t\t\t\t\t\t\thref=\"https:\/\/lagrandeecoledesaffaires.com\/index.php\/formation-adjointe-de-direction\/\"\n\t\t\t\t\t\t\t\t\t\t\t\t\t\t\t>\n\t\t\t\t\t\t\tAdjoint\/Adjointe Administrative et direction\t\t\t\t\t\t\t<\/a>\n\t\t\t\t\t\t\t\t\t\t\t\t<\/h5>\n\t\t\t\t\n\t\t\t\t\t\t\t\t\t<div class=\"sow-features-feature-text\">\n\t\t\t\t\t<p>Cette formation intensive est sp\u00e9cifiquement con\u00e7ue pour transformer les adjoint(e)s administratif(ves) et de direction en collaborateur(rice)s d\u00e9cisionnel(le)s indispensables.<\/p>\n\t\t\t\t\t<\/div>\n\t\t\t\t\t\t\t\t<\/div>\n\t\t\t\t\t\t\t\t<\/li>\n\n\t\t\t<li\n\t\t\tclass=\"sow-features-feature sow-icon-container-position-top\"\n\t\t\tstyle=\"display: flex; flex-direction: column; width: calc(25% - 25px);\"\n\t\t>\n\t\t\t\n\t\t\t\t\t\t<a\t\t\t\tclass=\"sow-icon-container sow-container-round\"\n\t\t\t\tstyle=\"color: #e2edf9; \"\n\t\t\t\t\n\t\t\t\t\t\t\t\t\thref=\"https:\/\/lagrandeecoledesaffaires.com\/index.php\/formation-art-de-promouvoir-marketing-strategique\/\"\n\t\t\t\t\t\t\t\t>\n\t\t\t\t\t\t\t\t\t\t<div class=\"sow-icon-image\" style=\"background-image: url(https:\/\/lagrandeecoledesaffaires.com\/wp-content\/uploads\/2025\/11\/Formation-Le-Marketing-relationnel.png); font-size: 400px\"><\/div>\n\t\t\t\t\t\t\t\t\t<\/a>\n\n\t\t\t<div class=\"textwidget\">\n\t\t\t\t\n\t\t\t\t\t\t\t\t\t<h5 class=\"sow-features-feature-title\">\n\t\t\t\t\t\t\t\t\t\t\t\t\t<a\n\t\t\t\t\t\t\t\thref=\"https:\/\/lagrandeecoledesaffaires.com\/index.php\/formation-art-de-promouvoir-marketing-strategique\/\"\n\t\t\t\t\t\t\t\t\t\t\t\t\t\t\t>\n\t\t\t\t\t\t\tLe Marketing relationnel\t\t\t\t\t\t\t<\/a>\n\t\t\t\t\t\t\t\t\t\t\t\t<\/h5>\n\t\t\t\t\n\t\t\t\t\t\t\t\t\t<div class=\"sow-features-feature-text\">\n\t\t\t\t\t<p>Le march\u00e9 d'aujourd'hui est caract\u00e9ris\u00e9 par une\u00a0<b>concurrence intensifi\u00e9e<\/b>\u00a0et l'omnipr\u00e9sence de l'<b>Intelligence Artificielle<\/b>. Dans ce contexte, l'\u00e8re de la segmentation traditionnelle ne suffit plus. Un virage s'impose : celui du\u00a0<b>Marketing Relationnel<\/b>, qui recentre l'action commerciale sur la relation humaine, l'attitude client et la cr\u00e9ation d'une\u00a0<b>valeur d'\u00e9change<\/b>\u00a0durable.<\/p>\n\t\t\t\t\t<\/div>\n\t\t\t\t\t\t\t\t<\/div>\n\t\t\t\t\t\t\t\t<\/li>\n\n\t\t\t<li\n\t\t\tclass=\"sow-features-feature sow-icon-container-position-top\"\n\t\t\tstyle=\"display: flex; flex-direction: column; width: calc(25% - 25px);\"\n\t\t>\n\t\t\t\n\t\t\t\t\t\t<a\t\t\t\tclass=\"sow-icon-container sow-container-round\"\n\t\t\t\tstyle=\"color: #e2edf9; \"\n\t\t\t\t\n\t\t\t\t\t\t\t\t\thref=\"https:\/\/lagrandeecoledesaffaires.com\/index.php\/formation-en-gestion-du-temps-et-des-priorites\/\"\n\t\t\t\t\t\t\t\t>\n\t\t\t\t\t\t\t\t\t\t<div class=\"sow-icon-image\" style=\"background-image: url(https:\/\/lagrandeecoledesaffaires.com\/wp-content\/uploads\/2025\/11\/Comment-maximiser-son-temps-priorite-et-diminuer-le-stress.png); font-size: 400px\"><\/div>\n\t\t\t\t\t\t\t\t\t<\/a>\n\n\t\t\t<div class=\"textwidget\">\n\t\t\t\t\n\t\t\t\t\t\t\t\t\t<h5 class=\"sow-features-feature-title\">\n\t\t\t\t\t\t\t\t\t\t\t\t\t<a\n\t\t\t\t\t\t\t\thref=\"https:\/\/lagrandeecoledesaffaires.com\/index.php\/formation-en-gestion-du-temps-et-des-priorites\/\"\n\t\t\t\t\t\t\t\t\t\t\t\t\t\t\t>\n\t\t\t\t\t\t\tComment maximiser son temps, priorit\u00e9 et diminuer le stress\t\t\t\t\t\t\t<\/a>\n\t\t\t\t\t\t\t\t\t\t\t\t<\/h5>\n\t\t\t\t\n\t\t\t\t\t\t\t\t\t<div class=\"sow-features-feature-text\">\n\t\t\t\t\t<p>Cette formation\u00a0est une d\u00e9marche essentielle pour quiconque cherche \u00e0 transformer son efficacit\u00e9 personnelle et professionnelle. Elle repose sur la conviction que la gestion du temps n'est pas une simple s\u00e9rie d'astuces, mais une\u00a0<b>comp\u00e9tence strat\u00e9gique<\/b>\u00a0qui permet de mieux s'organiser, de gagner en productivit\u00e9 et, surtout, de r\u00e9duire significativement le stress li\u00e9 aux impr\u00e9vus et aux retards.<\/p>\n\t\t\t\t\t<\/div>\n\t\t\t\t\t\t\t\t<\/div>\n\t\t\t\t\t\t\t\t<\/li>\n\n\t\t\t<li\n\t\t\tclass=\"sow-features-feature sow-icon-container-position-top\"\n\t\t\tstyle=\"display: flex; flex-direction: column; width: calc(25% - 25px);\"\n\t\t>\n\t\t\t\n\t\t\t\t\t\t<a\t\t\t\tclass=\"sow-icon-container sow-container-round\"\n\t\t\t\tstyle=\"color: #e2edf9; \"\n\t\t\t\t\n\t\t\t\t\t\t\t\t\thref=\"https:\/\/lagrandeecoledesaffaires.com\/index.php\/formation-courage-managerial\/\"\n\t\t\t\t\t\t\t\t>\n\t\t\t\t\t\t\t\t\t\t<div class=\"sow-icon-image\" style=\"background-image: url(https:\/\/lagrandeecoledesaffaires.com\/wp-content\/uploads\/2025\/11\/courage-manageriale.png); font-size: 400px\"><\/div>\n\t\t\t\t\t\t\t\t\t<\/a>\n\n\t\t\t<div class=\"textwidget\">\n\t\t\t\t\n\t\t\t\t\t\t\t\t\t<h5 class=\"sow-features-feature-title\">\n\t\t\t\t\t\t\t\t\t\t\t\t\t<a\n\t\t\t\t\t\t\t\thref=\"https:\/\/lagrandeecoledesaffaires.com\/index.php\/formation-courage-managerial\/\"\n\t\t\t\t\t\t\t\t\t\t\t\t\t\t\t>\n\t\t\t\t\t\t\tCourage manag\u00e9rial et leadership audacieux\t\t\t\t\t\t\t<\/a>\n\t\t\t\t\t\t\t\t\t\t\t\t<\/h5>\n\t\t\t\t\n\t\t\t\t\t\t\t\t\t<div class=\"sow-features-feature-text\">\n\t\t\t\t\t<p>Dans un environnement professionnel en constante acc\u00e9l\u00e9ration et incertitude, le courage manag\u00e9rial n'est plus une simple option, mais la comp\u00e9tence cl\u00e9 qui distingue les leaders capables de g\u00e9n\u00e9rer une croissance durable et de mobiliser leurs \u00e9quipes.<\/p>\n\t\t\t\t\t<\/div>\n\t\t\t\t\t\t\t\t<\/div>\n\t\t\t\t\t\t\t\t<\/li>\n\n\t\t\t<li\n\t\t\tclass=\"sow-features-feature sow-icon-container-position-top\"\n\t\t\tstyle=\"display: flex; flex-direction: column; width: calc(25% - 25px);\"\n\t\t>\n\t\t\t\n\t\t\t\t\t\t<a\t\t\t\tclass=\"sow-icon-container sow-container-round\"\n\t\t\t\tstyle=\"color: #e2edf9; \"\n\t\t\t\t\n\t\t\t\t\t\t\t\t\thref=\"https:\/\/lagrandeecoledesaffaires.com\/index.php\/formation-leadership-de-gestion-et-habiletes-de-direction\/\"\n\t\t\t\t\t\t\t\t>\n\t\t\t\t\t\t\t\t\t\t<div class=\"sow-icon-image\" style=\"background-image: url(https:\/\/lagrandeecoledesaffaires.com\/wp-content\/uploads\/2025\/11\/Leadership-de-gestion-emotionnelle-et-empathique-en-contexte-IA.png); font-size: 400px\"><\/div>\n\t\t\t\t\t\t\t\t\t<\/a>\n\n\t\t\t<div class=\"textwidget\">\n\t\t\t\t\n\t\t\t\t\t\t\t\t\t<h5 class=\"sow-features-feature-title\">\n\t\t\t\t\t\t\t\t\t\t\t\t\t<a\n\t\t\t\t\t\t\t\thref=\"https:\/\/lagrandeecoledesaffaires.com\/index.php\/formation-leadership-de-gestion-et-habiletes-de-direction\/\"\n\t\t\t\t\t\t\t\t\t\t\t\t\t\t\t>\n\t\t\t\t\t\t\tLeadership de gestion, \u00e9motionnelle et empathique en contexte IA\t\t\t\t\t\t\t<\/a>\n\t\t\t\t\t\t\t\t\t\t\t\t<\/h5>\n\t\t\t\t\n\t\t\t\t\t\t\t\t\t<div class=\"sow-features-feature-text\">\n\t\t\t\t\t<p>Dans un environnement professionnel en mutation rapide,\u00a0<b>amplifi\u00e9 par l'int\u00e9gration croissante de l'Intelligence Artificielle (IA)<\/b>, le leadership se doit d'\u00eatre plus que jamais strat\u00e9gique, courageux et profond\u00e9ment humain.<\/p>\n\t\t\t\t\t<\/div>\n\t\t\t\t\t\t\t\t<\/div>\n\t\t\t\t\t\t\t\t<\/li>\n\n\t\t\t<li\n\t\t\tclass=\"sow-features-feature sow-icon-container-position-top\"\n\t\t\tstyle=\"display: flex; flex-direction: column; width: calc(25% - 25px);\"\n\t\t>\n\t\t\t\n\t\t\t\t\t\t<a\t\t\t\tclass=\"sow-icon-container sow-container-round\"\n\t\t\t\tstyle=\"color: #e2edf9; \"\n\t\t\t\t\n\t\t\t\t\t\t\t\t\thref=\"https:\/\/lagrandeecoledesaffaires.com\/index.php\/la-maitrise-du-silence-vous-donne-il-un-pouvoir-sonne-en-vous-foncez-formation-interactive-web\/\"\n\t\t\t\t\t\t\t\t>\n\t\t\t\t\t\t\t\t\t\t<div class=\"sow-icon-image\" style=\"background-image: url(https:\/\/lagrandeecoledesaffaires.com\/wp-content\/uploads\/2025\/11\/Le-pouvoir-de-la-maitrise-du-silence.png); font-size: 400px\"><\/div>\n\t\t\t\t\t\t\t\t\t<\/a>\n\n\t\t\t<div class=\"textwidget\">\n\t\t\t\t\n\t\t\t\t\t\t\t\t\t<h5 class=\"sow-features-feature-title\">\n\t\t\t\t\t\t\t\t\t\t\t\t\t<a\n\t\t\t\t\t\t\t\thref=\"https:\/\/lagrandeecoledesaffaires.com\/index.php\/la-maitrise-du-silence-vous-donne-il-un-pouvoir-sonne-en-vous-foncez-formation-interactive-web\/\"\n\t\t\t\t\t\t\t\t\t\t\t\t\t\t\t>\n\t\t\t\t\t\t\tLe pouvoir de la ma\u00eetrise du silence\t\t\t\t\t\t\t<\/a>\n\t\t\t\t\t\t\t\t\t\t\t\t<\/h5>\n\t\t\t\t\n\t\t\t\t\t\t\t\t\t<div class=\"sow-features-feature-text\">\n\t\t\t\t\t<p>Elle s'adresse \u00e0 tous ceux qui souhaitent acqu\u00e9rir un\u00a0<b>pouvoir insoup\u00e7onn\u00e9 et durable<\/b>\u00a0dans leurs \u00e9changes professionnels et personnels<\/p>\n\t\t\t\t\t<\/div>\n\t\t\t\t\t\t\t\t<\/div>\n\t\t\t\t\t\t\t\t<\/li>\n\n\t<\/ul>\n<\/div><\/div><\/div><\/div><div id=\"pg-10037-1\"  class=\"panel-grid panel-has-style\" ><div class=\"siteorigin-panels-stretch panel-row-style panel-row-style-for-10037-1\" data-stretch-type=\"full-width-stretch\" ><div id=\"pgc-10037-1-0\"  class=\"panel-grid-cell panel-grid-cell-empty\" ><\/div><div id=\"pgc-10037-1-1\"  class=\"panel-grid-cell panel-grid-cell-mobile-last\" ><div id=\"panel-10037-1-1-0\" class=\"so-panel widget widget_sow-editor panel-first-child panel-last-child\" data-index=\"1\" ><div\n\t\t\t\n\t\t\tclass=\"so-widget-sow-editor so-widget-sow-editor-base\"\n\t\t\t\n\t\t>\n<div class=\"siteorigin-widget-tinymce textwidget\">\n\t<div style=\"text-align: center; border-radius: 50px 50px 0px 50px; background-color: #cb003a; padding: 35px 15px;\"><a style=\"color: #fff; font-size: 28px; display: block; text-decoration: none;\" href=\"https:\/\/lagrandeecoledesaffaires.com\/index.php\/formations-express\/\">Nouvelles formations EXPRESS !<br \/>\n<\/a><span style=\"color: #ffffff;\">Capsules de formations sont condens\u00e9es en 1h30 et adapt\u00e9es sp\u00e9cifiquement \u00e0 votre r\u00e9alit\u00e9 organisationnelle.<\/span><\/div>\n<\/div>\n<\/div><\/div><\/div><div id=\"pgc-10037-1-2\"  class=\"panel-grid-cell panel-grid-cell-empty\" ><\/div><\/div><\/div><\/div>","protected":false},"excerpt":{"rendered":"<p>Nouvelles formations EXPRESS ! Capsules de formations sont condens\u00e9es en 1h30 et adapt\u00e9es sp\u00e9cifiquement \u00e0 votre r\u00e9alit\u00e9 organisationnelle.<\/p>\n","protected":false},"author":1,"featured_media":0,"parent":0,"menu_order":0,"comment_status":"closed","ping_status":"closed","template":"","meta":{"neve_meta_sidebar":"","neve_meta_container":"","neve_meta_enable_content_width":"off","neve_meta_content_width":100,"neve_meta_title_alignment":"","neve_meta_author_avatar":"","neve_post_elements_order":"","neve_meta_disable_header":"","neve_meta_disable_footer":"","neve_meta_disable_title":"","footnotes":""},"class_list":["post-10037","page","type-page","status-publish","hentry"],"_links":{"self":[{"href":"https:\/\/lagrandeecoledesaffaires.com\/index.php\/wp-json\/wp\/v2\/pages\/10037","targetHints":{"allow":["GET"]}}],"collection":[{"href":"https:\/\/lagrandeecoledesaffaires.com\/index.php\/wp-json\/wp\/v2\/pages"}],"about":[{"href":"https:\/\/lagrandeecoledesaffaires.com\/index.php\/wp-json\/wp\/v2\/types\/page"}],"author":[{"embeddable":true,"href":"https:\/\/lagrandeecoledesaffaires.com\/index.php\/wp-json\/wp\/v2\/users\/1"}],"replies":[{"embeddable":true,"href":"https:\/\/lagrandeecoledesaffaires.com\/index.php\/wp-json\/wp\/v2\/comments?post=10037"}],"version-history":[{"count":17,"href":"https:\/\/lagrandeecoledesaffaires.com\/index.php\/wp-json\/wp\/v2\/pages\/10037\/revisions"}],"predecessor-version":[{"id":10388,"href":"https:\/\/lagrandeecoledesaffaires.com\/index.php\/wp-json\/wp\/v2\/pages\/10037\/revisions\/10388"}],"wp:attachment":[{"href":"https:\/\/lagrandeecoledesaffaires.com\/index.php\/wp-json\/wp\/v2\/media?parent=10037"}],"curies":[{"name":"wp","href":"https:\/\/api.w.org\/{rel}","templated":true}]}}