{"id":10035,"date":"2025-11-17T13:48:05","date_gmt":"2025-11-17T18:48:05","guid":{"rendered":"https:\/\/lagrandeecoledesaffaires.com\/?page_id=10035"},"modified":"2025-12-17T13:09:00","modified_gmt":"2025-12-17T18:09:00","slug":"formation-en-leadership","status":"publish","type":"page","link":"https:\/\/lagrandeecoledesaffaires.com\/index.php\/formation-en-leadership\/","title":{"rendered":"Formation en leadership"},"content":{"rendered":"<div id=\"pl-10035\"  class=\"panel-layout\" ><div id=\"pg-10035-0\"  class=\"panel-grid panel-no-style\" ><div id=\"pgc-10035-0-0\"  class=\"panel-grid-cell\" ><div id=\"panel-10035-0-0-0\" class=\"so-panel widget widget_sow-features panel-first-child panel-last-child\" data-index=\"0\" ><div\n\t\t\t\n\t\t\tclass=\"so-widget-sow-features so-widget-sow-features-default-e4ff8eb04809-10035\"\n\t\t\t\n\t\t><ul\n\tclass=\"sow-features-list\n\tsow-features-responsive\">\n\n\t\t\t<li\n\t\t\tclass=\"sow-features-feature sow-icon-container-position-top\"\n\t\t\tstyle=\"display: flex; flex-direction: column; width: calc(25% - 25px);\"\n\t\t>\n\t\t\t\n\t\t\t\t\t\t<a\t\t\t\tclass=\"sow-icon-container sow-container-round\"\n\t\t\t\tstyle=\"color: #e2edf9; \"\n\t\t\t\t\n\t\t\t\t\t\t\t\t\thref=\"https:\/\/lagrandeecoledesaffaires.com\/index.php\/formation-lart-de-negocier-strategies-de-negociation-atteignez-vos-objectifs-et-boostez-votre-carriere\/\"\n\t\t\t\t\t\t\t\t>\n\t\t\t\t\t\t\t\t\t\t<div class=\"sow-icon-image\" style=\"background-image: url(https:\/\/lagrandeecoledesaffaires.com\/wp-content\/uploads\/2025\/11\/art-de-negocier-impact.png); font-size: 400px\"><\/div>\n\t\t\t\t\t\t\t\t\t<\/a>\n\n\t\t\t<div class=\"textwidget\">\n\t\t\t\t\n\t\t\t\t\t\t\t\t\t<h5 class=\"sow-features-feature-title\">\n\t\t\t\t\t\t\t\t\t\t\t\t\t<a\n\t\t\t\t\t\t\t\thref=\"https:\/\/lagrandeecoledesaffaires.com\/index.php\/formation-lart-de-negocier-strategies-de-negociation-atteignez-vos-objectifs-et-boostez-votre-carriere\/\"\n\t\t\t\t\t\t\t\t\t\t\t\t\t\t\t>\n\t\t\t\t\t\t\tL\u2019Art de N\u00e9gocier \u2013 Ma\u00eetriser l\u2019Impact Strat\u00e9gique\t\t\t\t\t\t\t<\/a>\n\t\t\t\t\t\t\t\t\t\t\t\t<\/h5>\n\t\t\t\t\n\t\t\t\t\t\t\t\t\t<div class=\"sow-features-feature-text\">\n\t\t\t\t\t<p>Avez-vous pleinement mesur\u00e9 l\u2019impact de la\u00a0<b>n\u00e9gociation strat\u00e9gique<\/b>\u00a0sur la r\u00e9ussite de vos projets et votre \u00e9volution professionnelle? Que ce soit pour optimiser les co\u00fbts, respecter les d\u00e9lais ou solidifier les relations, chaque aspect est crucial. Ma\u00eetriser l'art de la n\u00e9gociation en entreprise, c\u2019est savoir g\u00e9rer proactivement les interactions complexes avec toutes les parties prenantes de votre environnement.<\/p>\n\t\t\t\t\t<\/div>\n\t\t\t\t\t\t\t\t<\/div>\n\t\t\t\t\t\t\t\t<\/li>\n\n\t\t\t<li\n\t\t\tclass=\"sow-features-feature sow-icon-container-position-top\"\n\t\t\tstyle=\"display: flex; flex-direction: column; width: calc(25% - 25px);\"\n\t\t>\n\t\t\t\n\t\t\t\t\t\t<a\t\t\t\tclass=\"sow-icon-container sow-container-round\"\n\t\t\t\tstyle=\"color: #e2edf9; \"\n\t\t\t\t\n\t\t\t\t\t\t\t\t\thref=\"https:\/\/lagrandeecoledesaffaires.com\/index.php\/la-retention-du-personnel-votre-defi-en-2019\/\"\n\t\t\t\t\t\t\t\t>\n\t\t\t\t\t\t\t\t\t\t<div class=\"sow-icon-image\" style=\"background-image: url(https:\/\/lagrandeecoledesaffaires.com\/wp-content\/uploads\/2025\/11\/retention.png); font-size: 400px\"><\/div>\n\t\t\t\t\t\t\t\t\t<\/a>\n\n\t\t\t<div class=\"textwidget\">\n\t\t\t\t\n\t\t\t\t\t\t\t\t\t<h5 class=\"sow-features-feature-title\">\n\t\t\t\t\t\t\t\t\t\t\t\t\t<a\n\t\t\t\t\t\t\t\thref=\"https:\/\/lagrandeecoledesaffaires.com\/index.php\/la-retention-du-personnel-votre-defi-en-2019\/\"\n\t\t\t\t\t\t\t\t\t\t\t\t\t\t\t>\n\t\t\t\t\t\t\tLa R\u00e9tention du Personnel, tout un d\u00e9fi.\t\t\t\t\t\t\t<\/a>\n\t\t\t\t\t\t\t\t\t\t\t\t<\/h5>\n\t\t\t\t\n\t\t\t\t\t\t\t\t\t<div class=\"sow-features-feature-text\">\n\t\t\t\t\t<p>La r\u00e9tention du personnel est le grand d\u00e9fi des organisations. Les attitudes qui auparavant se voulaient tr\u00e8s autocratique doivent passer en mode coop\u00e9ratif. C\u2019est une question de survie. Vos employ\u00e9s ont il r\u00e9ellement l\u2019attitude client coll\u00e8gues?<\/p>\n\t\t\t\t\t<\/div>\n\t\t\t\t\t\t\t\t<\/div>\n\t\t\t\t\t\t\t\t<\/li>\n\n\t\t\t<li\n\t\t\tclass=\"sow-features-feature sow-icon-container-position-top\"\n\t\t\tstyle=\"display: flex; flex-direction: column; width: calc(25% - 25px);\"\n\t\t>\n\t\t\t\n\t\t\t\t\t\t<a\t\t\t\tclass=\"sow-icon-container sow-container-round\"\n\t\t\t\tstyle=\"color: #e2edf9; \"\n\t\t\t\t\n\t\t\t\t\t\t\t\t\thref=\"https:\/\/lagrandeecoledesaffaires.com\/index.php\/formation-en-negociation-art-de-negocier-1\/\"\n\t\t\t\t\t\t\t\t>\n\t\t\t\t\t\t\t\t\t\t<div class=\"sow-icon-image\" style=\"background-image: url(https:\/\/lagrandeecoledesaffaires.com\/wp-content\/uploads\/2025\/11\/art-negocier-1.png); font-size: 400px\"><\/div>\n\t\t\t\t\t\t\t\t\t<\/a>\n\n\t\t\t<div class=\"textwidget\">\n\t\t\t\t\n\t\t\t\t\t\t\t\t\t<h5 class=\"sow-features-feature-title\">\n\t\t\t\t\t\t\t\t\t\t\t\t\t<a\n\t\t\t\t\t\t\t\thref=\"https:\/\/lagrandeecoledesaffaires.com\/index.php\/formation-en-negociation-art-de-negocier-1\/\"\n\t\t\t\t\t\t\t\t\t\t\t\t\t\t\t>\n\t\t\t\t\t\t\tL\u2019Art de N\u00e9gocier \u2014 Strat\u00e9gies de N\u00e9gociation\t\t\t\t\t\t\t<\/a>\n\t\t\t\t\t\t\t\t\t\t\t\t<\/h5>\n\t\t\t\t\n\t\t\t\t\t\t\t\t\t<div class=\"sow-features-feature-text\">\n\t\t\t\t\t<p>Mesurez-vous r\u00e9ellement l'impact de la n\u00e9gociation strat\u00e9gique sur la r\u00e9ussite de vos projets et votre \u00e9volution professionnelle?\u00a0Dans le monde des affaires actuel, chaque interaction est une opportunit\u00e9. Ma\u00eetriser l\u2019art de la n\u00e9gociation, c\u2019est influencer positivement les co\u00fbts, les d\u00e9lais et la qualit\u00e9 des relations avec toutes les parties prenantes.<\/p>\n\t\t\t\t\t<\/div>\n\t\t\t\t\t\t\t\t<\/div>\n\t\t\t\t\t\t\t\t<\/li>\n\n\t\t\t<li\n\t\t\tclass=\"sow-features-feature sow-icon-container-position-top\"\n\t\t\tstyle=\"display: flex; flex-direction: column; width: calc(25% - 25px);\"\n\t\t>\n\t\t\t\n\t\t\t\t\t\t<a\t\t\t\tclass=\"sow-icon-container sow-container-round\"\n\t\t\t\tstyle=\"color: #e2edf9; \"\n\t\t\t\t\n\t\t\t\t\t\t\t\t\thref=\"https:\/\/lagrandeecoledesaffaires.com\/index.php\/la-maitrise-du-silence-vous-donne-il-un-pouvoir-sonne-en-vous-foncez-formation-interactive-web\/\"\n\t\t\t\t\t\t\t\t>\n\t\t\t\t\t\t\t\t\t\t<div class=\"sow-icon-image\" style=\"background-image: url(https:\/\/lagrandeecoledesaffaires.com\/wp-content\/uploads\/2025\/11\/Le-pouvoir-de-la-maitrise-du-silence.png); font-size: 400px\"><\/div>\n\t\t\t\t\t\t\t\t\t<\/a>\n\n\t\t\t<div class=\"textwidget\">\n\t\t\t\t\n\t\t\t\t\t\t\t\t\t<h5 class=\"sow-features-feature-title\">\n\t\t\t\t\t\t\t\t\t\t\t\t\t<a\n\t\t\t\t\t\t\t\thref=\"https:\/\/lagrandeecoledesaffaires.com\/index.php\/la-maitrise-du-silence-vous-donne-il-un-pouvoir-sonne-en-vous-foncez-formation-interactive-web\/\"\n\t\t\t\t\t\t\t\t\t\t\t\t\t\t\t>\n\t\t\t\t\t\t\tLe pouvoir de la ma\u00eetrise du silence\t\t\t\t\t\t\t<\/a>\n\t\t\t\t\t\t\t\t\t\t\t\t<\/h5>\n\t\t\t\t\n\t\t\t\t\t\t\t\t\t<div class=\"sow-features-feature-text\">\n\t\t\t\t\t<p>Elle s'adresse \u00e0 tous ceux qui souhaitent acqu\u00e9rir un\u00a0<b>pouvoir insoup\u00e7onn\u00e9 et durable<\/b>\u00a0dans leurs \u00e9changes professionnels et personnels<\/p>\n\t\t\t\t\t<\/div>\n\t\t\t\t\t\t\t\t<\/div>\n\t\t\t\t\t\t\t\t<\/li>\n\n\t\t\t<li\n\t\t\tclass=\"sow-features-feature sow-icon-container-position-top\"\n\t\t\tstyle=\"display: flex; flex-direction: column; width: calc(25% - 25px);\"\n\t\t>\n\t\t\t\n\t\t\t\t\t\t<a\t\t\t\tclass=\"sow-icon-container sow-container-round\"\n\t\t\t\tstyle=\"color: #e2edf9; \"\n\t\t\t\t\n\t\t\t\t\t\t\t\t\thref=\"https:\/\/lagrandeecoledesaffaires.com\/index.php\/certification-negociation-strategique\/\"\n\t\t\t\t\t\t\t\t>\n\t\t\t\t\t\t\t\t\t\t<div class=\"sow-icon-image\" style=\"background-image: url(https:\/\/lagrandeecoledesaffaires.com\/wp-content\/uploads\/2025\/11\/management.png); font-size: 400px\"><\/div>\n\t\t\t\t\t\t\t\t\t<\/a>\n\n\t\t\t<div class=\"textwidget\">\n\t\t\t\t\n\t\t\t\t\t\t\t\t\t<h5 class=\"sow-features-feature-title\">\n\t\t\t\t\t\t\t\t\t\t\t\t\t<a\n\t\t\t\t\t\t\t\thref=\"https:\/\/lagrandeecoledesaffaires.com\/index.php\/certification-negociation-strategique\/\"\n\t\t\t\t\t\t\t\t\t\t\t\t\t\t\t>\n\t\t\t\t\t\t\tCertification en leadership et management\t\t\t\t\t\t\t<\/a>\n\t\t\t\t\t\t\t\t\t\t\t\t<\/h5>\n\t\t\t\t\n\t\t\t\t\t\t\t\t\t<div class=\"sow-features-feature-text\">\n\t\t\t\t\t<p>Propulsez votre carri\u00e8re et affirmez votre leadership avec une formation reconnue et ax\u00e9e sur la pratique. \u00a0Reconnu par Emploi Qu\u00e9bec et la majorit\u00e9 des Ordres et Associations professionnels, vous permettant d'obtenir 36 Unit\u00e9s de Formation Continue (UFC)<\/p>\n\t\t\t\t\t<\/div>\n\t\t\t\t\t\t\t\t<\/div>\n\t\t\t\t\t\t\t\t<\/li>\n\n\t\t\t<li\n\t\t\tclass=\"sow-features-feature sow-icon-container-position-top\"\n\t\t\tstyle=\"display: flex; flex-direction: column; width: calc(25% - 25px);\"\n\t\t>\n\t\t\t\n\t\t\t\t\t\t<a\t\t\t\tclass=\"sow-icon-container sow-container-round\"\n\t\t\t\tstyle=\"color: #e2edf9; \"\n\t\t\t\t\n\t\t\t\t\t\t\t\t\thref=\"https:\/\/lagrandeecoledesaffaires.com\/index.php\/certificat-en-negociation-strategique\/\"\n\t\t\t\t\t\t\t\t>\n\t\t\t\t\t\t\t\t\t\t<div class=\"sow-icon-image\" style=\"background-image: url(https:\/\/lagrandeecoledesaffaires.com\/wp-content\/uploads\/2025\/11\/Nego-strategique.png); font-size: 400px\"><\/div>\n\t\t\t\t\t\t\t\t\t<\/a>\n\n\t\t\t<div class=\"textwidget\">\n\t\t\t\t\n\t\t\t\t\t\t\t\t\t<h5 class=\"sow-features-feature-title\">\n\t\t\t\t\t\t\t\t\t\t\t\t\t<a\n\t\t\t\t\t\t\t\thref=\"https:\/\/lagrandeecoledesaffaires.com\/index.php\/certificat-en-negociation-strategique\/\"\n\t\t\t\t\t\t\t\t\t\t\t\t\t\t\t>\n\t\t\t\t\t\t\tCertification en N\u00e9gociation Strat\u00e9gique\t\t\t\t\t\t\t<\/a>\n\t\t\t\t\t\t\t\t\t\t\t\t<\/h5>\n\t\t\t\t\n\t\t\t\t\t\t\t\t\t<div class=\"sow-features-feature-text\">\n\t\t\t\t\t<p>Ce\u00a0<b>Certificat en N\u00e9gociation Strat\u00e9gique<\/b>\u00a0est con\u00e7u pour propulser votre carri\u00e8re, bonifier votre CV, et augmenter vos revenus en d\u00e9veloppant des comp\u00e9tences de n\u00e9gociation tr\u00e8s recherch\u00e9es.<\/p>\n\t\t\t\t\t<\/div>\n\t\t\t\t\t\t\t\t<\/div>\n\t\t\t\t\t\t\t\t<\/li>\n\n\t<\/ul>\n<\/div><\/div><\/div><\/div><div id=\"pg-10035-1\"  class=\"panel-grid panel-has-style\" ><div class=\"siteorigin-panels-stretch panel-row-style panel-row-style-for-10035-1\" data-stretch-type=\"full-width-stretch\" ><div id=\"pgc-10035-1-0\"  class=\"panel-grid-cell panel-grid-cell-empty\" ><\/div><div id=\"pgc-10035-1-1\"  class=\"panel-grid-cell panel-grid-cell-mobile-last\" ><div id=\"panel-10035-1-1-0\" class=\"so-panel widget widget_sow-editor panel-first-child panel-last-child\" data-index=\"1\" ><div\n\t\t\t\n\t\t\tclass=\"so-widget-sow-editor so-widget-sow-editor-base\"\n\t\t\t\n\t\t>\n<div class=\"siteorigin-widget-tinymce textwidget\">\n\t<div style=\"text-align: center; border-radius: 50px 50px 0px 50px; background-color: #cb003a; padding: 35px 15px;\"><a style=\"color: #fff; font-size: 28px; display: block; text-decoration: none;\" href=\"https:\/\/lagrandeecoledesaffaires.com\/index.php\/formations-express\/\">Nouvelles formations EXPRESS !<br \/>\n<\/a><span style=\"color: #ffffff;\">Capsules de formations sont condens\u00e9es en 1h30 et adapt\u00e9es sp\u00e9cifiquement \u00e0 votre r\u00e9alit\u00e9 organisationnelle.<\/span><\/div>\n<\/div>\n<\/div><\/div><\/div><div id=\"pgc-10035-1-2\"  class=\"panel-grid-cell panel-grid-cell-empty\" ><\/div><\/div><\/div><\/div>","protected":false},"excerpt":{"rendered":"<p>Nouvelles formations EXPRESS ! Capsules de formations sont condens\u00e9es en 1h30 et adapt\u00e9es sp\u00e9cifiquement \u00e0 votre r\u00e9alit\u00e9 organisationnelle.<\/p>\n","protected":false},"author":1,"featured_media":0,"parent":0,"menu_order":0,"comment_status":"closed","ping_status":"closed","template":"","meta":{"neve_meta_sidebar":"","neve_meta_container":"","neve_meta_enable_content_width":"off","neve_meta_content_width":100,"neve_meta_title_alignment":"","neve_meta_author_avatar":"","neve_post_elements_order":"","neve_meta_disable_header":"","neve_meta_disable_footer":"","neve_meta_disable_title":"","footnotes":""},"class_list":["post-10035","page","type-page","status-publish","hentry"],"_links":{"self":[{"href":"https:\/\/lagrandeecoledesaffaires.com\/index.php\/wp-json\/wp\/v2\/pages\/10035","targetHints":{"allow":["GET"]}}],"collection":[{"href":"https:\/\/lagrandeecoledesaffaires.com\/index.php\/wp-json\/wp\/v2\/pages"}],"about":[{"href":"https:\/\/lagrandeecoledesaffaires.com\/index.php\/wp-json\/wp\/v2\/types\/page"}],"author":[{"embeddable":true,"href":"https:\/\/lagrandeecoledesaffaires.com\/index.php\/wp-json\/wp\/v2\/users\/1"}],"replies":[{"embeddable":true,"href":"https:\/\/lagrandeecoledesaffaires.com\/index.php\/wp-json\/wp\/v2\/comments?post=10035"}],"version-history":[{"count":12,"href":"https:\/\/lagrandeecoledesaffaires.com\/index.php\/wp-json\/wp\/v2\/pages\/10035\/revisions"}],"predecessor-version":[{"id":10381,"href":"https:\/\/lagrandeecoledesaffaires.com\/index.php\/wp-json\/wp\/v2\/pages\/10035\/revisions\/10381"}],"wp:attachment":[{"href":"https:\/\/lagrandeecoledesaffaires.com\/index.php\/wp-json\/wp\/v2\/media?parent=10035"}],"curies":[{"name":"wp","href":"https:\/\/api.w.org\/{rel}","templated":true}]}}